{"id":92,"date":"2022-07-25T13:18:46","date_gmt":"2022-07-25T16:18:46","guid":{"rendered":"https:\/\/santacasasls.com.br\/site\/\/?page_id=92"},"modified":"2022-08-24T10:37:33","modified_gmt":"2022-08-24T13:37:33","slug":"pronto-socorro","status":"publish","type":"page","link":"https:\/\/santacasasls.com.br\/site\/pronto-socorro\/","title":{"rendered":"Pronto Socorro"},"content":{"rendered":"\n<figure class=\"wp-block-gallery has-nested-images columns-default is-cropped wp-block-gallery-1 is-layout-flex wp-block-gallery-is-layout-flex\">\n<figure class=\"wp-block-image size-large\"><a href=\"https:\/\/santacasasls.com.br\/site\/wp-content\/uploads\/2022\/08\/Sala-de-Emergencia-scaled.jpg\"><img fetchpriority=\"high\" decoding=\"async\" width=\"1024\" height=\"685\" data-id=\"310\" src=\"https:\/\/santacasasls.com.br\/site\/wp-content\/uploads\/2022\/08\/Sala-de-Emergencia-1024x685.jpg\" alt=\"\" class=\"wp-image-310\" srcset=\"https:\/\/santacasasls.com.br\/site\/wp-content\/uploads\/2022\/08\/Sala-de-Emergencia-1024x685.jpg 1024w, https:\/\/santacasasls.com.br\/site\/wp-content\/uploads\/2022\/08\/Sala-de-Emergencia-300x201.jpg 300w, https:\/\/santacasasls.com.br\/site\/wp-content\/uploads\/2022\/08\/Sala-de-Emergencia-768x513.jpg 768w, https:\/\/santacasasls.com.br\/site\/wp-content\/uploads\/2022\/08\/Sala-de-Emergencia-1536x1027.jpg 1536w, https:\/\/santacasasls.com.br\/site\/wp-content\/uploads\/2022\/08\/Sala-de-Emergencia-2048x1369.jpg 2048w\" sizes=\"(max-width: 1024px) 100vw, 1024px\" \/><\/a><figcaption>Sala de Emerg\u00eancia<\/figcaption><\/figure>\n\n\n\n<figure class=\"wp-block-image size-large\"><a href=\"https:\/\/santacasasls.com.br\/site\/wp-content\/uploads\/2022\/08\/Pronto-Socorro-scaled.jpg\"><img decoding=\"async\" width=\"1024\" height=\"685\" data-id=\"309\" src=\"https:\/\/santacasasls.com.br\/site\/wp-content\/uploads\/2022\/08\/Pronto-Socorro-1024x685.jpg\" alt=\"\" class=\"wp-image-309\" srcset=\"https:\/\/santacasasls.com.br\/site\/wp-content\/uploads\/2022\/08\/Pronto-Socorro-1024x685.jpg 1024w, https:\/\/santacasasls.com.br\/site\/wp-content\/uploads\/2022\/08\/Pronto-Socorro-300x201.jpg 300w, https:\/\/santacasasls.com.br\/site\/wp-content\/uploads\/2022\/08\/Pronto-Socorro-768x513.jpg 768w, https:\/\/santacasasls.com.br\/site\/wp-content\/uploads\/2022\/08\/Pronto-Socorro-1536x1027.jpg 1536w, https:\/\/santacasasls.com.br\/site\/wp-content\/uploads\/2022\/08\/Pronto-Socorro-2048x1369.jpg 2048w\" sizes=\"(max-width: 1024px) 100vw, 1024px\" \/><\/a><figcaption>Pronto Socorro<\/figcaption><\/figure>\n<\/figure>\n\n\n\n<p>Inaugurado em 15 de agosto de 2008 o Pronto Socorro da Santa Casa de Miseric\u00f3rdia de S\u00e3o Louren\u00e7o do Sul, conta hoje com uma estrutura completa, que atende as exig\u00eancias do Governo Federal para o atendimento de Urg\u00eancia e Emerg\u00eancia como Porta de Entrada SAMU, com suporte nas especialidades m\u00e9dicas como pediatria, obstetr\u00edcia, anestesiologia, cirurgia geral, no car\u00e1ter de sobre aviso, e traumatologia\/ortopedia duas vezes na semana.<\/p>\n","protected":false},"excerpt":{"rendered":"<p>Inaugurado em 15 de agosto de 2008 o Pronto Socorro da Santa Casa de Miseric\u00f3rdia de S\u00e3o Louren\u00e7o do Sul, conta hoje com uma estrutura completa, que atende as exig\u00eancias do Governo Federal para o atendimento de Urg\u00eancia e Emerg\u00eancia como Porta de Entrada SAMU, com suporte nas especialidades m\u00e9dicas como pediatria, obstetr\u00edcia, anestesiologia, cirurgia [&hellip;]<\/p>\n","protected":false},"author":1,"featured_media":0,"parent":0,"menu_order":0,"comment_status":"closed","ping_status":"closed","template":"","meta":{"_acf_changed":false,"footnotes":""},"class_list":["post-92","page","type-page","status-publish","hentry"],"acf":[],"_links":{"self":[{"href":"https:\/\/santacasasls.com.br\/site\/wp-json\/wp\/v2\/pages\/92","targetHints":{"allow":["GET"]}}],"collection":[{"href":"https:\/\/santacasasls.com.br\/site\/wp-json\/wp\/v2\/pages"}],"about":[{"href":"https:\/\/santacasasls.com.br\/site\/wp-json\/wp\/v2\/types\/page"}],"author":[{"embeddable":true,"href":"https:\/\/santacasasls.com.br\/site\/wp-json\/wp\/v2\/users\/1"}],"replies":[{"embeddable":true,"href":"https:\/\/santacasasls.com.br\/site\/wp-json\/wp\/v2\/comments?post=92"}],"version-history":[{"count":3,"href":"https:\/\/santacasasls.com.br\/site\/wp-json\/wp\/v2\/pages\/92\/revisions"}],"predecessor-version":[{"id":320,"href":"https:\/\/santacasasls.com.br\/site\/wp-json\/wp\/v2\/pages\/92\/revisions\/320"}],"wp:attachment":[{"href":"https:\/\/santacasasls.com.br\/site\/wp-json\/wp\/v2\/media?parent=92"}],"curies":[{"name":"wp","href":"https:\/\/api.w.org\/{rel}","templated":true}]}}