{"id":90,"date":"2022-07-25T13:18:02","date_gmt":"2022-07-25T16:18:02","guid":{"rendered":"https:\/\/santacasasls.com.br\/site\/\/?page_id=90"},"modified":"2022-07-25T13:18:02","modified_gmt":"2022-07-25T16:18:02","slug":"orientacoes-para-seu-periodo-de-atendimento-internacao","status":"publish","type":"page","link":"https:\/\/santacasasls.com.br\/site\/orientacoes-para-seu-periodo-de-atendimento-internacao\/","title":{"rendered":"Orienta\u00e7\u00f5es Para Seu Per\u00edodo de Atendimento-Interna\u00e7\u00e3o"},"content":{"rendered":"\n<p>Para garantir a seguran\u00e7a e o bem estar do paciente \u00e9 preciso seguir algumas normas importantes durante o per\u00edodo de Interna\u00e7\u00e3o.<a><\/a><\/p>\n\n\n\n<p><strong>\u00c9 OBRIGAT\u00d3RIO O USO DE M\u00c1SCARA DO PACIENTE E DO ACOMPANHANTE NAS DEPEND\u00caNCIAS DO HOSPITAL.<\/strong><\/p>\n\n\n\n<p><strong>Trocas de acompanhantes: <\/strong>devem ser feitas na rampa de segunda a sexta feira, aos s\u00e1bados, domingos e feriados na Recep\u00e7\u00e3o do PS sempre sob a supervis\u00e3o do porteiro. Os hor\u00e1rios de <strong>troca de acompanhante<\/strong> est\u00e3o sujeitos a mudan\u00e7a, por essa raz\u00e3o em caso de duvidas se informe com o porteiro.<\/p>\n\n\n\n<figure class=\"wp-block-table\"><table><tbody><tr><td><strong>&nbsp;<\/strong> <strong>Hor\u00e1rios<\/strong><\/td><td>07:30 as 08:30 <br>13:30 as 14:30 para particular e convenio <br>18:00 as 19:00<\/td><\/tr><\/tbody><\/table><\/figure>\n\n\n\n<ul class=\"wp-block-list\"><li>As <strong>Visitas Espirituais<\/strong> todos os dias, somente no hor\u00e1rio das 14:30 as 15:30 <strong>(suspensa por tempo indefinido).<\/strong><\/li><li>Para proteger a privacidade do paciente e da equipe, n\u00e3o ser\u00e3o permitidas fotos ou filmagens dentro do ambiente hospitalar;<\/li><li>\u00c9 proibido fumar nas depend\u00eancias do hospital;<\/li><li>\u00c9 proibido chimarr\u00e3o\/mate ou qualquer outra bebida\/alimenta\u00e7\u00e3o compartilhada dentro do hospital, assim como uso de rabo quente e jarra el\u00e9trica<\/li><li>Lave as m\u00e3os ou utilize \u00e1lcool gel antes de chegar ao leito do paciente e ap\u00f3s sair do quarto;<\/li><li>Caso necessite de Declara\u00e7\u00e3o de Interna\u00e7\u00e3o (paciente) entre em contato com o Setor de Interna\u00e7\u00e3o. A declara\u00e7\u00e3o s\u00f3 ser\u00e1 fornecida ao respons\u00e1vel que consta no cadastro de interna\u00e7\u00e3o;<\/li><li>Se sua interna\u00e7\u00e3o \u00e9 de car\u00e1ter Particular, aguarde no leito at\u00e9 que a conta hospitalar esteja conferida. <strong>Avisaremos quando a mesma estiver pronta<\/strong>.<\/li><\/ul>\n\n\n\n<ul class=\"wp-block-list\"><li>Caso sua alta hospitalar, aconte\u00e7a depois das 17h30min, aos s\u00e1bados, domingos ou feriados, ser\u00e1 feito um fechamento parcial referente as despesas da conta hospitalar do paciente, e entraremos em contato para o acerto final no pr\u00f3ximo dia \u00fatil subsequente.<\/li><\/ul>\n","protected":false},"excerpt":{"rendered":"<p>Para garantir a seguran\u00e7a e o bem estar do paciente \u00e9 preciso seguir algumas normas importantes durante o per\u00edodo de Interna\u00e7\u00e3o. \u00c9 OBRIGAT\u00d3RIO O USO DE M\u00c1SCARA DO PACIENTE E DO ACOMPANHANTE NAS DEPEND\u00caNCIAS DO HOSPITAL. Trocas de acompanhantes: devem ser feitas na rampa de segunda a sexta feira, aos s\u00e1bados, domingos e feriados na [&hellip;]<\/p>\n","protected":false},"author":1,"featured_media":0,"parent":0,"menu_order":0,"comment_status":"closed","ping_status":"closed","template":"","meta":{"_acf_changed":false,"footnotes":""},"class_list":["post-90","page","type-page","status-publish","hentry"],"acf":[],"_links":{"self":[{"href":"https:\/\/santacasasls.com.br\/site\/wp-json\/wp\/v2\/pages\/90","targetHints":{"allow":["GET"]}}],"collection":[{"href":"https:\/\/santacasasls.com.br\/site\/wp-json\/wp\/v2\/pages"}],"about":[{"href":"https:\/\/santacasasls.com.br\/site\/wp-json\/wp\/v2\/types\/page"}],"author":[{"embeddable":true,"href":"https:\/\/santacasasls.com.br\/site\/wp-json\/wp\/v2\/users\/1"}],"replies":[{"embeddable":true,"href":"https:\/\/santacasasls.com.br\/site\/wp-json\/wp\/v2\/comments?post=90"}],"version-history":[{"count":1,"href":"https:\/\/santacasasls.com.br\/site\/wp-json\/wp\/v2\/pages\/90\/revisions"}],"predecessor-version":[{"id":91,"href":"https:\/\/santacasasls.com.br\/site\/wp-json\/wp\/v2\/pages\/90\/revisions\/91"}],"wp:attachment":[{"href":"https:\/\/santacasasls.com.br\/site\/wp-json\/wp\/v2\/media?parent=90"}],"curies":[{"name":"wp","href":"https:\/\/api.w.org\/{rel}","templated":true}]}}