{"id":88,"date":"2022-07-25T13:16:46","date_gmt":"2022-07-25T16:16:46","guid":{"rendered":"https:\/\/santacasasls.com.br\/site\/\/?page_id=88"},"modified":"2022-08-24T10:40:28","modified_gmt":"2022-08-24T13:40:28","slug":"hospital-verde","status":"publish","type":"page","link":"https:\/\/santacasasls.com.br\/site\/hospital-verde\/","title":{"rendered":"Hospital Verde"},"content":{"rendered":"\n<figure class=\"wp-block-gallery has-nested-images columns-default is-cropped wp-block-gallery-1 is-layout-flex wp-block-gallery-is-layout-flex\">\n<figure class=\"wp-block-image size-full\"><a href=\"https:\/\/santacasasls.com.br\/site\/wp-content\/uploads\/2022\/08\/Hospital-Verde-1.jpeg\"><img fetchpriority=\"high\" decoding=\"async\" width=\"720\" height=\"959\" data-id=\"301\" src=\"https:\/\/santacasasls.com.br\/site\/wp-content\/uploads\/2022\/08\/Hospital-Verde-1.jpeg\" alt=\"\" class=\"wp-image-301\" srcset=\"https:\/\/santacasasls.com.br\/site\/wp-content\/uploads\/2022\/08\/Hospital-Verde-1.jpeg 720w, https:\/\/santacasasls.com.br\/site\/wp-content\/uploads\/2022\/08\/Hospital-Verde-1-225x300.jpeg 225w\" sizes=\"(max-width: 720px) 100vw, 720px\" \/><\/a><\/figure>\n\n\n\n<figure class=\"wp-block-image size-large\"><a href=\"https:\/\/santacasasls.com.br\/site\/wp-content\/uploads\/2022\/08\/Oleo-Sustentavel-Hospital-Verde-1.jpg\"><img decoding=\"async\" width=\"768\" height=\"1024\" data-id=\"302\" src=\"https:\/\/santacasasls.com.br\/site\/wp-content\/uploads\/2022\/08\/Oleo-Sustentavel-Hospital-Verde-1-768x1024.jpg\" alt=\"\" class=\"wp-image-302\" srcset=\"https:\/\/santacasasls.com.br\/site\/wp-content\/uploads\/2022\/08\/Oleo-Sustentavel-Hospital-Verde-1-768x1024.jpg 768w, https:\/\/santacasasls.com.br\/site\/wp-content\/uploads\/2022\/08\/Oleo-Sustentavel-Hospital-Verde-1-225x300.jpg 225w, https:\/\/santacasasls.com.br\/site\/wp-content\/uploads\/2022\/08\/Oleo-Sustentavel-Hospital-Verde-1.jpg 960w\" sizes=\"(max-width: 768px) 100vw, 768px\" \/><\/a><\/figure>\n<\/figure>\n\n\n\n<p>H\u00e1 anos o setor de servi\u00e7os tem sido muito cobrado no quesito gest\u00e3o ambiental, sobretudo os hospitais. Em detrimento da quantidade de \u00e1gua e energia el\u00e9trica necess\u00e1ria para o abastecimento desses locais em conjunto com a gera\u00e7\u00e3o de res\u00edduos e materiais em grande escala, a rede hospitalar tornou-se um desafio para a eco efici\u00eancia.<\/p>\n\n\n\n<p>A Santa Casa de Miseric\u00f3rdia de S\u00e3o Louren\u00e7o do Sul, conhecedora da situa\u00e7\u00e3o degradante do ecossistema em consequ\u00eancia da polui\u00e7\u00e3o do nosso meio ambiente, outorgou a cria\u00e7\u00e3o do Projeto Hospital Verde em janeiro de 2019 a fim de impelir a sustentabilidade no meio hospitalar atrav\u00e9s da implementa\u00e7\u00e3o de medidas que tencionam o desenvolvimento sustent\u00e1vel, preserva\u00e7\u00e3o do meio ambiente e redu\u00e7\u00e3o de custos. A Santa Casa de Miseric\u00f3rdia de S\u00e3o Louren\u00e7o do Sul, atrav\u00e9s da inser\u00e7\u00e3o do Projeto Hospital Verde, pode hoje fruir do sucesso das promo\u00e7\u00f5es sustent\u00e1veis adotadas na institui\u00e7\u00e3o nos \u00faltimos anos al\u00e9m de promover uma pol\u00edtica sustent\u00e1vel que abrange n\u00e3o somente os colaboradores, mas tamb\u00e9m toda a comunidade. O projeto impacta diretamente na responsabilidade social, principalmente no tocante \u00e0s pr\u00e1ticas ambientais de cada cidad\u00e3o. Por interm\u00e9dio das campanhas educativas prova-se que o setor de servi\u00e7os tamb\u00e9m pode promover a eco efici\u00eancia desde que operando fervorosamente para que assim obtenha os resultados. Ademais, ainda resta muito a ser aperfei\u00e7oado e tamb\u00e9m a ser acrescentado no Projeto Hospital Verde. Como uma jovem promessa, a a\u00e7\u00e3o segue buscando solu\u00e7\u00f5es para diversos desafios encontrados na \u00e1rea hospitalar, constantemente estudando e implementando novas t\u00e9cnicas, para que assim se perpetue o h\u00e1bito da gest\u00e3o ambiental hospitalar como forma de investimento, tanto financeiro quanto social.<\/p>\n","protected":false},"excerpt":{"rendered":"<p>H\u00e1 anos o setor de servi\u00e7os tem sido muito cobrado no quesito gest\u00e3o ambiental, sobretudo os hospitais. Em detrimento da quantidade de \u00e1gua e energia el\u00e9trica necess\u00e1ria para o abastecimento desses locais em conjunto com a gera\u00e7\u00e3o de res\u00edduos e materiais em grande escala, a rede hospitalar tornou-se um desafio para a eco efici\u00eancia. A [&hellip;]<\/p>\n","protected":false},"author":1,"featured_media":0,"parent":0,"menu_order":0,"comment_status":"closed","ping_status":"closed","template":"","meta":{"_acf_changed":false,"footnotes":""},"class_list":["post-88","page","type-page","status-publish","hentry"],"acf":[],"_links":{"self":[{"href":"https:\/\/santacasasls.com.br\/site\/wp-json\/wp\/v2\/pages\/88","targetHints":{"allow":["GET"]}}],"collection":[{"href":"https:\/\/santacasasls.com.br\/site\/wp-json\/wp\/v2\/pages"}],"about":[{"href":"https:\/\/santacasasls.com.br\/site\/wp-json\/wp\/v2\/types\/page"}],"author":[{"embeddable":true,"href":"https:\/\/santacasasls.com.br\/site\/wp-json\/wp\/v2\/users\/1"}],"replies":[{"embeddable":true,"href":"https:\/\/santacasasls.com.br\/site\/wp-json\/wp\/v2\/comments?post=88"}],"version-history":[{"count":6,"href":"https:\/\/santacasasls.com.br\/site\/wp-json\/wp\/v2\/pages\/88\/revisions"}],"predecessor-version":[{"id":326,"href":"https:\/\/santacasasls.com.br\/site\/wp-json\/wp\/v2\/pages\/88\/revisions\/326"}],"wp:attachment":[{"href":"https:\/\/santacasasls.com.br\/site\/wp-json\/wp\/v2\/media?parent=88"}],"curies":[{"name":"wp","href":"https:\/\/api.w.org\/{rel}","templated":true}]}}