{"id":79,"date":"2022-07-25T13:11:30","date_gmt":"2022-07-25T16:11:30","guid":{"rendered":"https:\/\/santacasasls.com.br\/site\/\/?page_id=79"},"modified":"2022-09-09T10:14:31","modified_gmt":"2022-09-09T13:14:31","slug":"centro-de-imagem","status":"publish","type":"page","link":"https:\/\/santacasasls.com.br\/site\/centro-de-imagem\/","title":{"rendered":"Centro de Imagem"},"content":{"rendered":"\n<figure class=\"wp-block-gallery has-nested-images columns-default is-cropped wp-block-gallery-1 is-layout-flex wp-block-gallery-is-layout-flex\">\n<figure class=\"wp-block-image size-large\"><a href=\"https:\/\/santacasasls.com.br\/site\/wp-content\/uploads\/2022\/08\/Mamografia-scaled.jpg\"><img fetchpriority=\"high\" decoding=\"async\" width=\"1024\" height=\"685\" data-id=\"293\" src=\"https:\/\/santacasasls.com.br\/site\/wp-content\/uploads\/2022\/08\/Mamografia-1024x685.jpg\" alt=\"\" class=\"wp-image-293\" srcset=\"https:\/\/santacasasls.com.br\/site\/wp-content\/uploads\/2022\/08\/Mamografia-1024x685.jpg 1024w, https:\/\/santacasasls.com.br\/site\/wp-content\/uploads\/2022\/08\/Mamografia-300x201.jpg 300w, https:\/\/santacasasls.com.br\/site\/wp-content\/uploads\/2022\/08\/Mamografia-768x513.jpg 768w, https:\/\/santacasasls.com.br\/site\/wp-content\/uploads\/2022\/08\/Mamografia-1536x1027.jpg 1536w, https:\/\/santacasasls.com.br\/site\/wp-content\/uploads\/2022\/08\/Mamografia-2048x1369.jpg 2048w\" sizes=\"(max-width: 1024px) 100vw, 1024px\" \/><\/a><figcaption>Mamografia<\/figcaption><\/figure>\n\n\n\n<figure class=\"wp-block-image size-large\"><a href=\"https:\/\/santacasasls.com.br\/site\/wp-content\/uploads\/2022\/08\/Raio-X-scaled.jpg\"><img decoding=\"async\" width=\"1024\" height=\"685\" data-id=\"294\" src=\"https:\/\/santacasasls.com.br\/site\/wp-content\/uploads\/2022\/08\/Raio-X-1024x685.jpg\" alt=\"\" class=\"wp-image-294\" srcset=\"https:\/\/santacasasls.com.br\/site\/wp-content\/uploads\/2022\/08\/Raio-X-1024x685.jpg 1024w, https:\/\/santacasasls.com.br\/site\/wp-content\/uploads\/2022\/08\/Raio-X-300x201.jpg 300w, https:\/\/santacasasls.com.br\/site\/wp-content\/uploads\/2022\/08\/Raio-X-768x513.jpg 768w, https:\/\/santacasasls.com.br\/site\/wp-content\/uploads\/2022\/08\/Raio-X-1536x1027.jpg 1536w, https:\/\/santacasasls.com.br\/site\/wp-content\/uploads\/2022\/08\/Raio-X-2048x1369.jpg 2048w\" sizes=\"(max-width: 1024px) 100vw, 1024px\" \/><\/a><figcaption>Raio X<\/figcaption><\/figure>\n\n\n\n<figure class=\"wp-block-image size-large\"><a href=\"https:\/\/santacasasls.com.br\/site\/wp-content\/uploads\/2022\/08\/Recepcao-Centro-de-Imagem-scaled.jpg\"><img decoding=\"async\" width=\"1024\" height=\"685\" data-id=\"295\" src=\"https:\/\/santacasasls.com.br\/site\/wp-content\/uploads\/2022\/08\/Recepcao-Centro-de-Imagem-1024x685.jpg\" alt=\"\" class=\"wp-image-295\" srcset=\"https:\/\/santacasasls.com.br\/site\/wp-content\/uploads\/2022\/08\/Recepcao-Centro-de-Imagem-1024x685.jpg 1024w, https:\/\/santacasasls.com.br\/site\/wp-content\/uploads\/2022\/08\/Recepcao-Centro-de-Imagem-300x201.jpg 300w, https:\/\/santacasasls.com.br\/site\/wp-content\/uploads\/2022\/08\/Recepcao-Centro-de-Imagem-768x513.jpg 768w, https:\/\/santacasasls.com.br\/site\/wp-content\/uploads\/2022\/08\/Recepcao-Centro-de-Imagem-1536x1027.jpg 1536w, https:\/\/santacasasls.com.br\/site\/wp-content\/uploads\/2022\/08\/Recepcao-Centro-de-Imagem-2048x1369.jpg 2048w\" sizes=\"(max-width: 1024px) 100vw, 1024px\" \/><\/a><figcaption>Recep\u00e7\u00e3o Centro de Imagem<\/figcaption><\/figure>\n\n\n\n<figure class=\"wp-block-image size-large\"><a href=\"https:\/\/santacasasls.com.br\/site\/wp-content\/uploads\/2022\/08\/Ultrassonografia-scaled.jpg\"><img loading=\"lazy\" decoding=\"async\" width=\"1024\" height=\"685\" data-id=\"296\" src=\"https:\/\/santacasasls.com.br\/site\/wp-content\/uploads\/2022\/08\/Ultrassonografia-1024x685.jpg\" alt=\"\" class=\"wp-image-296\" srcset=\"https:\/\/santacasasls.com.br\/site\/wp-content\/uploads\/2022\/08\/Ultrassonografia-1024x685.jpg 1024w, https:\/\/santacasasls.com.br\/site\/wp-content\/uploads\/2022\/08\/Ultrassonografia-300x201.jpg 300w, https:\/\/santacasasls.com.br\/site\/wp-content\/uploads\/2022\/08\/Ultrassonografia-768x513.jpg 768w, https:\/\/santacasasls.com.br\/site\/wp-content\/uploads\/2022\/08\/Ultrassonografia-1536x1027.jpg 1536w, https:\/\/santacasasls.com.br\/site\/wp-content\/uploads\/2022\/08\/Ultrassonografia-2048x1369.jpg 2048w\" sizes=\"(max-width: 1024px) 100vw, 1024px\" \/><\/a><figcaption>Ultrassonografia<\/figcaption><\/figure>\n<\/figure>\n\n\n\n<p><\/p>\n\n\n\n<p>O Servi\u00e7o de Radiologia da Santa Casa de Miseric\u00f3rdia de S\u00e3o Lourenco do Sul, conta com 02 aparelhos de Raio X, 01 aparelho de Mamografia, 01 aparelho de Ultrassonografia e tamb\u00e9m um Arco C utilizado em cirurgias realizadas no Bloco Cir\u00fargico.<\/p>\n\n\n\n<p>Os exames de Raio x e Mamografia s\u00e3o digitalizados e laudados por Telemedicina .<\/p>\n\n\n\n<p>Oferecemos v\u00e1rios tipos de examesde diagnostico por imagem a popula\u00e7\u00e3o Lourenciana e regi\u00e3o Sul do Estado.<\/p>\n\n\n\n<p>Salientamos que todos exames necessitam de pedido M\u00e9dico por escrito para realiza\u00e7\u00e3o.<\/p>\n\n\n\n<p><u>Raio X:<\/u> A radiografia \u00e9 um exame de imagem n\u00e3o-invasivo , exame realizado por profissionais qualificados, que funciona usando radia\u00e7\u00e3o em baixas doses para identificar rapidamente altera\u00e7\u00f5es na estrutura de ossos e de \u00f3rg\u00e3os internos.<\/p>\n\n\n\n<p>Os exames n\u00e3o necessitam de preparo para realiza\u00e7\u00e3o.<\/p>\n\n\n\n<p><u>Mamografia:<\/u> A&nbsp;<strong>mamografia<\/strong>&nbsp;\u00e9 um tipo de raio-x realizado por um T\u00e9cnico de Radiologia&nbsp; em um aparelho chamado mam\u00f3grafo, que comprime a mama e gera imagens de alta qualidade capazes de revelar a exist\u00eancia de sinais precoces do&nbsp;<strong>c\u00e2ncer de mama<\/strong>.<\/p>\n\n\n\n<p>A compress\u00e3o da&nbsp;<strong>mama<\/strong>&nbsp;\u00e9 necess\u00e1ria para que o tecido da&nbsp;<strong>gl\u00e2ndula mam\u00e1ria<\/strong>&nbsp;seja adequadamente espalhado e eventuais n\u00f3dulos e microcalcifica\u00e7\u00f5es revelem-se e o exame seja efetivo.<\/p>\n\n\n\n<p>Recomenda-se que no dia do exame, n\u00e3o fa\u00e7a o uso de desodorante e cremes para o corpo.<\/p>\n\n\n\n<p><u>Ultrassonografia:<\/u> Tamb\u00e9m conhecida por ecografia e ultrassom, \u00e9 um exame de imagem diagn\u00f3stico que serve para visualizar em tempo real qualquer \u00f3rg\u00e3o ou tecido do corpo. Quando o exame \u00e9 realizado com Doppler, o m\u00e9dico consegue observar o fluxo sangu\u00edneo dessa regi\u00e3o.<\/p>\n\n\n\n<p>A ultrassonografia \u00e9 um procedimento simples, r\u00e1pido e n\u00e3o possui restri\u00e7\u00f5es.<\/p>\n\n\n\n<p>No entanto, \u00e9 importante que seja verificado se existe alguma recomenda\u00e7\u00e3o para a realiza\u00e7\u00e3o do exame, como encher a bexiga ou fazer jejum.<\/p>\n\n\n\n<p><strong>Hor\u00e1rio de Atendimento:<\/strong><\/p>\n\n\n\n<p>Segunda a Sexta \u2013 08:00 as 12:00<\/p>\n\n\n\n<p>13:00 \u00e0s 18:00<\/p>\n\n\n\n<p>Contamos com atendimento 24 horas para pacientes oriundos do Pronto Socorro local.<\/p>\n\n\n\n<p>Maiores informa\u00e7\u00f5es podem ser obtidas diretamente pelo telefone (53) 32513425.<a><\/a><\/p>\n","protected":false},"excerpt":{"rendered":"<p>O Servi\u00e7o de Radiologia da Santa Casa de Miseric\u00f3rdia de S\u00e3o Lourenco do Sul, conta com 02 aparelhos de Raio X, 01 aparelho de Mamografia, 01 aparelho de Ultrassonografia e tamb\u00e9m um Arco C utilizado em cirurgias realizadas no Bloco Cir\u00fargico. Os exames de Raio x e Mamografia s\u00e3o digitalizados e laudados por Telemedicina . [&hellip;]<\/p>\n","protected":false},"author":1,"featured_media":0,"parent":0,"menu_order":0,"comment_status":"closed","ping_status":"closed","template":"","meta":{"_acf_changed":false,"footnotes":""},"class_list":["post-79","page","type-page","status-publish","hentry"],"acf":[],"_links":{"self":[{"href":"https:\/\/santacasasls.com.br\/site\/wp-json\/wp\/v2\/pages\/79","targetHints":{"allow":["GET"]}}],"collection":[{"href":"https:\/\/santacasasls.com.br\/site\/wp-json\/wp\/v2\/pages"}],"about":[{"href":"https:\/\/santacasasls.com.br\/site\/wp-json\/wp\/v2\/types\/page"}],"author":[{"embeddable":true,"href":"https:\/\/santacasasls.com.br\/site\/wp-json\/wp\/v2\/users\/1"}],"replies":[{"embeddable":true,"href":"https:\/\/santacasasls.com.br\/site\/wp-json\/wp\/v2\/comments?post=79"}],"version-history":[{"count":10,"href":"https:\/\/santacasasls.com.br\/site\/wp-json\/wp\/v2\/pages\/79\/revisions"}],"predecessor-version":[{"id":706,"href":"https:\/\/santacasasls.com.br\/site\/wp-json\/wp\/v2\/pages\/79\/revisions\/706"}],"wp:attachment":[{"href":"https:\/\/santacasasls.com.br\/site\/wp-json\/wp\/v2\/media?parent=79"}],"curies":[{"name":"wp","href":"https:\/\/api.w.org\/{rel}","templated":true}]}}