{"id":77,"date":"2022-07-25T13:11:00","date_gmt":"2022-07-25T16:11:00","guid":{"rendered":"https:\/\/santacasasls.com.br\/site\/\/?page_id=77"},"modified":"2022-08-23T14:17:28","modified_gmt":"2022-08-23T17:17:28","slug":"centro-cirurgico","status":"publish","type":"page","link":"https:\/\/santacasasls.com.br\/site\/centro-cirurgico\/","title":{"rendered":"Centro Cir\u00fargico"},"content":{"rendered":"\n<figure class=\"wp-block-gallery has-nested-images columns-default is-cropped wp-block-gallery-1 is-layout-flex wp-block-gallery-is-layout-flex\">\n<figure class=\"wp-block-image size-large\"><a href=\"https:\/\/santacasasls.com.br\/site\/wp-content\/uploads\/2022\/08\/Sala-de-Procedimento-scaled.jpg\"><img fetchpriority=\"high\" decoding=\"async\" width=\"1024\" height=\"685\" data-id=\"291\" src=\"https:\/\/santacasasls.com.br\/site\/wp-content\/uploads\/2022\/08\/Sala-de-Procedimento-1024x685.jpg\" alt=\"\" class=\"wp-image-291\" srcset=\"https:\/\/santacasasls.com.br\/site\/wp-content\/uploads\/2022\/08\/Sala-de-Procedimento-1024x685.jpg 1024w, https:\/\/santacasasls.com.br\/site\/wp-content\/uploads\/2022\/08\/Sala-de-Procedimento-300x201.jpg 300w, https:\/\/santacasasls.com.br\/site\/wp-content\/uploads\/2022\/08\/Sala-de-Procedimento-768x513.jpg 768w, https:\/\/santacasasls.com.br\/site\/wp-content\/uploads\/2022\/08\/Sala-de-Procedimento-1536x1027.jpg 1536w, https:\/\/santacasasls.com.br\/site\/wp-content\/uploads\/2022\/08\/Sala-de-Procedimento-2048x1369.jpg 2048w\" sizes=\"(max-width: 1024px) 100vw, 1024px\" \/><\/a><figcaption>Sala de Procedimentos<\/figcaption><\/figure>\n\n\n\n<figure class=\"wp-block-image size-large\"><a href=\"https:\/\/santacasasls.com.br\/site\/wp-content\/uploads\/2022\/08\/Sala-de-Parto-scaled.jpg\"><img decoding=\"async\" width=\"1024\" height=\"685\" data-id=\"290\" src=\"https:\/\/santacasasls.com.br\/site\/wp-content\/uploads\/2022\/08\/Sala-de-Parto-1024x685.jpg\" alt=\"\" class=\"wp-image-290\" srcset=\"https:\/\/santacasasls.com.br\/site\/wp-content\/uploads\/2022\/08\/Sala-de-Parto-1024x685.jpg 1024w, https:\/\/santacasasls.com.br\/site\/wp-content\/uploads\/2022\/08\/Sala-de-Parto-300x201.jpg 300w, https:\/\/santacasasls.com.br\/site\/wp-content\/uploads\/2022\/08\/Sala-de-Parto-768x513.jpg 768w, https:\/\/santacasasls.com.br\/site\/wp-content\/uploads\/2022\/08\/Sala-de-Parto-1536x1027.jpg 1536w, https:\/\/santacasasls.com.br\/site\/wp-content\/uploads\/2022\/08\/Sala-de-Parto-2048x1369.jpg 2048w\" sizes=\"(max-width: 1024px) 100vw, 1024px\" \/><\/a><figcaption>Sala de Parto<\/figcaption><\/figure>\n<\/figure>\n\n\n\n<p>Nosso centro cir\u00fargico conta com duas salas de cirurgia equipadas para atender cirurgias de baixa e m\u00e9dia complexidade, realizadas em car\u00e1cter de emerg\u00eancia, urg\u00eancia e eletivas.<\/p>\n\n\n\n<p>Dispomos de sala de recupera\u00e7\u00e3o p\u00f3s-anest\u00e9sica, com dois leitos para monitoramento necess\u00e1rio ap\u00f3s os procedimentos cir\u00fargicos.<\/p>\n\n\n\n<p>E \u00e1reas de apoio, como nosso Centro de Material e Esteriliza\u00e7\u00e3o (CME), onde realizamos todo processo de limpeza, desinfec\u00e7\u00e3o e esteriliza\u00e7\u00e3o de nossos materiais, pois o controle de infec\u00e7\u00e3o desse ambiente \u00e9 feito rigorosamente para proporcionar seguran\u00e7a ao nosso servi\u00e7o, para o paciente e profissional m\u00e9dico.<\/p>\n\n\n\n<p>Realizamos mensalmente uma m\u00e9dia de 90 cirurgias\/m\u00eas, contando com as especialidades de cirurgia geral, obstetr\u00edcia, ginecologia, traumatologia e otorrinolaringologia.<\/p>\n\n\n\n<p>Contamos com uma equipe de m\u00e9dicos, equipes de enfermagem e de apoio, proporcionando \u00f3timas condi\u00e7\u00f5es para a realiza\u00e7\u00e3o do ato cir\u00fargico com agilidade, qualidade de atendimento e \u00e9tica, promovendo os cuidados necess\u00e1rios ao paciente nesse momento de interven\u00e7\u00e3o cir\u00fargica.<\/p>\n\n\n\n<p>Nossa sala de recupera\u00e7\u00e3o que comp\u00f5e o centro cir\u00fargico tem como objetivo prestar os cuidados de enfermagem ao paciente at\u00e9 que o mesmo esteja em condi\u00e7\u00f5es de ser encaminhado a unidade de interna\u00e7\u00e3o, ap\u00f3s libera\u00e7\u00e3o do anestesista.<\/p>\n\n\n\n<p>Nosso objetivo \u00e9 realizar o procedimento cir\u00fargico e desenvolver todas atividades nesse setor de forma objetiva, segura e eficiente.<\/p>\n","protected":false},"excerpt":{"rendered":"<p>Nosso centro cir\u00fargico conta com duas salas de cirurgia equipadas para atender cirurgias de baixa e m\u00e9dia complexidade, realizadas em car\u00e1cter de emerg\u00eancia, urg\u00eancia e eletivas. Dispomos de sala de recupera\u00e7\u00e3o p\u00f3s-anest\u00e9sica, com dois leitos para monitoramento necess\u00e1rio ap\u00f3s os procedimentos cir\u00fargicos. E \u00e1reas de apoio, como nosso Centro de Material e Esteriliza\u00e7\u00e3o (CME), onde [&hellip;]<\/p>\n","protected":false},"author":1,"featured_media":0,"parent":0,"menu_order":0,"comment_status":"closed","ping_status":"closed","template":"","meta":{"_acf_changed":false,"footnotes":""},"class_list":["post-77","page","type-page","status-publish","hentry"],"acf":[],"_links":{"self":[{"href":"https:\/\/santacasasls.com.br\/site\/wp-json\/wp\/v2\/pages\/77","targetHints":{"allow":["GET"]}}],"collection":[{"href":"https:\/\/santacasasls.com.br\/site\/wp-json\/wp\/v2\/pages"}],"about":[{"href":"https:\/\/santacasasls.com.br\/site\/wp-json\/wp\/v2\/types\/page"}],"author":[{"embeddable":true,"href":"https:\/\/santacasasls.com.br\/site\/wp-json\/wp\/v2\/users\/1"}],"replies":[{"embeddable":true,"href":"https:\/\/santacasasls.com.br\/site\/wp-json\/wp\/v2\/comments?post=77"}],"version-history":[{"count":2,"href":"https:\/\/santacasasls.com.br\/site\/wp-json\/wp\/v2\/pages\/77\/revisions"}],"predecessor-version":[{"id":292,"href":"https:\/\/santacasasls.com.br\/site\/wp-json\/wp\/v2\/pages\/77\/revisions\/292"}],"wp:attachment":[{"href":"https:\/\/santacasasls.com.br\/site\/wp-json\/wp\/v2\/media?parent=77"}],"curies":[{"name":"wp","href":"https:\/\/api.w.org\/{rel}","templated":true}]}}