{"id":74,"date":"2022-07-25T13:09:42","date_gmt":"2022-07-25T16:09:42","guid":{"rendered":"https:\/\/santacasasls.com.br\/site\/\/?page_id=74"},"modified":"2022-09-27T12:48:10","modified_gmt":"2022-09-27T15:48:10","slug":"cartao-amigo-da-santa-casa","status":"publish","type":"page","link":"https:\/\/santacasasls.com.br\/site\/cartao-amigo-da-santa-casa\/","title":{"rendered":"Cart\u00e3o Amigo da Santa Casa"},"content":{"rendered":"<div class=\"wp-block-image\">\n<figure class=\"aligncenter size-full\"><img decoding=\"async\" width=\"209\" height=\"141\" src=\"https:\/\/santacasasls.com.br\/site\/wp-content\/uploads\/2022\/09\/cartao.png\" alt=\"\" class=\"wp-image-453\"\/><\/figure><\/div>\n\n\n<p><strong>1) <u>Hist\u00f3ria do Cart\u00e3o Amigo da Santa Casa<\/u><\/strong><\/p>\n\n\n\n<p>&nbsp;\u201cDesde meados dos anos 90 do s\u00e9culo XX, a Santa Casa de Miseric\u00f3rdia de S\u00e3o Louren\u00e7o do Sul come\u00e7ou a registrar dificuldades de equil\u00edbrio entre a despesa e a receita. Era o \u00fanico hospital de S\u00e3o Louren\u00e7o do Sulconveniado com o SUS, e a institui\u00e7\u00e3o do sistema trouxe um grande afluxo de pacientes por esta modalidade, e, como n\u00e3o havia uma cobertura integral das despesas pelo SUS, a entidade passou a ressentir-se desta defasagem e passou a carecer de mais recursos, al\u00e9m das tradicionais doa\u00e7\u00f5es de alimentos, medica\u00e7\u00f5es, material de limpeza, etc. Para tanto passou a estudar novas formas de ingresso de recursos para manter a atividade hospitalar dentro dos melhores par\u00e2metros.<\/p>\n\n\n\n<p>Ent\u00e3o, no dia 31 de outubro de 2000, na gest\u00e3o do Sr. Jos\u00e9 Ney Pereira Lamas, Presidente da Santa Casa, foi criado o Cart\u00e3o Amigo com o objetivo de oferecer descontos de consultas m\u00e9dicas, exames de laborat\u00f3rio de an\u00e1lises cl\u00ednicas, cl\u00ednicas de fisioterapia, psic\u00f3logos, nutricionistas, dentistas, interna\u00e7\u00f5es com direito a quarto semi-privativo e tamb\u00e9m no com\u00e9rcio em geral que estivesse conveniado, dentro de uma grande gama de parceiros que se uniram ao projeto.<\/p>\n\n\n\n<p>O projeto foi apresentado \u00e0 comunidade lourenciana na data supra em ato no Sindicato Rural de S\u00e3o Louren\u00e7o do Sul.<\/p>\n\n\n\n<p>Naquela mesma data e local, foi iniciado na capta\u00e7\u00e3o de participantes atrav\u00e9s da assinatura de contratos de ades\u00e3o, que ao longo dos anos chegou atingir 5.000 participantes, e atualmente, se verifica que ainda h\u00e1 participa\u00e7\u00e3o de 3.295 titulares e seus dependentes. O primeiro contrato de ades\u00e3o foi do Sr. S\u00e9rgio Szomorowsky,e o mais antigo em vigor at\u00e9 hoje \u00e9 o contrato da Sra. Cleusa Mendes da Rosa.<\/p>\n\n\n\n<p>O Cart\u00e3o Amigo foi uma das mais bem sucedidas iniciativas de ingresso de receita na Santa Casa, e provou que as contribui\u00e7\u00f5es oriundas tem ajudado a mitigar os graves e hist\u00f3ricos problemas financeiros da Santa Casa, que se n\u00e3o fora iniciativas como esta e doa\u00e7\u00f5es da comunidade tentando subsidiar a defasagem da Tabela SUS, h\u00e1 muito j\u00e1 teria havido o comprometimento do funcionamento das atividades m\u00e9dico-hospitalares desta entidade\u201d.<\/p>\n\n\n\n<p><\/p>\n\n\n\n<p><strong>2)<\/strong> <strong><u>PLANOS<\/u><\/strong><\/p>\n\n\n\n<p>Valor da inscri\u00e7\u00e3o: R$ 20,00<\/p>\n\n\n\n<p><strong>Valor da mensalidade:<\/strong><\/p>\n\n\n\n<p>at\u00e9 5 pessoas R$ 20,00<\/p>\n\n\n\n<p>at\u00e9 6 pessoas R$ 24,00<\/p>\n\n\n\n<p>at\u00e9 7 pessoas R$ 28,00<\/p>\n\n\n\n<p>at\u00e9 8 pessoas R$ 32,00<\/p>\n\n\n\n<p>at\u00e9 9 pessoas R$ 36,00<\/p>\n\n\n\n<p><\/p>\n\n\n\n<p><strong>3) <u>Vantagens<\/u><\/strong><\/p>\n\n\n\n<p>Cuidar da sa\u00fade \u00e9 uma das principais necessidades b\u00e1sicas de qualquer pessoa, mas nem sempre \u00e9 poss\u00edvel conciliar os custos com esse cuidado com os outros gastos mensais, por isso muitos acabam enfrentando longas filas de espera na rede p\u00fablica para poderem ser atendidos.<\/p>\n\n\n\n<p>Com o Cart\u00e3o Amigo da Santa Casa \u00e9 poss\u00edvel contar com um\u00a0cart\u00e3o de desconto em diversos segmentos do seu dia a dia, onde tornando mais em conta consultas, exames e procedimentos.<\/p>\n\n\n\n<p>Al\u00e9m de voc\u00ea, mais quatro pessoas da sua fam\u00edlia podem ser acrescentadas como dependentes para aproveitarem todos os benef\u00edcios do Cart\u00e3o Amigo da Santa Casa. Proporcionando mais sa\u00fade, comodidade e economia para todos!<\/p>\n\n\n\n<p><\/p>\n","protected":false},"excerpt":{"rendered":"<p>1) Hist\u00f3ria do Cart\u00e3o Amigo da Santa Casa &nbsp;\u201cDesde meados dos anos 90 do s\u00e9culo XX, a Santa Casa de Miseric\u00f3rdia de S\u00e3o Louren\u00e7o do Sul come\u00e7ou a registrar dificuldades de equil\u00edbrio entre a despesa e a receita. Era o \u00fanico hospital de S\u00e3o Louren\u00e7o do Sulconveniado com o SUS, e a institui\u00e7\u00e3o do sistema [&hellip;]<\/p>\n","protected":false},"author":1,"featured_media":0,"parent":0,"menu_order":0,"comment_status":"closed","ping_status":"closed","template":"","meta":{"_acf_changed":false,"footnotes":""},"class_list":["post-74","page","type-page","status-publish","hentry"],"acf":[],"_links":{"self":[{"href":"https:\/\/santacasasls.com.br\/site\/wp-json\/wp\/v2\/pages\/74","targetHints":{"allow":["GET"]}}],"collection":[{"href":"https:\/\/santacasasls.com.br\/site\/wp-json\/wp\/v2\/pages"}],"about":[{"href":"https:\/\/santacasasls.com.br\/site\/wp-json\/wp\/v2\/types\/page"}],"author":[{"embeddable":true,"href":"https:\/\/santacasasls.com.br\/site\/wp-json\/wp\/v2\/users\/1"}],"replies":[{"embeddable":true,"href":"https:\/\/santacasasls.com.br\/site\/wp-json\/wp\/v2\/comments?post=74"}],"version-history":[{"count":9,"href":"https:\/\/santacasasls.com.br\/site\/wp-json\/wp\/v2\/pages\/74\/revisions"}],"predecessor-version":[{"id":454,"href":"https:\/\/santacasasls.com.br\/site\/wp-json\/wp\/v2\/pages\/74\/revisions\/454"}],"wp:attachment":[{"href":"https:\/\/santacasasls.com.br\/site\/wp-json\/wp\/v2\/media?parent=74"}],"curies":[{"name":"wp","href":"https:\/\/api.w.org\/{rel}","templated":true}]}}