{"id":72,"date":"2022-07-25T13:04:38","date_gmt":"2022-07-25T16:04:38","guid":{"rendered":"https:\/\/santacasasls.com.br\/site\/\/?page_id=72"},"modified":"2022-08-24T10:47:51","modified_gmt":"2022-08-24T13:47:51","slug":"agendamento-e-autorizacoes","status":"publish","type":"page","link":"https:\/\/santacasasls.com.br\/site\/agendamento-e-autorizacoes\/","title":{"rendered":"Agendamento e Autoriza\u00e7\u00f5es"},"content":{"rendered":"\n<figure class=\"wp-block-gallery has-nested-images columns-default is-cropped wp-block-gallery-1 is-layout-flex wp-block-gallery-is-layout-flex\">\n<figure class=\"wp-block-image size-large\"><a href=\"https:\/\/santacasasls.com.br\/site\/wp-content\/uploads\/2022\/08\/Recepcao-scaled.jpg\"><img fetchpriority=\"high\" decoding=\"async\" width=\"1024\" height=\"685\" data-id=\"288\" src=\"https:\/\/santacasasls.com.br\/site\/wp-content\/uploads\/2022\/08\/Recepcao-1024x685.jpg\" alt=\"\" class=\"wp-image-288\" srcset=\"https:\/\/santacasasls.com.br\/site\/wp-content\/uploads\/2022\/08\/Recepcao-1024x685.jpg 1024w, https:\/\/santacasasls.com.br\/site\/wp-content\/uploads\/2022\/08\/Recepcao-300x201.jpg 300w, https:\/\/santacasasls.com.br\/site\/wp-content\/uploads\/2022\/08\/Recepcao-768x513.jpg 768w, https:\/\/santacasasls.com.br\/site\/wp-content\/uploads\/2022\/08\/Recepcao-1536x1027.jpg 1536w, https:\/\/santacasasls.com.br\/site\/wp-content\/uploads\/2022\/08\/Recepcao-2048x1369.jpg 2048w\" sizes=\"(max-width: 1024px) 100vw, 1024px\" \/><\/a><figcaption>Recep\u00e7\u00e3o<\/figcaption><\/figure>\n\n\n\n<figure class=\"wp-block-image size-large\"><a href=\"https:\/\/santacasasls.com.br\/site\/wp-content\/uploads\/2022\/08\/Recepcao-Convenio-scaled.jpg\"><img decoding=\"async\" width=\"1024\" height=\"685\" data-id=\"287\" src=\"https:\/\/santacasasls.com.br\/site\/wp-content\/uploads\/2022\/08\/Recepcao-Convenio-1024x685.jpg\" alt=\"\" class=\"wp-image-287\" srcset=\"https:\/\/santacasasls.com.br\/site\/wp-content\/uploads\/2022\/08\/Recepcao-Convenio-1024x685.jpg 1024w, https:\/\/santacasasls.com.br\/site\/wp-content\/uploads\/2022\/08\/Recepcao-Convenio-300x201.jpg 300w, https:\/\/santacasasls.com.br\/site\/wp-content\/uploads\/2022\/08\/Recepcao-Convenio-768x513.jpg 768w, https:\/\/santacasasls.com.br\/site\/wp-content\/uploads\/2022\/08\/Recepcao-Convenio-1536x1027.jpg 1536w, https:\/\/santacasasls.com.br\/site\/wp-content\/uploads\/2022\/08\/Recepcao-Convenio-2048x1369.jpg 2048w\" sizes=\"(max-width: 1024px) 100vw, 1024px\" \/><\/a><figcaption>Recep\u00e7\u00e3o Conv\u00eanio<\/figcaption><\/figure>\n<\/figure>\n\n\n\n<p>A Central de Agendamentos e Autoriza\u00e7\u00f5es \u00e9 respons\u00e1vel por encaminhar solicita\u00e7\u00f5es de autoriza\u00e7\u00e3o, aos planos de sa\u00fade, para a realiza\u00e7\u00e3o de procedimentos eletivos ou em car\u00e1ter de urg\u00eancia, e da marca\u00e7\u00e3o de consultas para os Ambulat\u00f3rios de Especialidades, tanto conv\u00eanio, particular e SUS. Tamb\u00e9m \u00e9 respons\u00e1vel pelo fornecimento de or\u00e7amentos, onde s\u00e3o estimados os custos do tratamento hospitalar a pacientes particulares.<\/p>\n\n\n\n<p>O Ambulat\u00f3rio de Especialidades M\u00e9dicas da Santa Casa possui uma equipe altamente qualificada para cuidar da sua sa\u00fade.<br>Agende uma consulta com os profissionais nas seguintes especialidades:<br>Ortopedia e Traumatologia<br>Otorrinolaringologia<br>Ginecologia e Obstetr\u00edcia<br>Clinica M\u00e9dica<br>Cirurgia Geral<br>Nefrologia<\/p>\n\n\n\n<p><strong>Agende sua consulta pelo telefone (53) 3251-3188 (de segunda a sexta das 8h \u00e0s 17h).<\/strong><\/p>\n\n\n\n<p><\/p>\n\n\n\n<p><strong>Sistema \u00danico de Sa\u00fade (SUS)<\/strong><\/p>\n\n\n\n<p>Todos os atendimentos em ambulat\u00f3rio de especialidade, realizados pelo SUS s\u00e3o gerenciados pelas Secretarias da Sa\u00fade dos Munic\u00edpios referenciados. A rede p\u00fablica que encaminha os pacientes para a Santa Casa. O primeiro passo \u00e9 realizar uma consulta no posto de sa\u00fade mais pr\u00f3ximo de sua resid\u00eancia. Este procedimento \u00e9 realizado para pacientes do SUS, n\u00e3o somente na Santa Casa, mas em todos os hospitais credenciados para prestar atendimento na rede p\u00fablica de sa\u00fade.<\/p>\n","protected":false},"excerpt":{"rendered":"<p>A Central de Agendamentos e Autoriza\u00e7\u00f5es \u00e9 respons\u00e1vel por encaminhar solicita\u00e7\u00f5es de autoriza\u00e7\u00e3o, aos planos de sa\u00fade, para a realiza\u00e7\u00e3o de procedimentos eletivos ou em car\u00e1ter de urg\u00eancia, e da marca\u00e7\u00e3o de consultas para os Ambulat\u00f3rios de Especialidades, tanto conv\u00eanio, particular e SUS. Tamb\u00e9m \u00e9 respons\u00e1vel pelo fornecimento de or\u00e7amentos, onde s\u00e3o estimados os custos [&hellip;]<\/p>\n","protected":false},"author":1,"featured_media":0,"parent":0,"menu_order":0,"comment_status":"closed","ping_status":"closed","template":"","meta":{"_acf_changed":false,"footnotes":""},"class_list":["post-72","page","type-page","status-publish","hentry"],"acf":[],"_links":{"self":[{"href":"https:\/\/santacasasls.com.br\/site\/wp-json\/wp\/v2\/pages\/72","targetHints":{"allow":["GET"]}}],"collection":[{"href":"https:\/\/santacasasls.com.br\/site\/wp-json\/wp\/v2\/pages"}],"about":[{"href":"https:\/\/santacasasls.com.br\/site\/wp-json\/wp\/v2\/types\/page"}],"author":[{"embeddable":true,"href":"https:\/\/santacasasls.com.br\/site\/wp-json\/wp\/v2\/users\/1"}],"replies":[{"embeddable":true,"href":"https:\/\/santacasasls.com.br\/site\/wp-json\/wp\/v2\/comments?post=72"}],"version-history":[{"count":3,"href":"https:\/\/santacasasls.com.br\/site\/wp-json\/wp\/v2\/pages\/72\/revisions"}],"predecessor-version":[{"id":335,"href":"https:\/\/santacasasls.com.br\/site\/wp-json\/wp\/v2\/pages\/72\/revisions\/335"}],"wp:attachment":[{"href":"https:\/\/santacasasls.com.br\/site\/wp-json\/wp\/v2\/media?parent=72"}],"curies":[{"name":"wp","href":"https:\/\/api.w.org\/{rel}","templated":true}]}}