{"id":70,"date":"2022-07-25T13:02:28","date_gmt":"2022-07-25T16:02:28","guid":{"rendered":"https:\/\/santacasasls.com.br\/site\/\/?page_id=70"},"modified":"2022-08-24T10:55:05","modified_gmt":"2022-08-24T13:55:05","slug":"agencia-transfusional","status":"publish","type":"page","link":"https:\/\/santacasasls.com.br\/site\/agencia-transfusional\/","title":{"rendered":"Ag\u00eancia Transfusional"},"content":{"rendered":"<div class=\"wp-block-image\">\n<figure class=\"aligncenter size-large\"><a href=\"https:\/\/santacasasls.com.br\/site\/wp-content\/uploads\/2022\/08\/Agencia-Transfusional-scaled.jpg\"><img fetchpriority=\"high\" decoding=\"async\" width=\"1024\" height=\"685\" src=\"https:\/\/santacasasls.com.br\/site\/wp-content\/uploads\/2022\/08\/Agencia-Transfusional-1024x685.jpg\" alt=\"\" class=\"wp-image-285\" srcset=\"https:\/\/santacasasls.com.br\/site\/wp-content\/uploads\/2022\/08\/Agencia-Transfusional-1024x685.jpg 1024w, https:\/\/santacasasls.com.br\/site\/wp-content\/uploads\/2022\/08\/Agencia-Transfusional-300x201.jpg 300w, https:\/\/santacasasls.com.br\/site\/wp-content\/uploads\/2022\/08\/Agencia-Transfusional-768x513.jpg 768w, https:\/\/santacasasls.com.br\/site\/wp-content\/uploads\/2022\/08\/Agencia-Transfusional-1536x1027.jpg 1536w, https:\/\/santacasasls.com.br\/site\/wp-content\/uploads\/2022\/08\/Agencia-Transfusional-2048x1369.jpg 2048w\" sizes=\"(max-width: 1024px) 100vw, 1024px\" \/><\/a><\/figure><\/div>\n\n\n<p>Ag\u00eancia Transfusional \u00e9 o setor respons\u00e1vel por todo o controle de hemocomponentes utilizados no hospital. Tamb\u00e9m \u00e9 o setor respons\u00e1vel pela solicita\u00e7\u00e3o, armazenamento, controle de estoque de hemocomponentes, testes pr\u00e9-transfusionais, transfus\u00f5es e acompanhamento de pacientes transfundidos.<\/p>\n\n\n\n<p>A Ag\u00eancia Transfusional \u00e9 respons\u00e1vel pela execu\u00e7\u00e3o de todas as provas pr\u00e9-transfusionais, tipagens sangu\u00edneas, ABO\/RhD e testes de compatibilidade sangu\u00ednea, pesquisas de anticorpos, instala\u00e7\u00e3o e monitoramento de todas as transfus\u00f5es, obedecendo criteriosamente aos padr\u00f5es de qualidade exigidos e a todas as normas estabelecidas pelo Minist\u00e9rio da Sa\u00fade e ANVISA. A Santa Casa conta com uma ag\u00eancia transfusional completa, que possui equipamentos de ponta, revisados e calibrados periodicamente, al\u00e9m de uma equipe capacitada \u00e0 realiza\u00e7\u00e3o de todos os procedimentos que envolvem as transfus\u00f5es de hemocomponentes.<\/p>\n\n\n\n<p>O sangue utilizado em qualquer procedimento dentro do Hospital, \u00e9 solicitado \u00e0 Ag\u00eancia Transfusional, que mant\u00e9m um estoque dos principais hemocomponentes (Concentrado de Hem\u00e1cias, Plaquetas, Plasma fresco congelado). Cada hemocomponente \u00e9 separado e armazenado pelo fator ABO\/RhD. Em caso de transfus\u00e3o a Ag\u00eancia transfusional \u00e9 acionada. S\u00e3o coletadas amostras de sangue do paciente para realiza\u00e7\u00e3o das provas pr\u00e9-transfusionais visando \u00e0 compatibilidade do receptor com as bolsas dispon\u00edveis na ag\u00eancia. Caso a ag\u00eancia n\u00e3o possua bolsas compat\u00edveis, o HEMOCENTRO \u00e9 acionado para suprir a necessidade do paciente. Com os testes pr\u00e9 &#8211; transfusionais realizados, o paciente encontra-se apto a ser transfundido e \u00e9 acompanhado em tempo integral durante todo o procedimento.<\/p>\n","protected":false},"excerpt":{"rendered":"<p>Ag\u00eancia Transfusional \u00e9 o setor respons\u00e1vel por todo o controle de hemocomponentes utilizados no hospital. Tamb\u00e9m \u00e9 o setor respons\u00e1vel pela solicita\u00e7\u00e3o, armazenamento, controle de estoque de hemocomponentes, testes pr\u00e9-transfusionais, transfus\u00f5es e acompanhamento de pacientes transfundidos. A Ag\u00eancia Transfusional \u00e9 respons\u00e1vel pela execu\u00e7\u00e3o de todas as provas pr\u00e9-transfusionais, tipagens sangu\u00edneas, ABO\/RhD e testes de compatibilidade [&hellip;]<\/p>\n","protected":false},"author":1,"featured_media":0,"parent":0,"menu_order":0,"comment_status":"closed","ping_status":"closed","template":"","meta":{"_acf_changed":false,"footnotes":""},"class_list":["post-70","page","type-page","status-publish","hentry"],"acf":[],"_links":{"self":[{"href":"https:\/\/santacasasls.com.br\/site\/wp-json\/wp\/v2\/pages\/70","targetHints":{"allow":["GET"]}}],"collection":[{"href":"https:\/\/santacasasls.com.br\/site\/wp-json\/wp\/v2\/pages"}],"about":[{"href":"https:\/\/santacasasls.com.br\/site\/wp-json\/wp\/v2\/types\/page"}],"author":[{"embeddable":true,"href":"https:\/\/santacasasls.com.br\/site\/wp-json\/wp\/v2\/users\/1"}],"replies":[{"embeddable":true,"href":"https:\/\/santacasasls.com.br\/site\/wp-json\/wp\/v2\/comments?post=70"}],"version-history":[{"count":3,"href":"https:\/\/santacasasls.com.br\/site\/wp-json\/wp\/v2\/pages\/70\/revisions"}],"predecessor-version":[{"id":336,"href":"https:\/\/santacasasls.com.br\/site\/wp-json\/wp\/v2\/pages\/70\/revisions\/336"}],"wp:attachment":[{"href":"https:\/\/santacasasls.com.br\/site\/wp-json\/wp\/v2\/media?parent=70"}],"curies":[{"name":"wp","href":"https:\/\/api.w.org\/{rel}","templated":true}]}}