{"id":66,"date":"2022-07-25T13:00:21","date_gmt":"2022-07-25T16:00:21","guid":{"rendered":"https:\/\/santacasasls.com.br\/site\/\/?page_id=66"},"modified":"2022-07-25T13:01:56","modified_gmt":"2022-07-25T16:01:56","slug":"acomodacoes","status":"publish","type":"page","link":"https:\/\/santacasasls.com.br\/site\/acomodacoes\/","title":{"rendered":"Acomoda\u00e7\u00f5es"},"content":{"rendered":"\n<p><strong>Acomoda\u00e7\u00e3o Cl\u00ednica M\u00e9dica<\/strong><\/p>\n\n\n\n<p>Quarto Semi-Privativo(simples)dois leitos, banheiro, TV e poltrona p\\acompanhante;<\/p>\n\n\n\n<p>Quarto semi privativo (completo) dois leitos, banheiro, TV, condicionador de ar, poltrona p\/ acompanhante;<\/p>\n\n\n\n<p>Quarto Privativo(simples), um leito, com TV, cama para acompanhante;<\/p>\n\n\n\n<p>Quarto Privativo (completo), um leito com TV, cama para acompanhante, condicionador de ar e frigobar;<\/p>\n\n\n\n<p><\/p>\n\n\n\n<p><strong>Acomoda\u00e7\u00e3o Maternidade\/Pediatria\/ Cl\u00ednica Cir\u00fargica<\/strong><\/p>\n\n\n\n<p>Quarto Semi-Privativo(simples)dois leitos, banheiro, TV e poltrona p\\acompanhante;<\/p>\n\n\n\n<p>Quarto semi privativo (completo) dois leitos, banheiro, TV, condicionador de ar, poltrona p\/ acompanhante;<\/p>\n\n\n\n<p>Quarto Privativo(simples), um leito, com TV, cama para acompanhante;<\/p>\n\n\n\n<p>Quarto Privativo (completo), um leito com TV, cama para acompanhante, condicionador de ar e frigobar;<\/p>\n\n\n\n<p><\/p>\n\n\n\n<p><strong>Acomoda\u00e7\u00e3o Enfermaria SUS<\/strong><\/p>\n\n\n\n<p>Quarto coletivo com 5 leitos e banheiro;<a><\/a><\/p>\n","protected":false},"excerpt":{"rendered":"<p>Acomoda\u00e7\u00e3o Cl\u00ednica M\u00e9dica Quarto Semi-Privativo(simples)dois leitos, banheiro, TV e poltrona p\\acompanhante; Quarto semi privativo (completo) dois leitos, banheiro, TV, condicionador de ar, poltrona p\/ acompanhante; Quarto Privativo(simples), um leito, com TV, cama para acompanhante; Quarto Privativo (completo), um leito com TV, cama para acompanhante, condicionador de ar e frigobar; Acomoda\u00e7\u00e3o Maternidade\/Pediatria\/ Cl\u00ednica Cir\u00fargica Quarto Semi-Privativo(simples)dois [&hellip;]<\/p>\n","protected":false},"author":1,"featured_media":0,"parent":0,"menu_order":0,"comment_status":"closed","ping_status":"closed","template":"","meta":{"_acf_changed":false,"footnotes":""},"class_list":["post-66","page","type-page","status-publish","hentry"],"acf":[],"_links":{"self":[{"href":"https:\/\/santacasasls.com.br\/site\/wp-json\/wp\/v2\/pages\/66","targetHints":{"allow":["GET"]}}],"collection":[{"href":"https:\/\/santacasasls.com.br\/site\/wp-json\/wp\/v2\/pages"}],"about":[{"href":"https:\/\/santacasasls.com.br\/site\/wp-json\/wp\/v2\/types\/page"}],"author":[{"embeddable":true,"href":"https:\/\/santacasasls.com.br\/site\/wp-json\/wp\/v2\/users\/1"}],"replies":[{"embeddable":true,"href":"https:\/\/santacasasls.com.br\/site\/wp-json\/wp\/v2\/comments?post=66"}],"version-history":[{"count":2,"href":"https:\/\/santacasasls.com.br\/site\/wp-json\/wp\/v2\/pages\/66\/revisions"}],"predecessor-version":[{"id":69,"href":"https:\/\/santacasasls.com.br\/site\/wp-json\/wp\/v2\/pages\/66\/revisions\/69"}],"wp:attachment":[{"href":"https:\/\/santacasasls.com.br\/site\/wp-json\/wp\/v2\/media?parent=66"}],"curies":[{"name":"wp","href":"https:\/\/api.w.org\/{rel}","templated":true}]}}