{"id":64,"date":"2022-07-25T12:58:46","date_gmt":"2022-07-25T15:58:46","guid":{"rendered":"https:\/\/santacasasls.com.br\/site\/\/?page_id=64"},"modified":"2022-08-24T10:38:23","modified_gmt":"2022-08-24T13:38:23","slug":"o-hospital","status":"publish","type":"page","link":"https:\/\/santacasasls.com.br\/site\/o-hospital\/","title":{"rendered":"O Hospital"},"content":{"rendered":"\n<p><a href=\"https:\/\/santacasasls.com.br\/site\/acomodacoes\/\" data-type=\"page\" data-id=\"66\" target=\"_blank\" rel=\"noreferrer noopener\">Acomoda\u00e7\u00f5es<\/a><\/p>\n\n\n\n<p><a href=\"https:\/\/santacasasls.com.br\/site\/agencia-transfusional\/\" data-type=\"page\" data-id=\"70\" target=\"_blank\" rel=\"noreferrer noopener\">Ag\u00eancia Transfusional<\/a><\/p>\n\n\n\n<p><a href=\"https:\/\/santacasasls.com.br\/site\/agendamento-e-autorizacoes\/\" data-type=\"page\" data-id=\"72\" target=\"_blank\" rel=\"noreferrer noopener\">Agendamento e Autoriza\u00e7\u00f5es<\/a><\/p>\n\n\n\n<p><a href=\"https:\/\/santacasasls.com.br\/site\/cartao-amigo-da-santa-casa\/\" data-type=\"page\" data-id=\"74\" target=\"_blank\" rel=\"noreferrer noopener\">Cart\u00e3o Amigo da Santa Casa<\/a><\/p>\n\n\n\n<p><a href=\"https:\/\/santacasasls.com.br\/site\/centro-cirurgico\/\" data-type=\"page\" data-id=\"77\" target=\"_blank\" rel=\"noreferrer noopener\">Centro Cir\u00fargico<\/a><\/p>\n\n\n\n<p><a href=\"https:\/\/santacasasls.com.br\/site\/centro-de-imagem\/\" data-type=\"page\" data-id=\"79\" target=\"_blank\" rel=\"noreferrer noopener\">Centro de Imagem<\/a><\/p>\n\n\n\n<p><a href=\"https:\/\/santacasasls.com.br\/site\/estrutura-fisica\/\" data-type=\"page\" data-id=\"84\" target=\"_blank\" rel=\"noreferrer noopener\">Estrutura F\u00edsica<\/a><\/p>\n\n\n\n<p><a href=\"https:\/\/santacasasls.com.br\/site\/horario-de-visita\/\" data-type=\"page\" data-id=\"86\" target=\"_blank\" rel=\"noreferrer noopener\">Hor\u00e1rio de Visita<\/a><\/p>\n\n\n\n<p><a href=\"https:\/\/santacasasls.com.br\/site\/hospital-verde\/\" data-type=\"page\" data-id=\"88\" target=\"_blank\" rel=\"noreferrer noopener\">Hospital Verde<\/a><\/p>\n\n\n\n<p><a href=\"https:\/\/santacasasls.com.br\/site\/orientacoes-para-seu-periodo-de-atendimento-internacao\/\" data-type=\"page\" data-id=\"90\" target=\"_blank\" rel=\"noreferrer noopener\">Orienta\u00e7\u00f5es Para Seu Per\u00edodo de Atendimento-Interna\u00e7\u00e3o<\/a><\/p>\n\n\n\n<p><a href=\"https:\/\/santacasasls.com.br\/site\/pronto-socorro\/\" data-type=\"page\" data-id=\"92\" target=\"_blank\" rel=\"noreferrer noopener\">Pronto Socorro<\/a><\/p>\n\n\n\n<p><a href=\"https:\/\/santacasasls.com.br\/site\/seguranca-do-paciente\/\" data-type=\"page\" data-id=\"94\" target=\"_blank\" rel=\"noreferrer noopener\">Seguran\u00e7a do Paciente<\/a><\/p>\n\n\n\n<p><a href=\"https:\/\/santacasasls.com.br\/site\/hemodialise\/\">Hemodi\u00e1lise<\/a><\/p>\n\n\n\n<p><a href=\"https:\/\/santacasasls.com.br\/site\/servicos-hospitalares\/\" data-type=\"page\" data-id=\"101\" target=\"_blank\" rel=\"noreferrer noopener\">Servi\u00e7os Hospitalares<\/a><\/p>\n","protected":false},"excerpt":{"rendered":"<p>Acomoda\u00e7\u00f5es Ag\u00eancia Transfusional Agendamento e Autoriza\u00e7\u00f5es Cart\u00e3o Amigo da Santa Casa Centro Cir\u00fargico Centro de Imagem Estrutura F\u00edsica Hor\u00e1rio de Visita Hospital Verde Orienta\u00e7\u00f5es Para Seu Per\u00edodo de Atendimento-Interna\u00e7\u00e3o Pronto Socorro Seguran\u00e7a do Paciente Hemodi\u00e1lise Servi\u00e7os Hospitalares<\/p>\n","protected":false},"author":1,"featured_media":0,"parent":0,"menu_order":0,"comment_status":"closed","ping_status":"closed","template":"","meta":{"_acf_changed":false,"footnotes":""},"class_list":["post-64","page","type-page","status-publish","hentry"],"acf":[],"_links":{"self":[{"href":"https:\/\/santacasasls.com.br\/site\/wp-json\/wp\/v2\/pages\/64","targetHints":{"allow":["GET"]}}],"collection":[{"href":"https:\/\/santacasasls.com.br\/site\/wp-json\/wp\/v2\/pages"}],"about":[{"href":"https:\/\/santacasasls.com.br\/site\/wp-json\/wp\/v2\/types\/page"}],"author":[{"embeddable":true,"href":"https:\/\/santacasasls.com.br\/site\/wp-json\/wp\/v2\/users\/1"}],"replies":[{"embeddable":true,"href":"https:\/\/santacasasls.com.br\/site\/wp-json\/wp\/v2\/comments?post=64"}],"version-history":[{"count":3,"href":"https:\/\/santacasasls.com.br\/site\/wp-json\/wp\/v2\/pages\/64\/revisions"}],"predecessor-version":[{"id":321,"href":"https:\/\/santacasasls.com.br\/site\/wp-json\/wp\/v2\/pages\/64\/revisions\/321"}],"wp:attachment":[{"href":"https:\/\/santacasasls.com.br\/site\/wp-json\/wp\/v2\/media?parent=64"}],"curies":[{"name":"wp","href":"https:\/\/api.w.org\/{rel}","templated":true}]}}