{"id":62,"date":"2022-07-25T12:56:00","date_gmt":"2022-07-25T15:56:00","guid":{"rendered":"https:\/\/santacasasls.com.br\/site\/\/?page_id=62"},"modified":"2022-08-24T10:35:15","modified_gmt":"2022-08-24T13:35:15","slug":"psiquiatria-infantojuvenil","status":"publish","type":"page","link":"https:\/\/santacasasls.com.br\/site\/psiquiatria-infantojuvenil\/","title":{"rendered":"Psiquiatria Infantojuvenil"},"content":{"rendered":"\n<figure class=\"wp-block-gallery has-nested-images columns-default is-cropped wp-block-gallery-1 is-layout-flex wp-block-gallery-is-layout-flex\">\n<figure class=\"wp-block-image size-large\"><a href=\"https:\/\/santacasasls.com.br\/site\/wp-content\/uploads\/2022\/08\/Psiquiatria-InfantoJuvenil-scaled.jpg\"><img fetchpriority=\"high\" decoding=\"async\" width=\"1024\" height=\"685\" data-id=\"281\" src=\"https:\/\/santacasasls.com.br\/site\/wp-content\/uploads\/2022\/08\/Psiquiatria-InfantoJuvenil-1024x685.jpg\" alt=\"\" class=\"wp-image-281\" srcset=\"https:\/\/santacasasls.com.br\/site\/wp-content\/uploads\/2022\/08\/Psiquiatria-InfantoJuvenil-1024x685.jpg 1024w, https:\/\/santacasasls.com.br\/site\/wp-content\/uploads\/2022\/08\/Psiquiatria-InfantoJuvenil-300x201.jpg 300w, https:\/\/santacasasls.com.br\/site\/wp-content\/uploads\/2022\/08\/Psiquiatria-InfantoJuvenil-768x513.jpg 768w, https:\/\/santacasasls.com.br\/site\/wp-content\/uploads\/2022\/08\/Psiquiatria-InfantoJuvenil-1536x1027.jpg 1536w, https:\/\/santacasasls.com.br\/site\/wp-content\/uploads\/2022\/08\/Psiquiatria-InfantoJuvenil-2048x1369.jpg 2048w\" sizes=\"(max-width: 1024px) 100vw, 1024px\" \/><\/a><figcaption>Psiquiatria InfantoJuvenil<\/figcaption><\/figure>\n\n\n\n<figure class=\"wp-block-image size-large\"><a href=\"https:\/\/santacasasls.com.br\/site\/wp-content\/uploads\/2022\/08\/Sala-de-Lazer-Psiquiatria-InfantoJuvenil-scaled.jpg\"><img decoding=\"async\" width=\"1024\" height=\"685\" data-id=\"282\" src=\"https:\/\/santacasasls.com.br\/site\/wp-content\/uploads\/2022\/08\/Sala-de-Lazer-Psiquiatria-InfantoJuvenil-1024x685.jpg\" alt=\"\" class=\"wp-image-282\" srcset=\"https:\/\/santacasasls.com.br\/site\/wp-content\/uploads\/2022\/08\/Sala-de-Lazer-Psiquiatria-InfantoJuvenil-1024x685.jpg 1024w, https:\/\/santacasasls.com.br\/site\/wp-content\/uploads\/2022\/08\/Sala-de-Lazer-Psiquiatria-InfantoJuvenil-300x201.jpg 300w, https:\/\/santacasasls.com.br\/site\/wp-content\/uploads\/2022\/08\/Sala-de-Lazer-Psiquiatria-InfantoJuvenil-768x513.jpg 768w, https:\/\/santacasasls.com.br\/site\/wp-content\/uploads\/2022\/08\/Sala-de-Lazer-Psiquiatria-InfantoJuvenil-1536x1027.jpg 1536w, https:\/\/santacasasls.com.br\/site\/wp-content\/uploads\/2022\/08\/Sala-de-Lazer-Psiquiatria-InfantoJuvenil-2048x1369.jpg 2048w\" sizes=\"(max-width: 1024px) 100vw, 1024px\" \/><\/a><figcaption>Sala de Lazer Psiquiatria InfantoJuvenil<\/figcaption><\/figure>\n\n\n\n<figure class=\"wp-block-image size-large\"><a href=\"https:\/\/santacasasls.com.br\/site\/wp-content\/uploads\/2022\/08\/Enfermaria-Psquiatria-InfantoJuvenil-scaled.jpg\"><img decoding=\"async\" width=\"1024\" height=\"685\" data-id=\"283\" src=\"https:\/\/santacasasls.com.br\/site\/wp-content\/uploads\/2022\/08\/Enfermaria-Psquiatria-InfantoJuvenil-1024x685.jpg\" alt=\"\" class=\"wp-image-283\" srcset=\"https:\/\/santacasasls.com.br\/site\/wp-content\/uploads\/2022\/08\/Enfermaria-Psquiatria-InfantoJuvenil-1024x685.jpg 1024w, https:\/\/santacasasls.com.br\/site\/wp-content\/uploads\/2022\/08\/Enfermaria-Psquiatria-InfantoJuvenil-300x201.jpg 300w, https:\/\/santacasasls.com.br\/site\/wp-content\/uploads\/2022\/08\/Enfermaria-Psquiatria-InfantoJuvenil-768x513.jpg 768w, https:\/\/santacasasls.com.br\/site\/wp-content\/uploads\/2022\/08\/Enfermaria-Psquiatria-InfantoJuvenil-1536x1027.jpg 1536w, https:\/\/santacasasls.com.br\/site\/wp-content\/uploads\/2022\/08\/Enfermaria-Psquiatria-InfantoJuvenil-2048x1369.jpg 2048w\" sizes=\"(max-width: 1024px) 100vw, 1024px\" \/><\/a><figcaption>Enfermaria Psquiatria InfantoJuvenil<\/figcaption><\/figure>\n<\/figure>\n\n\n\n<p>Quest\u00f5es relacionadas a adoecimento mental acometem todas as faixas et\u00e1rias, por isso, a import\u00e2ncia de um cuidado especializado e individualizado para crian\u00e7as e adolescentes que necessitem interna\u00e7\u00e3o por situa\u00e7\u00f5es agudas.<\/p>\n\n\n\n<p>Realizamos nesse per\u00edodo, al\u00e9m do tratamento farmacol\u00f3gico, psicol\u00f3gico e social, o refor\u00e7o das rela\u00e7\u00f5es afetivas e envolvimento em atividades prazerosas. A\u00e7\u00f5es que visam \u00e0 melhoria das habilidades para lidar com situa\u00e7\u00f5es de conflitos e adversidades.<\/p>\n\n\n\n<p>Nossa unidade disp\u00f5e de 08 leitos que atendem crian\u00e7as e adolescentes at\u00e9 17 anos, 11 meses e 29 dias, femininos e masculinos.<\/p>\n\n\n\n<p>Nossa equipe \u00e9 formada por enfermeiros, psic\u00f3logos, assistentes sociais, profissional de educa\u00e7\u00e3o f\u00edsica, m\u00e9dicos psiquiatras, m\u00e9dicos residentes em psiquiatria, t\u00e9cnicos de enfermagem, acompanhantes terap\u00eauticos e residentes multiprofissional.<\/p>\n","protected":false},"excerpt":{"rendered":"<p>Quest\u00f5es relacionadas a adoecimento mental acometem todas as faixas et\u00e1rias, por isso, a import\u00e2ncia de um cuidado especializado e individualizado para crian\u00e7as e adolescentes que necessitem interna\u00e7\u00e3o por situa\u00e7\u00f5es agudas. Realizamos nesse per\u00edodo, al\u00e9m do tratamento farmacol\u00f3gico, psicol\u00f3gico e social, o refor\u00e7o das rela\u00e7\u00f5es afetivas e envolvimento em atividades prazerosas. A\u00e7\u00f5es que visam \u00e0 melhoria [&hellip;]<\/p>\n","protected":false},"author":1,"featured_media":0,"parent":0,"menu_order":0,"comment_status":"closed","ping_status":"closed","template":"","meta":{"_acf_changed":false,"footnotes":""},"class_list":["post-62","page","type-page","status-publish","hentry"],"acf":[],"_links":{"self":[{"href":"https:\/\/santacasasls.com.br\/site\/wp-json\/wp\/v2\/pages\/62","targetHints":{"allow":["GET"]}}],"collection":[{"href":"https:\/\/santacasasls.com.br\/site\/wp-json\/wp\/v2\/pages"}],"about":[{"href":"https:\/\/santacasasls.com.br\/site\/wp-json\/wp\/v2\/types\/page"}],"author":[{"embeddable":true,"href":"https:\/\/santacasasls.com.br\/site\/wp-json\/wp\/v2\/users\/1"}],"replies":[{"embeddable":true,"href":"https:\/\/santacasasls.com.br\/site\/wp-json\/wp\/v2\/comments?post=62"}],"version-history":[{"count":4,"href":"https:\/\/santacasasls.com.br\/site\/wp-json\/wp\/v2\/pages\/62\/revisions"}],"predecessor-version":[{"id":317,"href":"https:\/\/santacasasls.com.br\/site\/wp-json\/wp\/v2\/pages\/62\/revisions\/317"}],"wp:attachment":[{"href":"https:\/\/santacasasls.com.br\/site\/wp-json\/wp\/v2\/media?parent=62"}],"curies":[{"name":"wp","href":"https:\/\/api.w.org\/{rel}","templated":true}]}}