{"id":60,"date":"2022-07-25T12:55:09","date_gmt":"2022-07-25T15:55:09","guid":{"rendered":"https:\/\/santacasasls.com.br\/site\/\/?page_id=60"},"modified":"2022-08-24T10:36:07","modified_gmt":"2022-08-24T13:36:07","slug":"psiquiatria-alcool-e-drogas","status":"publish","type":"page","link":"https:\/\/santacasasls.com.br\/site\/psiquiatria-alcool-e-drogas\/","title":{"rendered":"Psiquiatria \u00c1lcool e Drogas"},"content":{"rendered":"<div class=\"wp-block-image\">\n<figure class=\"aligncenter size-large\"><a href=\"https:\/\/santacasasls.com.br\/site\/wp-content\/uploads\/2022\/08\/Psiquiatria-Alcool-e-Drogas-scaled.jpg\"><img fetchpriority=\"high\" decoding=\"async\" width=\"1024\" height=\"685\" src=\"https:\/\/santacasasls.com.br\/site\/wp-content\/uploads\/2022\/08\/Psiquiatria-Alcool-e-Drogas-1024x685.jpg\" alt=\"\" class=\"wp-image-279\" srcset=\"https:\/\/santacasasls.com.br\/site\/wp-content\/uploads\/2022\/08\/Psiquiatria-Alcool-e-Drogas-1024x685.jpg 1024w, https:\/\/santacasasls.com.br\/site\/wp-content\/uploads\/2022\/08\/Psiquiatria-Alcool-e-Drogas-300x201.jpg 300w, https:\/\/santacasasls.com.br\/site\/wp-content\/uploads\/2022\/08\/Psiquiatria-Alcool-e-Drogas-768x513.jpg 768w, https:\/\/santacasasls.com.br\/site\/wp-content\/uploads\/2022\/08\/Psiquiatria-Alcool-e-Drogas-1536x1027.jpg 1536w, https:\/\/santacasasls.com.br\/site\/wp-content\/uploads\/2022\/08\/Psiquiatria-Alcool-e-Drogas-2048x1369.jpg 2048w\" sizes=\"(max-width: 1024px) 100vw, 1024px\" \/><\/a><\/figure><\/div>\n\n\n<p>Nossa sa\u00fade mental est\u00e1 relacionada \u00e0 forma como reagimos \u00e0s exig\u00eancias di\u00e1rias e a como harmonizamos as ideias e emo\u00e7\u00f5es. A partir disso, investimos no equil\u00edbrio dessas fun\u00e7\u00f5es mentais para lidar com sentimentos positivos e negativos.<\/p>\n\n\n\n<p>Sendo assim, promovemos o cuidado do indiv\u00edduo de forma integral, sendo refer\u00eancia na \u00e1rea atrav\u00e9s do tratamento especializado, com a\u00e7\u00f5es voltadas a sa\u00fade mental.<\/p>\n\n\n\n<p>Nossa unidade oferece 20 leitos, divididos em femininos e masculinos, a partir de 18 anos de idade para tratamento de uso de \u00e1lcool e outras drogas.<\/p>\n\n\n\n<p>Nossa equipe \u00e9 formada por enfermeiros, psic\u00f3logos, assistentes sociais, profissional de educa\u00e7\u00e3o f\u00edsica, m\u00e9dicos psiquiatras, m\u00e9dicos residentes em psiquiatria, t\u00e9cnicos de enfermagem, acompanhantes terap\u00eauticos e residentes multiprofissional.<\/p>\n","protected":false},"excerpt":{"rendered":"<p>Nossa sa\u00fade mental est\u00e1 relacionada \u00e0 forma como reagimos \u00e0s exig\u00eancias di\u00e1rias e a como harmonizamos as ideias e emo\u00e7\u00f5es. A partir disso, investimos no equil\u00edbrio dessas fun\u00e7\u00f5es mentais para lidar com sentimentos positivos e negativos. Sendo assim, promovemos o cuidado do indiv\u00edduo de forma integral, sendo refer\u00eancia na \u00e1rea atrav\u00e9s do tratamento especializado, com [&hellip;]<\/p>\n","protected":false},"author":1,"featured_media":0,"parent":0,"menu_order":0,"comment_status":"closed","ping_status":"closed","template":"","meta":{"_acf_changed":false,"footnotes":""},"class_list":["post-60","page","type-page","status-publish","hentry"],"acf":[],"_links":{"self":[{"href":"https:\/\/santacasasls.com.br\/site\/wp-json\/wp\/v2\/pages\/60","targetHints":{"allow":["GET"]}}],"collection":[{"href":"https:\/\/santacasasls.com.br\/site\/wp-json\/wp\/v2\/pages"}],"about":[{"href":"https:\/\/santacasasls.com.br\/site\/wp-json\/wp\/v2\/types\/page"}],"author":[{"embeddable":true,"href":"https:\/\/santacasasls.com.br\/site\/wp-json\/wp\/v2\/users\/1"}],"replies":[{"embeddable":true,"href":"https:\/\/santacasasls.com.br\/site\/wp-json\/wp\/v2\/comments?post=60"}],"version-history":[{"count":3,"href":"https:\/\/santacasasls.com.br\/site\/wp-json\/wp\/v2\/pages\/60\/revisions"}],"predecessor-version":[{"id":318,"href":"https:\/\/santacasasls.com.br\/site\/wp-json\/wp\/v2\/pages\/60\/revisions\/318"}],"wp:attachment":[{"href":"https:\/\/santacasasls.com.br\/site\/wp-json\/wp\/v2\/media?parent=60"}],"curies":[{"name":"wp","href":"https:\/\/api.w.org\/{rel}","templated":true}]}}