{"id":57,"date":"2022-07-25T12:52:48","date_gmt":"2022-07-25T15:52:48","guid":{"rendered":"https:\/\/santacasasls.com.br\/site\/\/?page_id=57"},"modified":"2022-08-24T10:36:50","modified_gmt":"2022-08-24T13:36:50","slug":"psiquiatria","status":"publish","type":"page","link":"https:\/\/santacasasls.com.br\/site\/psiquiatria\/","title":{"rendered":"Psiquiatria"},"content":{"rendered":"<div class=\"wp-block-image\">\n<figure class=\"aligncenter size-large\"><a href=\"https:\/\/santacasasls.com.br\/site\/wp-content\/uploads\/2022\/08\/Psiquiatria-scaled.jpg\"><img fetchpriority=\"high\" decoding=\"async\" width=\"1024\" height=\"685\" src=\"https:\/\/santacasasls.com.br\/site\/wp-content\/uploads\/2022\/08\/Psiquiatria-1024x685.jpg\" alt=\"\" class=\"wp-image-277\" srcset=\"https:\/\/santacasasls.com.br\/site\/wp-content\/uploads\/2022\/08\/Psiquiatria-1024x685.jpg 1024w, https:\/\/santacasasls.com.br\/site\/wp-content\/uploads\/2022\/08\/Psiquiatria-300x201.jpg 300w, https:\/\/santacasasls.com.br\/site\/wp-content\/uploads\/2022\/08\/Psiquiatria-768x513.jpg 768w, https:\/\/santacasasls.com.br\/site\/wp-content\/uploads\/2022\/08\/Psiquiatria-1536x1027.jpg 1536w, https:\/\/santacasasls.com.br\/site\/wp-content\/uploads\/2022\/08\/Psiquiatria-2048x1369.jpg 2048w\" sizes=\"(max-width: 1024px) 100vw, 1024px\" \/><\/a><\/figure><\/div>\n\n\n<p>Entendemos que a sa\u00fade mental \u00e9 muito mais do que a aus\u00eancia de transtornos mentais, ela est\u00e1 diretamente relacionada ao nosso bem estar total, al\u00e9m de representar uma parte essencial na nossa sa\u00fade.<\/p>\n\n\n\n<p>A interna\u00e7\u00e3o psiqui\u00e1trica \u00e9 indicada ap\u00f3s cuidadosa avalia\u00e7\u00e3o, por exemplo, nos casos em que a pessoa encontra-se desorganizada emocional e mentalmente, com pouca capacidade de autocuidado, onde h\u00e1 crises agudas e riscos para si e para terceiros.<\/p>\n\n\n\n<p>Nosso servi\u00e7o possui 10 leitos que atendem homens e mulheres, acima de 18 anos e oferece um acolhimento humanizado e atendimento personalizado, promovendo o cuidado de forma integral, proporcionando a reinser\u00e7\u00e3o na sociedade e possibilitando maior autonomia.<\/p>\n\n\n\n<p>Nossa equipe \u00e9 formada por enfermeiros, psic\u00f3logos, assistentes sociais, profissional de educa\u00e7\u00e3o f\u00edsica, m\u00e9dicos psiquiatras, m\u00e9dicos residentes em psiquiatria, t\u00e9cnicos de enfermagem, acompanhantes terap\u00eauticos e residentes multiprofissional.<\/p>\n","protected":false},"excerpt":{"rendered":"<p>Entendemos que a sa\u00fade mental \u00e9 muito mais do que a aus\u00eancia de transtornos mentais, ela est\u00e1 diretamente relacionada ao nosso bem estar total, al\u00e9m de representar uma parte essencial na nossa sa\u00fade. A interna\u00e7\u00e3o psiqui\u00e1trica \u00e9 indicada ap\u00f3s cuidadosa avalia\u00e7\u00e3o, por exemplo, nos casos em que a pessoa encontra-se desorganizada emocional e mentalmente, com [&hellip;]<\/p>\n","protected":false},"author":1,"featured_media":0,"parent":0,"menu_order":0,"comment_status":"closed","ping_status":"closed","template":"","meta":{"_acf_changed":false,"footnotes":""},"class_list":["post-57","page","type-page","status-publish","hentry"],"acf":[],"_links":{"self":[{"href":"https:\/\/santacasasls.com.br\/site\/wp-json\/wp\/v2\/pages\/57","targetHints":{"allow":["GET"]}}],"collection":[{"href":"https:\/\/santacasasls.com.br\/site\/wp-json\/wp\/v2\/pages"}],"about":[{"href":"https:\/\/santacasasls.com.br\/site\/wp-json\/wp\/v2\/types\/page"}],"author":[{"embeddable":true,"href":"https:\/\/santacasasls.com.br\/site\/wp-json\/wp\/v2\/users\/1"}],"replies":[{"embeddable":true,"href":"https:\/\/santacasasls.com.br\/site\/wp-json\/wp\/v2\/comments?post=57"}],"version-history":[{"count":4,"href":"https:\/\/santacasasls.com.br\/site\/wp-json\/wp\/v2\/pages\/57\/revisions"}],"predecessor-version":[{"id":319,"href":"https:\/\/santacasasls.com.br\/site\/wp-json\/wp\/v2\/pages\/57\/revisions\/319"}],"wp:attachment":[{"href":"https:\/\/santacasasls.com.br\/site\/wp-json\/wp\/v2\/media?parent=57"}],"curies":[{"name":"wp","href":"https:\/\/api.w.org\/{rel}","templated":true}]}}