{"id":54,"date":"2022-07-25T12:29:18","date_gmt":"2022-07-25T15:29:18","guid":{"rendered":"https:\/\/santacasasls.com.br\/site\/\/?page_id=54"},"modified":"2022-07-25T12:50:09","modified_gmt":"2022-07-25T15:50:09","slug":"ensino-e-pesquisa","status":"publish","type":"page","link":"https:\/\/santacasasls.com.br\/site\/ensino-e-pesquisa\/","title":{"rendered":"Ensino e Pesquisa"},"content":{"rendered":"\n<p>A Santa Casa de Miseric\u00f3rdia comp\u00f5e a Rede de Aten\u00e7\u00e3o Psicossocial (RAPS) \u2013 RAPS Escola do munic\u00edpio de S\u00e3o Louren\u00e7o do Sul, sendo parceira fundamental no campo hospitalar de assist\u00eancia e forma\u00e7\u00e3o especializada em Psiquiatria e Multiprofissional em Sa\u00fade Mental Coletiva, estando assim qualificada como Hospital Escola de refer\u00eancia local, regional e estadual.<\/p>\n\n\n\n<p>A RAPS Escola do munic\u00edpio de S\u00e3o Louren\u00e7o do Sul \u00e9 composta por diferentes dispositivos de cuidado em Sa\u00fade Mental, os quais prestam assist\u00eancia e forma\u00e7\u00e3o em diferentes complexidades assistenciais, integrados e articulados entre si, assim como integram a assist\u00eancia e a forma\u00e7\u00e3o em Sa\u00fade do Sistema \u00danico (SUS), sendo esta rede composta por: CAPS I, CAPS AD III, CAPS infanto-juvenil, Equipe Multiprofissional de Aten\u00e7\u00e3o Especializada em Sa\u00fade Mental, Oficina de Gera\u00e7\u00e3o de Renda, Unidades de Estrat\u00e9gia de Sa\u00fade da Fam\u00edlia (ESF), Santa Casa de Miseric\u00f3rdia com leitos de Aten\u00e7\u00e3o Integral em Sa\u00fade Mental, Resid\u00eancia Multiprofissional em Sa\u00fade Mental Coletiva e Resid\u00eancia M\u00e9dica em Psiquiatria.<\/p>\n\n\n\n<p>A Santa Casa, importante refer\u00eancia regional e estadual para interna\u00e7\u00f5es psiqui\u00e1tricas e cuidado integral em Sa\u00fade Mental hospitalar, conta atualmente com 10 leitos de Psiquiatria para pessoas com transtornos mentais adultas; 20 leitos para pessoas com transtorno decorrente do uso de \u00e1lcool e outras drogas e 08 leitos para crian\u00e7as e adolescentes com transtornos mentais, distribu\u00eddos em 03 unidades na estrutura hospitalar, sendo as referidas unidades campo de atua\u00e7\u00e3o dos residentes m\u00e9dicos emultiprofissionais em forma\u00e7\u00e3o especializada, nos diferentes \u00e2mbitos da assist\u00eancia em psiquiatria\/sa\u00fade mental da institui\u00e7\u00e3o, desde avalia\u00e7\u00e3o especializada na urg\u00eancia\/emerg\u00eancia, interna\u00e7\u00e3o, interconsultas e consultoria em psiquiatria \u00e0s demais unidades hospitalares e apoio matricial em Sa\u00fade Mental aos dispositivos extra hospitalares de cuidado e articula\u00e7\u00e3o com estes.<\/p>\n\n\n\n<p>A Resid\u00eancia Multiprofissional em Sa\u00fade Mental Coletiva, com forma\u00e7\u00e3o de 02 anos, \u00e9 vinculada \u00e0 Escola de Sa\u00fade P\u00fablica do Estado do Rio Grande do Sul (ESP\/RS) em parceria e coordena\u00e7\u00e3o compartilhada com o munic\u00edpio, contando o Hospital, a cada ano, com o ingresso e a atua\u00e7\u00e3o de cinco profissionais das \u00e1reas de Enfermagem, Educa\u00e7\u00e3o F\u00edsica, Psicologia, Servi\u00e7o Social e Terapia Ocupacional e que comp\u00f5em as equipes multidisciplinares de sa\u00fade mental do Hospital.<\/p>\n\n\n\n<p>A Resid\u00eancia M\u00e9dica em Psiquiatria \u00e9 credenciada e vinculada aos Minist\u00e9rios da Educa\u00e7\u00e3o (MEC) e da Sa\u00fade (MS) sob total responsabilidade e coordena\u00e7\u00e3o do munic\u00edpio. A Santa Casa, como institui\u00e7\u00e3o parceira, conta com a atua\u00e7\u00e3o de 15 m\u00e9dicos residentes de Psiquiatria, compondo, estes residentes, as equipes multidisciplinares de assist\u00eancia hospitalar em Sa\u00fade Mental nas diferentes atividades de Cuidado, passando estes profissionais em forma\u00e7\u00e3o especializada pelas diferentes inst\u00e2ncias hospitalares como: avalia\u00e7\u00f5es psiqui\u00e1tricas no Pronto Socorro (urg\u00eancia\/emerg\u00eancia), assist\u00eancia psiqui\u00e1trica dos pacientes internados (adultos, crian\u00e7as e adolescentes), consultorias e interconsultas em psiquiatria para as demais unidades gerais e especializadas do Hospital. A forma\u00e7\u00e3o dos m\u00e9dicos residentes em psiquiatria \u00e9 de 03 anos e ao longo desse per\u00edodo contam, como campo de forma\u00e7\u00e3o especializada, em parceria com o munic\u00edpio, a Santa Casa de Miseric\u00f3rdia de S\u00e3o Louren\u00e7o do Sul \u2013 Hospital Escola.<a><\/a><\/p>\n","protected":false},"excerpt":{"rendered":"<p>A Santa Casa de Miseric\u00f3rdia comp\u00f5e a Rede de Aten\u00e7\u00e3o Psicossocial (RAPS) \u2013 RAPS Escola do munic\u00edpio de S\u00e3o Louren\u00e7o do Sul, sendo parceira fundamental no campo hospitalar de assist\u00eancia e forma\u00e7\u00e3o especializada em Psiquiatria e Multiprofissional em Sa\u00fade Mental Coletiva, estando assim qualificada como Hospital Escola de refer\u00eancia local, regional e estadual. A RAPS [&hellip;]<\/p>\n","protected":false},"author":1,"featured_media":0,"parent":0,"menu_order":0,"comment_status":"closed","ping_status":"closed","template":"","meta":{"_acf_changed":false,"footnotes":""},"class_list":["post-54","page","type-page","status-publish","hentry"],"acf":[],"_links":{"self":[{"href":"https:\/\/santacasasls.com.br\/site\/wp-json\/wp\/v2\/pages\/54","targetHints":{"allow":["GET"]}}],"collection":[{"href":"https:\/\/santacasasls.com.br\/site\/wp-json\/wp\/v2\/pages"}],"about":[{"href":"https:\/\/santacasasls.com.br\/site\/wp-json\/wp\/v2\/types\/page"}],"author":[{"embeddable":true,"href":"https:\/\/santacasasls.com.br\/site\/wp-json\/wp\/v2\/users\/1"}],"replies":[{"embeddable":true,"href":"https:\/\/santacasasls.com.br\/site\/wp-json\/wp\/v2\/comments?post=54"}],"version-history":[{"count":2,"href":"https:\/\/santacasasls.com.br\/site\/wp-json\/wp\/v2\/pages\/54\/revisions"}],"predecessor-version":[{"id":56,"href":"https:\/\/santacasasls.com.br\/site\/wp-json\/wp\/v2\/pages\/54\/revisions\/56"}],"wp:attachment":[{"href":"https:\/\/santacasasls.com.br\/site\/wp-json\/wp\/v2\/media?parent=54"}],"curies":[{"name":"wp","href":"https:\/\/api.w.org\/{rel}","templated":true}]}}