{"id":343,"date":"2022-08-29T13:28:48","date_gmt":"2022-08-29T16:28:48","guid":{"rendered":"https:\/\/santacasasls.com.br\/site\/?page_id=343"},"modified":"2022-08-29T13:28:48","modified_gmt":"2022-08-29T16:28:48","slug":"politica-de-compras","status":"publish","type":"page","link":"https:\/\/santacasasls.com.br\/site\/politica-de-compras\/","title":{"rendered":"Pol\u00edtica de Compras"},"content":{"rendered":"\n<p><strong>Objetivo<\/strong><\/p>\n\n\n\n<p>Regulamentar as rela\u00e7\u00f5es entre aSanta Casa de Miseric\u00f3rdia de S\u00e3o Louren\u00e7o do Sul, seus fornecedores e parceiros.<\/p>\n\n\n\n<p><strong>Aplica\u00e7\u00e3o<a><\/a><\/strong><\/p>\n\n\n\n<p>A Pol\u00edtica de Relacionamento se aplica aos colaboradores, m\u00e9dicos, m\u00e9dicos residentes e prestadores de servi\u00e7o da Santa Casa de Miseric\u00f3rdia de S\u00e3o Louren\u00e7o do Sul, bem como aos seus fornecedores e parceiros de Materiais M\u00e9dico Hospitalar, Medicamentos, Materiais de Escrit\u00f3rio, Materiais e Produtos de Higiene e Limpeza, Materiais gr\u00e1ficos entre outros Insumos.<\/p>\n\n\n\n<p><strong>Responsabilidades<\/strong><\/p>\n\n\n\n<p>Da Santa Casa de Miseric\u00f3rdia de S\u00e3o Louren\u00e7o do Sul<\/p>\n\n\n\n<p>Cumprir os acordos formais com seus fornecedores e parceiros no que tange a aquisi\u00e7\u00e3o de insumos e servi\u00e7os, salvo se, de comum acordo, as partes consentirem pelo n\u00e3o cumprimento, neste caso, desde que n\u00e3o ocorram preju\u00edzos para as mesmas.<\/p>\n\n\n\n<p><strong>Do Fornecedor<\/strong><\/p>\n\n\n\n<p>Cumprir os prazos de entrega, pre\u00e7os, condi\u00e7\u00f5es de pagamento, produtos, quantidade e demais quesitos previamente estabelecidos e acordados com o Departamento de Compras ou colaboradores autorizados, da Santa Casa de Miseric\u00f3rdia de S\u00e3o Louren\u00e7o do Sul.<\/p>\n\n\n\n<p>N\u00e3o ser\u00e1 permitido nenhum contato entre Fornecedores e colaboradores, m\u00e9dicos, m\u00e9dicosresidentes e prestadores de servi\u00e7o, sem a participa\u00e7\u00e3o direta do Departamento de Compras ou colaboradores previamente autorizados da Santa Casa de Miseric\u00f3rdia de S\u00e3o Louren\u00e7o do Sul.<\/p>\n\n\n\n<p>N\u00e3o ser\u00e1 permitido o acesso de fornecedores nas Instala\u00e7\u00f5es da Santa Casa sem pr\u00e9via autoriza\u00e7\u00e3o da Dire\u00e7\u00e3o Administrativa, exceto no setor de compras<\/p>\n\n\n\n<p>Tamb\u00e9m n\u00e3o ser\u00e1 permitido nenhum contato entre Fornecedores e colaboradores, m\u00e9dicos, m\u00e9dicos residentes e prestadores de servi\u00e7os para incentivo ao uso de materiais, medicamentos e OPME. O referido ato ser\u00e1 considerado como L\u00f3bi e poder\u00e1 acarretar na ruptura de qualquer rela\u00e7\u00e3o profissional, comercial e formal entre o Fornecedor e a Santa Casa, por tempo determinado ou indeterminado conforme a gravidade.<\/p>\n\n\n\n<p>Os fornecedores n\u00e3o poder\u00e3o fornecer produtos e servi\u00e7os sem sua breve qualifica\u00e7\u00e3o e apresenta\u00e7\u00e3o dos documentos exigidos para tal, como: Alvar\u00e1 de Licen\u00e7a da Vigil\u00e2ncia Sanit\u00e1ria, Registro dos produtos perante a ANVISA e\/ou Minist\u00e9rio da Sa\u00fade, Certid\u00e3o de Funcionamento entre outros documentos.<\/p>\n\n\n\n<p><strong>Da Rela\u00e7\u00e3o entre as Partes &#8211; \u00c9tica<\/strong><\/p>\n\n\n\n<p>Ser\u00e1 permitido ao fornecedor realizar doa\u00e7\u00f5es de bens, recursos financeiros, brindes, patroc\u00ednio, investimento e custeio a Santa Casa, contudo estes s\u00f3 poder\u00e3o se realizar atrav\u00e9s do Departamento de Compras, n\u00e3o sendo permitido a nenhum outro departamento ou colaborador a solicita\u00e7\u00e3o e o recebimento desta natureza.<\/p>\n\n\n\n<p>N\u00e3o ser\u00e1 permitido a nenhum Fornecedor, seja que natureza for seus insumos ou Servi\u00e7os, fazer contato diretamente com o Corpo Clinico e Colaboradores da Santa Casa para divulga\u00e7\u00e3o e comercializa\u00e7\u00e3o de produtos. Este contato estar\u00e1 restrito ao Departamento de Compras.<\/p>\n\n\n\n<p>N\u00e3o ser\u00e1 permitido nenhum incentivo financeiro ou de qualquer outra natureza, oferecido por Fornecedores diretamente aos colaboradores, m\u00e9dicos, m\u00e9dicos residentes e Diretoria para uso de materiais, medicamentos, OPME ou qualquer outro produto representado por Fornecedores, esta conduta ser\u00e1 caracterizada anti\u00e9tica, sujeita ao registro de ocorr\u00eancia policial e investiga\u00e7\u00e3o interna e externa.<\/p>\n\n\n\n<p>\u00c9 vedada aos fornecedores a realiza\u00e7\u00e3o de evento de qualquer natureza junto aos M\u00e9dicos e m\u00e9dicosresidentes, sem a devida autoriza\u00e7\u00e3o por escrito da Dire\u00e7\u00e3o Administrativa.<\/p>\n\n\n\n<p>Ser\u00e1 permitida a exposi\u00e7\u00e3o de Fornecedores, nas depend\u00eancias do hospital, para apresenta\u00e7\u00e3o e comercializa\u00e7\u00e3o de produtos e servi\u00e7os, mediante solicita\u00e7\u00e3o pr\u00e9via e autoriza\u00e7\u00e3o por escrito da Dire\u00e7\u00e3o Administrativa, que ficar\u00e1 respons\u00e1vel pelas negocia\u00e7\u00f5es das condi\u00e7\u00f5es do evento.<\/p>\n\n\n\n<p>\u00c9 permitido ao Corpo Clinico fazer contato e solicitar aos Fornecedores, suporte t\u00e9cnico como consulta a informa\u00e7\u00f5es, acompanhamento em procedimentos cir\u00fargicos, treinamento entre outras necessidades, ficando terminantemente vedada a realiza\u00e7\u00e3o de qualquer negocia\u00e7\u00e3o e o compromisso comercial entre as partes.<\/p>\n\n\n\n<p>\u00c9 proibido a circula\u00e7\u00e3o de representantes comerciais de Distribuidores e Laborat\u00f3rios de Material M\u00e9dico, OPME e Medicamentos a fim de realizar propaganda, divulga\u00e7\u00e3o, comercializa\u00e7\u00e3o e distribui\u00e7\u00e3o de materiais e medicamentos mesmo que de amostra gr\u00e1tis nas depend\u00eancias da Santa Casa.<\/p>\n\n\n\n<p>As negocia\u00e7\u00f5es de fornecimento de insumos tang\u00edveis e intang\u00edveis s\u00f3 se realizar\u00e3o por meio do Departamento de Compras.<\/p>\n\n\n\n<p>Todas as entregas e fornecimentos de produtos s\u00f3 se dar\u00e3o mediante negocia\u00e7\u00e3o, aprova\u00e7\u00e3o e elabora\u00e7\u00e3o de Ordem de Compra pelo do Departamento de Compras.<\/p>\n\n\n\n<p>\u00c9 permitido aos Gestores dos Contratos fazer contados com os fornecedores para sanar d\u00favidas, resolver problemas e solicitar servi\u00e7os contemplados nos contratos;<\/p>\n\n\n\n<p><em><u>Modalidade de Consignado<\/u>:<\/em> a Santa Casa trabalha com a modalidade de compra por Consignado, onde o fornecedor coloca o material a disposi\u00e7\u00e3o do Hospital e s\u00f3 fatura ap\u00f3s uso do mesmo, para estes itens \u00e9 realizada contrato informando quantidade, tipo de material e valores<em>.<\/em><\/p>\n\n\n\n<p><em><u>Modalidade de Comodato:<\/u><\/em> A Modalidade de Comodato de Equipamento acontece quando o fornecedor coloca a disposi\u00e7\u00e3o da Institui\u00e7\u00e3o o Equipamento para atendimento de suas necessidades com a contrapartida da Institui\u00e7\u00e3o, em adquirir os insumos necess\u00e1rios para funcionamento do equipamento com o mesmo fornecedor do equipamento, para estes itens \u00e9 realizado contrato de comodato.<\/p>\n\n\n\n<p><em><u>Necessidade de 3 Cota\u00e7\u00f5es:<\/u><\/em> \u00c9 imprescind\u00edvel a realiza\u00e7\u00e3o de no m\u00ednimo 3 cota\u00e7\u00f5es para aquisi\u00e7\u00e3o de qualquer equipamento, material e medicamento, salvo quando este n\u00e3o possuir semelhante no mercado nacional, contudo dever\u00e1 ser realizado documento com explica\u00e7\u00f5es e justificativas t\u00e9cnicas quando este for o caso para aprecia\u00e7\u00e3o e autoriza\u00e7\u00e3o da Dire\u00e7\u00e3o Administrativa.<\/p>\n\n\n\n<p><strong>Recebimento de Materiais<\/strong><\/p>\n\n\n\n<p>O recebimento de materiais, medicamentos e qualquer outro insumo se dar\u00e3o de segunda a sexta-feira das 08h \u00e0s 11h45minh e das 13h30minh \u00e0s 17h, ininterruptamente, no endere\u00e7o informado pelo Departamento de Compras.<\/p>\n\n\n\n<p>No ato do recebimento, a Nota Fiscal ser\u00e1 conferida e qualquer incompatibilidade ser\u00e1 motivo para negativa do recebimento da mesma.<\/p>\n\n\n\n<p>Em casos de recebimento via Transportadora, ser\u00e3o conferidas as informa\u00e7\u00f5es com base no pedido de compra, de quantidade, de volume, Identifica\u00e7\u00e3o do Remetente, Identifica\u00e7\u00e3o do Destinat\u00e1rio e Condi\u00e7\u00f5es dos Volumes, como aparente derramamento e viola\u00e7\u00e3o do mesmo, nesta ocasi\u00e3o, dependendo da quantidade de volumes, n\u00e3o ser\u00e3o conferidos item a item, contudo, se no momento da confer\u00eancia for identificado alguma inconformidade, entraremos em contado com o Fornecedor para corre\u00e7\u00e3o da mesma.<\/p>\n","protected":false},"excerpt":{"rendered":"<p>Objetivo Regulamentar as rela\u00e7\u00f5es entre aSanta Casa de Miseric\u00f3rdia de S\u00e3o Louren\u00e7o do Sul, seus fornecedores e parceiros. Aplica\u00e7\u00e3o A Pol\u00edtica de Relacionamento se aplica aos colaboradores, m\u00e9dicos, m\u00e9dicos residentes e prestadores de servi\u00e7o da Santa Casa de Miseric\u00f3rdia de S\u00e3o Louren\u00e7o do Sul, bem como aos seus fornecedores e parceiros de Materiais M\u00e9dico Hospitalar, [&hellip;]<\/p>\n","protected":false},"author":1,"featured_media":0,"parent":0,"menu_order":0,"comment_status":"closed","ping_status":"closed","template":"","meta":{"_acf_changed":false,"footnotes":""},"class_list":["post-343","page","type-page","status-publish","hentry"],"acf":[],"_links":{"self":[{"href":"https:\/\/santacasasls.com.br\/site\/wp-json\/wp\/v2\/pages\/343","targetHints":{"allow":["GET"]}}],"collection":[{"href":"https:\/\/santacasasls.com.br\/site\/wp-json\/wp\/v2\/pages"}],"about":[{"href":"https:\/\/santacasasls.com.br\/site\/wp-json\/wp\/v2\/types\/page"}],"author":[{"embeddable":true,"href":"https:\/\/santacasasls.com.br\/site\/wp-json\/wp\/v2\/users\/1"}],"replies":[{"embeddable":true,"href":"https:\/\/santacasasls.com.br\/site\/wp-json\/wp\/v2\/comments?post=343"}],"version-history":[{"count":1,"href":"https:\/\/santacasasls.com.br\/site\/wp-json\/wp\/v2\/pages\/343\/revisions"}],"predecessor-version":[{"id":344,"href":"https:\/\/santacasasls.com.br\/site\/wp-json\/wp\/v2\/pages\/343\/revisions\/344"}],"wp:attachment":[{"href":"https:\/\/santacasasls.com.br\/site\/wp-json\/wp\/v2\/media?parent=343"}],"curies":[{"name":"wp","href":"https:\/\/api.w.org\/{rel}","templated":true}]}}