{"id":3,"date":"2022-07-01T08:52:04","date_gmt":"2022-07-01T11:52:04","guid":{"rendered":"https:\/\/santacasasls.com.br\/site\/\/?page_id=3"},"modified":"2022-09-14T08:54:44","modified_gmt":"2022-09-14T11:54:44","slug":"politica-de-privacidade","status":"publish","type":"page","link":"https:\/\/santacasasls.com.br\/site\/politica-de-privacidade\/","title":{"rendered":"Pol\u00edtica de privacidade"},"content":{"rendered":"\n<p><em>Atualizada em: 14\/09\/2022<\/em><\/p>\n\n\n\n<p>A SANTA CASA DE MISERIC\u00d3RDIA DE S\u00c3O LOUREN\u00c7O DO SUL declara manter sigilo e confidencialidade sobre os dados de seus usu\u00e1rios disponibilizados em seu site. Tamb\u00e9m declara que os dados ser\u00e3o utilizados somente para as finalidades de comunica\u00e7\u00e3o. Suas informa\u00e7\u00f5es ser\u00e3o mantidas por tempo indeterminado, at\u00e9 que voc\u00ea solicite, atrav\u00e9s das op\u00e7\u00f5es do site ou das comunica\u00e7\u00f5es, sua retirada. Assim sendo, todas as suas informa\u00e7\u00f5es pessoais recolhidas ser\u00e3o utilizadas somente para ajudar a tornar sua visita em nosso site mais produtiva e agrad\u00e1vel poss\u00edvel.<\/p>\n\n\n\n<p>A garantia da confidencialidade dos dados pessoais dos visitantes de nosso site \u00e9 importante para a SANTACA CASA. A informa\u00e7\u00e3o pessoal recolhida pode incluir o seu nome, e-mail, n\u00famero de telefone, endere\u00e7o, data de nascimento e\/ou outros dados que visem facilitar a comunica\u00e7\u00e3o e interatividade, permitindo a realiza\u00e7\u00e3o dos servi\u00e7os oferecidos.<\/p>\n\n\n\n<p>O uso do site da SANTA CASA pressup\u00f5e a aceita\u00e7\u00e3o deste \u201cAcordo de Privacidade\u201d. A equipe da SANTA CASA reserva-se ao direito de alterar este acordo sem aviso pr\u00e9vio. Desse modo, sempre que atualizarmos nossa Pol\u00edtica de Privacidade lhe informaremos. Todos os dados que voc\u00ea nos fornece s\u00e3o tratados unicamente para atingir as finalidades acima listadas. Estes dados s\u00e3o armazenados em servidores seguros nossos ou de fornecedores contratados, acessados e utilizados de acordo com nossas pol\u00edticas e padr\u00f5es de seguran\u00e7a.<\/p>\n\n\n\n<p>Trabalhamos com boas pr\u00e1ticas de seguran\u00e7a da informa\u00e7\u00e3o e certifica\u00e7\u00f5es existentes no mercado para garantir que os dados que coletamos sejam processados de acordo com seguran\u00e7a onde quer que os dados estejam localizados. A seguran\u00e7a e confiabilidade dos dispositivos os quais voc\u00ea utiliza para acessar os nossos servi\u00e7os, tais como computadores, celulares, tablets ou outros dispositivos, \u00e9 de total responsabilidade sua. Voc\u00ea deve por meios pr\u00f3prios buscar proteger os sistemas operacionais desses dispositivos contra qualquer amea\u00e7a externa. As informa\u00e7\u00f5es que coletamos automaticamente inclui o seu endere\u00e7o IP (Internet Protocol), o seu ISP (Internet Service Provider), o browser que utilizado ao visitar o nosso website (como o Internet Explorer, Firefox ou Google Chrome), o tempo da sua visita e que p\u00e1ginas voc\u00ea visitou dentro do nosso site. Utilizamos cookies para armazenar informa\u00e7\u00e3o, como, por exemplo, suas prefer\u00eancias pessoais quando visita nosso site. Isto poder\u00e1 incluir um simples pop-up ou uma liga\u00e7\u00e3o em v\u00e1rios servi\u00e7os que providenciamos, tais como formul\u00e1rios. Voc\u00ea det\u00e9m o poder de desligar os seus cookies nas op\u00e7\u00f5es do seu browser ou efetuando altera\u00e7\u00f5es nas ferramentas de programas antiv\u00edrus. No entanto, isso poder\u00e1 alterar a forma como voc\u00ea interage com o nosso site, ou at\u00e9 mesmo outros sites. Isso poder\u00e1 afetar ou n\u00e3o permitir logins em programas, sites ou formul\u00e1rios da nossa ou de outras redes.<\/p>\n","protected":false},"excerpt":{"rendered":"<p>Atualizada em: 14\/09\/2022 A SANTA CASA DE MISERIC\u00d3RDIA DE S\u00c3O LOUREN\u00c7O DO SUL declara manter sigilo e confidencialidade sobre os dados de seus usu\u00e1rios disponibilizados em seu site. Tamb\u00e9m declara que os dados ser\u00e3o utilizados somente para as finalidades de comunica\u00e7\u00e3o. Suas informa\u00e7\u00f5es ser\u00e3o mantidas por tempo indeterminado, at\u00e9 que voc\u00ea solicite, atrav\u00e9s das op\u00e7\u00f5es [&hellip;]<\/p>\n","protected":false},"author":1,"featured_media":0,"parent":0,"menu_order":0,"comment_status":"closed","ping_status":"open","template":"","meta":{"_acf_changed":false,"footnotes":""},"class_list":["post-3","page","type-page","status-publish","hentry"],"acf":[],"_links":{"self":[{"href":"https:\/\/santacasasls.com.br\/site\/wp-json\/wp\/v2\/pages\/3","targetHints":{"allow":["GET"]}}],"collection":[{"href":"https:\/\/santacasasls.com.br\/site\/wp-json\/wp\/v2\/pages"}],"about":[{"href":"https:\/\/santacasasls.com.br\/site\/wp-json\/wp\/v2\/types\/page"}],"author":[{"embeddable":true,"href":"https:\/\/santacasasls.com.br\/site\/wp-json\/wp\/v2\/users\/1"}],"replies":[{"embeddable":true,"href":"https:\/\/santacasasls.com.br\/site\/wp-json\/wp\/v2\/comments?post=3"}],"version-history":[{"count":1,"href":"https:\/\/santacasasls.com.br\/site\/wp-json\/wp\/v2\/pages\/3\/revisions"}],"predecessor-version":[{"id":439,"href":"https:\/\/santacasasls.com.br\/site\/wp-json\/wp\/v2\/pages\/3\/revisions\/439"}],"wp:attachment":[{"href":"https:\/\/santacasasls.com.br\/site\/wp-json\/wp\/v2\/media?parent=3"}],"curies":[{"name":"wp","href":"https:\/\/api.w.org\/{rel}","templated":true}]}}