{"id":219,"date":"2022-08-12T14:09:29","date_gmt":"2022-08-12T17:09:29","guid":{"rendered":"https:\/\/santacasasls.com.br\/site\/?page_id=219"},"modified":"2022-08-29T14:02:48","modified_gmt":"2022-08-29T17:02:48","slug":"amigo-da-crianca","status":"publish","type":"page","link":"https:\/\/santacasasls.com.br\/site\/amigo-da-crianca\/","title":{"rendered":"Amigo da Crian\u00e7a"},"content":{"rendered":"\n<p><strong><u>Iniciativa Hospital Amigo da Crian\u00e7a<\/u><\/strong><\/p>\n\n\n\n<p>A Iniciativa Hospital Amigo da Crian\u00e7a\u00a0<strong>(IHAC)<\/strong>\u00a0foi idealizada, em 1990, pela\u00a0<strong>Organiza\u00e7\u00e3o Mundial da Sa\u00fade (OMS)<\/strong>\u00a0e pelo\u00a0Unicef\u00a0para promover, proteger e apoiar o aleitamento materno. Em 15\/08\/2003, a\u00a0<strong>Santa Casa de Miseric\u00f3rdia de S\u00e3o Louren\u00e7o do Sul<\/strong>\u00a0recebeu o t\u00edtulo<strong>\u00a0\u201cHospital Amigo da Crian\u00e7a\u201d<\/strong>, tornando-se o 13\u00ba hospital a conquist\u00e1-lo no estado do Rio Grande do Sul.<\/p>\n\n\n\n<p>O objetivo da<strong>&nbsp;IHAC<\/strong>&nbsp;\u00e9 mobilizar os funcion\u00e1rios dos estabelecimentos de sa\u00fade para que mudem condutas e rotinas respons\u00e1veis pelos elevados \u00edndices de desmame precoce. Para alcan\u00e7ar esta meta, foram estabelecidos os:&nbsp;<\/p>\n\n\n\n<p><strong><u>Dez Passos para o Sucesso do Aleitamento Materno<\/u><\/strong><\/p>\n\n\n\n<p><br><strong>1.<\/strong>&nbsp;Ter uma norma escrita sobre aleitamento materno, que deve ser rotineiramente transmitida a toda a equipe de cuidados de sa\u00fade.<br><strong>2.<\/strong>&nbsp;Treinar toda a equipe de cuidados, capacitando-a para implementar essa norma.<br><strong>3.<\/strong>&nbsp;Informar todas as gestantes sobre as vantagens e o manejo da amamenta\u00e7\u00e3o.<br><strong>4.&nbsp;<\/strong>Ajudar a m\u00e3e a iniciar a amamenta\u00e7\u00e3o na primeira meia hora ap\u00f3s o nascimento, durante trinta minutos.<br><strong>5.&nbsp;<\/strong>Mostrar \u00e0s m\u00e3es como amamentar e como manter a lacta\u00e7\u00e3o, mesmo se vierem a ser separadas de seus filhos.<br><strong>6.&nbsp;<\/strong>N\u00e3o dar ao rec\u00e9m-nascido nenhum outro alimento ou bebida al\u00e9m do leite materno, a n\u00e3o ser que tenha indica\u00e7\u00e3o m\u00e9dica.<br><strong>7.<\/strong>&nbsp;Praticar o alojamento conjunto \u2013 permitir que m\u00e3es e beb\u00eas permane\u00e7am juntos 24 horas por dia.<br><strong>8.&nbsp;<\/strong>Encorajar o aleitamento sobre livre demanda.<br><strong>9.<\/strong>&nbsp;N\u00e3o dar bicos artificiais ou chupetas \u00e0s crian\u00e7as amamentadas ao seio.<br><strong>10.&nbsp;<\/strong>Encorajar o estabelecimento de grupos de apoio \u00e0 amamenta\u00e7\u00e3o, para onde as m\u00e3es devem ser encaminhadas por ocasi\u00e3o da alta hospitalar ou ambulat\u00f3rio.<\/p>\n","protected":false},"excerpt":{"rendered":"<p>Iniciativa Hospital Amigo da Crian\u00e7a A Iniciativa Hospital Amigo da Crian\u00e7a\u00a0(IHAC)\u00a0foi idealizada, em 1990, pela\u00a0Organiza\u00e7\u00e3o Mundial da Sa\u00fade (OMS)\u00a0e pelo\u00a0Unicef\u00a0para promover, proteger e apoiar o aleitamento materno. Em 15\/08\/2003, a\u00a0Santa Casa de Miseric\u00f3rdia de S\u00e3o Louren\u00e7o do Sul\u00a0recebeu o t\u00edtulo\u00a0\u201cHospital Amigo da Crian\u00e7a\u201d, tornando-se o 13\u00ba hospital a conquist\u00e1-lo no estado do Rio Grande do [&hellip;]<\/p>\n","protected":false},"author":1,"featured_media":0,"parent":0,"menu_order":0,"comment_status":"closed","ping_status":"closed","template":"","meta":{"_acf_changed":false,"footnotes":""},"class_list":["post-219","page","type-page","status-publish","hentry"],"acf":[],"_links":{"self":[{"href":"https:\/\/santacasasls.com.br\/site\/wp-json\/wp\/v2\/pages\/219","targetHints":{"allow":["GET"]}}],"collection":[{"href":"https:\/\/santacasasls.com.br\/site\/wp-json\/wp\/v2\/pages"}],"about":[{"href":"https:\/\/santacasasls.com.br\/site\/wp-json\/wp\/v2\/types\/page"}],"author":[{"embeddable":true,"href":"https:\/\/santacasasls.com.br\/site\/wp-json\/wp\/v2\/users\/1"}],"replies":[{"embeddable":true,"href":"https:\/\/santacasasls.com.br\/site\/wp-json\/wp\/v2\/comments?post=219"}],"version-history":[{"count":2,"href":"https:\/\/santacasasls.com.br\/site\/wp-json\/wp\/v2\/pages\/219\/revisions"}],"predecessor-version":[{"id":345,"href":"https:\/\/santacasasls.com.br\/site\/wp-json\/wp\/v2\/pages\/219\/revisions\/345"}],"wp:attachment":[{"href":"https:\/\/santacasasls.com.br\/site\/wp-json\/wp\/v2\/media?parent=219"}],"curies":[{"name":"wp","href":"https:\/\/api.w.org\/{rel}","templated":true}]}}