{"id":164,"date":"2022-07-27T09:21:28","date_gmt":"2022-07-27T12:21:28","guid":{"rendered":"https:\/\/santacasasls.com.br\/site\/\/?page_id=164"},"modified":"2022-09-09T14:07:30","modified_gmt":"2022-09-09T17:07:30","slug":"como-doar","status":"publish","type":"page","link":"https:\/\/santacasasls.com.br\/site\/como-doar\/","title":{"rendered":"Como Doar"},"content":{"rendered":"\n<p><a href=\"https:\/\/santacasasls.com.br\/site\/faca-um-pix\/\">Fa\u00e7a um PIX<\/a><\/p>\n\n\n\n<p><a href=\"https:\/\/santacasasls.com.br\/site\/faca-um-deposito\/\">Fa\u00e7a um Dep\u00f3sito<\/a><\/p>\n\n\n\n<p><a rel=\"noreferrer noopener\" href=\"https:\/\/santacasasls.com.br\/site\/camiseta-santa-casa\/\" data-type=\"page\" data-id=\"166\" target=\"_blank\">Camiseta Santa Casa<\/a><\/p>\n\n\n\n<p><a rel=\"noreferrer noopener\" href=\"https:\/\/santacasasls.com.br\/site\/outras-doacoes\/\" data-type=\"page\" data-id=\"177\" target=\"_blank\">Outras Doa\u00e7\u00f5es<\/a><\/p>\n\n\n\n<p><a rel=\"noreferrer noopener\" href=\"https:\/\/santacasasls.com.br\/site\/nota-fiscal-gaucha\/\" data-type=\"page\" data-id=\"174\" target=\"_blank\">Nota Fiscal Ga\u00facha<\/a><\/p>\n\n\n\n<p><a rel=\"noreferrer noopener\" href=\"https:\/\/santacasasls.com.br\/site\/troco-amigo-da-panvel\/\" target=\"_blank\">Troco Amigo da Panvel<\/a><\/p>\n\n\n\n<p><a href=\"https:\/\/santacasasls.com.br\/site\/projetos-e-captacao-de-recursos\/\" data-type=\"page\" data-id=\"179\" target=\"_blank\" rel=\"noreferrer noopener\">Projetos e Capta\u00e7\u00e3o de Recursos<\/a><\/p>\n\n\n\n<p><\/p>\n","protected":false},"excerpt":{"rendered":"<p>Fa\u00e7a um PIX Fa\u00e7a um Dep\u00f3sito Camiseta Santa Casa Outras Doa\u00e7\u00f5es Nota Fiscal Ga\u00facha Troco Amigo da Panvel Projetos e Capta\u00e7\u00e3o de Recursos<\/p>\n","protected":false},"author":1,"featured_media":0,"parent":0,"menu_order":0,"comment_status":"closed","ping_status":"closed","template":"","meta":{"_acf_changed":false,"footnotes":""},"class_list":["post-164","page","type-page","status-publish","hentry"],"acf":[],"_links":{"self":[{"href":"https:\/\/santacasasls.com.br\/site\/wp-json\/wp\/v2\/pages\/164","targetHints":{"allow":["GET"]}}],"collection":[{"href":"https:\/\/santacasasls.com.br\/site\/wp-json\/wp\/v2\/pages"}],"about":[{"href":"https:\/\/santacasasls.com.br\/site\/wp-json\/wp\/v2\/types\/page"}],"author":[{"embeddable":true,"href":"https:\/\/santacasasls.com.br\/site\/wp-json\/wp\/v2\/users\/1"}],"replies":[{"embeddable":true,"href":"https:\/\/santacasasls.com.br\/site\/wp-json\/wp\/v2\/comments?post=164"}],"version-history":[{"count":6,"href":"https:\/\/santacasasls.com.br\/site\/wp-json\/wp\/v2\/pages\/164\/revisions"}],"predecessor-version":[{"id":420,"href":"https:\/\/santacasasls.com.br\/site\/wp-json\/wp\/v2\/pages\/164\/revisions\/420"}],"wp:attachment":[{"href":"https:\/\/santacasasls.com.br\/site\/wp-json\/wp\/v2\/media?parent=164"}],"curies":[{"name":"wp","href":"https:\/\/api.w.org\/{rel}","templated":true}]}}