{"id":162,"date":"2022-07-27T09:20:31","date_gmt":"2022-07-27T12:20:31","guid":{"rendered":"https:\/\/santacasasls.com.br\/site\/\/?page_id=162"},"modified":"2022-07-27T11:19:03","modified_gmt":"2022-07-27T14:19:03","slug":"visita-institucional","status":"publish","type":"page","link":"https:\/\/santacasasls.com.br\/site\/visita-institucional\/","title":{"rendered":"Visita Institucional"},"content":{"rendered":"\n<p><\/p>\n\n\n\n<div class=\"wpcf7 no-js\" id=\"wpcf7-f196-o1\" lang=\"pt-BR\" dir=\"ltr\" data-wpcf7-id=\"196\">\n<div class=\"screen-reader-response\"><p role=\"status\" aria-live=\"polite\" aria-atomic=\"true\"><\/p> <ul><\/ul><\/div>\n<form action=\"\/site\/wp-json\/wp\/v2\/pages\/162#wpcf7-f196-o1\" method=\"post\" class=\"wpcf7-form init\" aria-label=\"Formul\u00e1rios de contato\" novalidate=\"novalidate\" data-status=\"init\">\n<div style=\"display: none;\">\n<input type=\"hidden\" name=\"_wpcf7\" value=\"196\" \/>\n<input type=\"hidden\" name=\"_wpcf7_version\" value=\"6.0.3\" \/>\n<input type=\"hidden\" name=\"_wpcf7_locale\" value=\"pt_BR\" \/>\n<input type=\"hidden\" name=\"_wpcf7_unit_tag\" value=\"wpcf7-f196-o1\" \/>\n<input type=\"hidden\" name=\"_wpcf7_container_post\" value=\"0\" \/>\n<input type=\"hidden\" name=\"_wpcf7_posted_data_hash\" value=\"\" \/>\n<\/div>\n<p>Este espa\u00e7o \u00e9 destinado ao agendamento de visitas de outras empresas e\/ou institui\u00e7\u00f5es aos setores da Santa Casa de Miseric\u00f3rdia.\n<\/p>\n<div class=\"form-group col col-sm-10 col-md-8\">\n\t<p><label for=\"nome\">Nome Completo *: <\/label><br \/>\n<span class=\"wpcf7-form-control-wrap\" data-name=\"nome\"><input size=\"40\" maxlength=\"400\" class=\"wpcf7-form-control wpcf7-text wpcf7-validates-as-required form-control\" id=\"nome\" aria-required=\"true\" aria-invalid=\"false\" value=\"\" type=\"text\" name=\"nome\" \/><\/span>\n\t<\/p>\n<\/div>\n<div class=\"form-group col col-sm-10 col-md-8\">\n\t<p><label for=\"email\">Email *: <\/label><br \/>\n<span class=\"wpcf7-form-control-wrap\" data-name=\"email\"><input size=\"40\" maxlength=\"400\" class=\"wpcf7-form-control wpcf7-email wpcf7-validates-as-required wpcf7-text wpcf7-validates-as-email form-control\" id=\"email\" aria-required=\"true\" aria-invalid=\"false\" value=\"\" type=\"email\" name=\"email\" \/><\/span>\n\t<\/p>\n<\/div>\n<div class=\"form-group col col-sm-10 col-md-8\">\n\t<p><label for=\"telefone\">Telefone *: <\/label><br \/>\n<span class=\"wpcf7-form-control-wrap\" data-name=\"telefone\"><input size=\"40\" maxlength=\"400\" class=\"wpcf7-form-control wpcf7-tel wpcf7-validates-as-required wpcf7-text wpcf7-validates-as-tel form-control\" id=\"telefone\" aria-required=\"true\" aria-invalid=\"false\" value=\"\" type=\"tel\" name=\"telefone\" \/><\/span>\n\t<\/p>\n<\/div>\n<div class=\"form-group col col-sm-10 col-md-8\">\n\t<p><label for=\"data-visita\">Data da visita *: <\/label><br \/>\n<span class=\"wpcf7-form-control-wrap\" data-name=\"data-visita\"><input class=\"wpcf7-form-control wpcf7-date wpcf7-validates-as-required wpcf7-validates-as-date form-control\" min=\"2022-01-01\" aria-required=\"true\" aria-invalid=\"false\" value=\"\" type=\"date\" name=\"data-visita\" \/><\/span>\n\t<\/p>\n<\/div>\n<div class=\"form-group col col-sm-10 col-md-8\">\n\t<p><label for=\"horario\">Hor\u00e1rio *: <\/label><br \/>\n<span class=\"wpcf7-form-control-wrap\" data-name=\"horario\"><input size=\"40\" maxlength=\"400\" class=\"wpcf7-form-control wpcf7-text wpcf7-validates-as-required form-control\" id=\"horario\" aria-required=\"true\" aria-invalid=\"false\" value=\"\" type=\"text\" name=\"horario\" \/><\/span>\n\t<\/p>\n<\/div>\n<div class=\"form-group col col-sm-10 col-md-8\">\n\t<p><label for=\"numero-pessoas\">N\u00famero de Pessoas *: <\/label><br \/>\n<span class=\"wpcf7-form-control-wrap\" data-name=\"numero-pessoas\"><input size=\"40\" maxlength=\"400\" class=\"wpcf7-form-control wpcf7-text wpcf7-validates-as-required form-control\" id=\"numero-pessoas\" aria-required=\"true\" aria-invalid=\"false\" value=\"\" type=\"text\" name=\"numero-pessoas\" \/><\/span>\n\t<\/p>\n<\/div>\n<div class=\"form-group col col-sm-10 col-md-8\">\n\t<p><label for=\"setores\">Setores que deseja visitar *: <\/label><br \/>\n<span class=\"wpcf7-form-control-wrap\" data-name=\"setores\"><input size=\"40\" maxlength=\"400\" class=\"wpcf7-form-control wpcf7-text wpcf7-validates-as-required form-control\" id=\"setores\" aria-required=\"true\" aria-invalid=\"false\" value=\"\" type=\"text\" name=\"setores\" \/><\/span>\n\t<\/p>\n<\/div>\n<div class=\"form-group col col-sm-10 col-md-8\">\n\t<p><label for=\"objetivo\">Objetivo da Visita *: <\/label><br \/>\n<span class=\"wpcf7-form-control-wrap\" data-name=\"objetivo\"><input size=\"40\" maxlength=\"400\" class=\"wpcf7-form-control wpcf7-text wpcf7-validates-as-required form-control\" id=\"objetivo\" aria-required=\"true\" aria-invalid=\"false\" value=\"\" type=\"text\" name=\"objetivo\" \/><\/span>\n\t<\/p>\n<\/div>\n<div class=\"form-group col col-sm-10 col-md-8\">\n\t<p>* Todos os campos s\u00e3o obrigat\u00f3rios\n\t<\/p>\n<\/div>\n<div class=\"form-group col col-sm-10 col-md-8\">\n\t<p><input class=\"wpcf7-form-control wpcf7-submit has-spinner btn-block btn btn-primary btn-lg\" type=\"submit\" value=\"Enviar\" \/>\n\t<\/p>\n<\/div><div class=\"wpcf7-response-output\" aria-hidden=\"true\"><\/div>\n<\/form>\n<\/div>\n\n","protected":false},"excerpt":{"rendered":"","protected":false},"author":1,"featured_media":0,"parent":0,"menu_order":0,"comment_status":"closed","ping_status":"closed","template":"","meta":{"_acf_changed":false,"footnotes":""},"class_list":["post-162","page","type-page","status-publish","hentry"],"acf":[],"_links":{"self":[{"href":"https:\/\/santacasasls.com.br\/site\/wp-json\/wp\/v2\/pages\/162","targetHints":{"allow":["GET"]}}],"collection":[{"href":"https:\/\/santacasasls.com.br\/site\/wp-json\/wp\/v2\/pages"}],"about":[{"href":"https:\/\/santacasasls.com.br\/site\/wp-json\/wp\/v2\/types\/page"}],"author":[{"embeddable":true,"href":"https:\/\/santacasasls.com.br\/site\/wp-json\/wp\/v2\/users\/1"}],"replies":[{"embeddable":true,"href":"https:\/\/santacasasls.com.br\/site\/wp-json\/wp\/v2\/comments?post=162"}],"version-history":[{"count":5,"href":"https:\/\/santacasasls.com.br\/site\/wp-json\/wp\/v2\/pages\/162\/revisions"}],"predecessor-version":[{"id":200,"href":"https:\/\/santacasasls.com.br\/site\/wp-json\/wp\/v2\/pages\/162\/revisions\/200"}],"wp:attachment":[{"href":"https:\/\/santacasasls.com.br\/site\/wp-json\/wp\/v2\/media?parent=162"}],"curies":[{"name":"wp","href":"https:\/\/api.w.org\/{rel}","templated":true}]}}