{"id":160,"date":"2022-07-27T09:20:14","date_gmt":"2022-07-27T12:20:14","guid":{"rendered":"https:\/\/santacasasls.com.br\/site\/\/?page_id=160"},"modified":"2022-08-15T09:32:51","modified_gmt":"2022-08-15T12:32:51","slug":"trabalhe-conosco","status":"publish","type":"page","link":"https:\/\/santacasasls.com.br\/site\/trabalhe-conosco\/","title":{"rendered":"Trabalhe Conosco"},"content":{"rendered":"\n<div class=\"wp-block-contact-form-7-contact-form-selector\">\n<div class=\"wpcf7 no-js\" id=\"wpcf7-f225-o1\" lang=\"pt-BR\" dir=\"ltr\" data-wpcf7-id=\"225\">\n<div class=\"screen-reader-response\"><p role=\"status\" aria-live=\"polite\" aria-atomic=\"true\"><\/p> <ul><\/ul><\/div>\n<form action=\"\/site\/wp-json\/wp\/v2\/pages\/160#wpcf7-f225-o1\" method=\"post\" class=\"wpcf7-form init\" aria-label=\"Formul\u00e1rios de contato\" enctype=\"multipart\/form-data\" novalidate=\"novalidate\" data-status=\"init\">\n<div style=\"display: none;\">\n<input type=\"hidden\" name=\"_wpcf7\" value=\"225\" \/>\n<input type=\"hidden\" name=\"_wpcf7_version\" value=\"6.0.3\" \/>\n<input type=\"hidden\" name=\"_wpcf7_locale\" value=\"pt_BR\" \/>\n<input type=\"hidden\" name=\"_wpcf7_unit_tag\" value=\"wpcf7-f225-o1\" \/>\n<input type=\"hidden\" name=\"_wpcf7_container_post\" value=\"0\" \/>\n<input type=\"hidden\" name=\"_wpcf7_posted_data_hash\" value=\"\" \/>\n<\/div>\n<div class=\"form-group col col-sm-10 col-md-8\">\n\t<p><label for=\"cargos\">Cargos Pretendidos *: <\/label><br \/>\n<span class=\"wpcf7-form-control-wrap\" data-name=\"cargos\"><input size=\"40\" maxlength=\"400\" class=\"wpcf7-form-control wpcf7-text wpcf7-validates-as-required form-control\" id=\"cargos\" aria-required=\"true\" aria-invalid=\"false\" value=\"\" type=\"text\" name=\"cargos\" \/><\/span>\n\t<\/p>\n<\/div>\n<div class=\"form-group col col-sm-10 col-md-8\">\n<hr \/>\n<\/div>\n<p>DADOS PESSOAIS:\n<\/p>\n<div class=\"form-group col col-sm-10 col-md-8\">\n\t<p><label for=\"nome\">Nome Completo *: <\/label><br \/>\n<span class=\"wpcf7-form-control-wrap\" data-name=\"nome\"><input size=\"40\" maxlength=\"400\" class=\"wpcf7-form-control wpcf7-text wpcf7-validates-as-required form-control\" id=\"nome\" aria-required=\"true\" aria-invalid=\"false\" value=\"\" type=\"text\" name=\"nome\" \/><\/span>\n\t<\/p>\n<\/div>\n<div class=\"form-group col col-sm-10 col-md-8\">\n\t<p><label for=\"foto\">Anexar foto: *<\/label><br \/>\n<span class=\"wpcf7-form-control-wrap\" data-name=\"foto\"><input size=\"40\" class=\"wpcf7-form-control wpcf7-file wpcf7-validates-as-required form-control\" id=\"foto\" accept=\".jpg,.jpeg,.png,.gif,.bmp,.tiff\" aria-required=\"true\" aria-invalid=\"false\" type=\"file\" name=\"foto\" \/><\/span>\n\t<\/p>\n<\/div>\n<div class=\"form-group col col-sm-10 col-md-8\">\n\t<p><label for=\"sexo\">Sexo *: <\/label><br \/>\n<span class=\"wpcf7-form-control-wrap\" data-name=\"sexo\"><input size=\"40\" maxlength=\"400\" class=\"wpcf7-form-control wpcf7-text wpcf7-validates-as-required form-control\" id=\"sexo\" aria-required=\"true\" aria-invalid=\"false\" value=\"\" type=\"text\" name=\"sexo\" \/><\/span>\n\t<\/p>\n<\/div>\n<div class=\"form-group col col-sm-10 col-md-8\">\n\t<p><label for=\"nascimento\">Nascimento *: <\/label><br \/>\n<span class=\"wpcf7-form-control-wrap\" data-name=\"nascimento\"><input class=\"wpcf7-form-control wpcf7-date wpcf7-validates-as-required wpcf7-validates-as-date form-control\" id=\"nascimento\" min=\"1930-01-01\" aria-required=\"true\" aria-invalid=\"false\" value=\"\" type=\"date\" name=\"nascimento\" \/><\/span>\n\t<\/p>\n<\/div>\n<div class=\"form-group col col-sm-10 col-md-8\">\n\t<p><label for=\"naturalidade\">Naturalidade *: <\/label><br \/>\n<span class=\"wpcf7-form-control-wrap\" data-name=\"naturalidade\"><input size=\"40\" maxlength=\"400\" class=\"wpcf7-form-control wpcf7-text wpcf7-validates-as-required form-control\" id=\"naturalidade\" aria-required=\"true\" aria-invalid=\"false\" value=\"\" type=\"text\" name=\"naturalidade\" \/><\/span>\n\t<\/p>\n<\/div>\n<div class=\"form-group col col-sm-10 col-md-8\">\n\t<p><label for=\"endereco\">Endere\u00e7o *: <\/label><br \/>\n<span class=\"wpcf7-form-control-wrap\" data-name=\"endereco\"><input size=\"40\" maxlength=\"400\" class=\"wpcf7-form-control wpcf7-text wpcf7-validates-as-required form-control\" id=\"endereco\" aria-required=\"true\" aria-invalid=\"false\" value=\"\" type=\"text\" name=\"endereco\" \/><\/span>\n\t<\/p>\n<\/div>\n<div class=\"form-group col col-sm-10 col-md-8\">\n\t<p><label for=\"bairro\">Bairro *: <\/label><br \/>\n<span class=\"wpcf7-form-control-wrap\" data-name=\"bairro\"><input size=\"40\" maxlength=\"400\" class=\"wpcf7-form-control wpcf7-text wpcf7-validates-as-required form-control\" id=\"bairro\" aria-required=\"true\" aria-invalid=\"false\" value=\"\" type=\"text\" name=\"bairro\" \/><\/span>\n\t<\/p>\n<\/div>\n<div class=\"form-group col col-sm-10 col-md-8\">\n\t<p><label for=\"cidade\">Cidade *: <\/label><br \/>\n<span class=\"wpcf7-form-control-wrap\" data-name=\"cidade\"><input size=\"40\" maxlength=\"400\" class=\"wpcf7-form-control wpcf7-text wpcf7-validates-as-required form-control\" id=\"cidade\" aria-required=\"true\" aria-invalid=\"false\" value=\"\" type=\"text\" name=\"cidade\" \/><\/span>\n\t<\/p>\n<\/div>\n<div class=\"form-group col col-sm-10 col-md-8\">\n\t<p><label for=\"uf\">UF *: <\/label><br \/>\n<span class=\"wpcf7-form-control-wrap\" data-name=\"uf\"><input size=\"40\" maxlength=\"400\" class=\"wpcf7-form-control wpcf7-text wpcf7-validates-as-required form-control\" id=\"uf\" aria-required=\"true\" aria-invalid=\"false\" value=\"\" type=\"text\" name=\"uf\" \/><\/span>\n\t<\/p>\n<\/div>\n<div class=\"form-group col col-sm-10 col-md-8\">\n\t<p><label for=\"celular\">Celular *: <\/label><br \/>\n<span class=\"wpcf7-form-control-wrap\" data-name=\"celular\"><input size=\"40\" maxlength=\"400\" class=\"wpcf7-form-control wpcf7-tel wpcf7-validates-as-required wpcf7-text wpcf7-validates-as-tel form-control\" id=\"celular\" aria-required=\"true\" aria-invalid=\"false\" value=\"\" type=\"tel\" name=\"celular\" \/><\/span>\n\t<\/p>\n<\/div>\n<div class=\"form-group col col-sm-10 col-md-8\">\n\t<p><label for=\"contato-recado\">Contato\/Recado *: <\/label><br \/>\n<span class=\"wpcf7-form-control-wrap\" data-name=\"contato-recado\"><input size=\"40\" maxlength=\"400\" class=\"wpcf7-form-control wpcf7-tel wpcf7-validates-as-required wpcf7-text wpcf7-validates-as-tel form-control\" id=\"contato-recado\" aria-required=\"true\" aria-invalid=\"false\" value=\"\" type=\"tel\" name=\"contato-recado\" \/><\/span>\n\t<\/p>\n<\/div>\n<div class=\"form-group col col-sm-10 col-md-8\">\n\t<p><label for=\"estado-civil\">Estado Civil *: <\/label><br \/>\n<span class=\"wpcf7-form-control-wrap\" data-name=\"estado-civil\"><input size=\"40\" maxlength=\"400\" class=\"wpcf7-form-control wpcf7-text wpcf7-validates-as-required form-control\" id=\"estado-civil\" aria-required=\"true\" aria-invalid=\"false\" value=\"\" type=\"text\" name=\"estado-civil\" \/><\/span>\n\t<\/p>\n<\/div>\n<div class=\"form-group col col-sm-10 col-md-8\">\n\t<p><label for=\"filhos\">Filhos: <\/label><br \/>\n<span class=\"wpcf7-form-control-wrap\" data-name=\"filhos\"><select class=\"wpcf7-form-control wpcf7-select wpcf7-validates-as-required form-control\" id=\"filhos\" aria-required=\"true\" aria-invalid=\"false\" name=\"filhos\"><option value=\"Sim\">Sim<\/option><option value=\"N\u00e3o\">N\u00e3o<\/option><\/select><\/span>\n\t<\/p>\n<\/div>\n<div class=\"form-group col col-sm-10 col-md-8\">\n\t<p><label for=\"quantos-filhos\">Quantos filhos: <\/label><br \/>\n<span class=\"wpcf7-form-control-wrap\" data-name=\"quantos-filhos\"><input size=\"40\" maxlength=\"400\" class=\"wpcf7-form-control wpcf7-text form-control\" id=\"quantos-filhos\" aria-invalid=\"false\" value=\"\" type=\"text\" name=\"quantos-filhos\" \/><\/span>\n\t<\/p>\n<\/div>\n<div class=\"form-group col col-sm-10 col-md-8\">\n\t<p><label for=\"conhecimentos-adicionais\">Conhecimentos adicionais: <\/label><br \/>\n<span class=\"wpcf7-form-control-wrap\" data-name=\"conhecimentos-adicionais\"><input size=\"40\" maxlength=\"400\" class=\"wpcf7-form-control wpcf7-text form-control\" id=\"conhecimentos-adicionais\" aria-invalid=\"false\" value=\"\" type=\"text\" name=\"conhecimentos-adicionais\" \/><\/span>\n\t<\/p>\n<\/div>\n<div class=\"form-group col col-sm-10 col-md-8\">\n\t<p><label for=\"coren\">N\u00ba Registro COREN: (Exclusivo para \u00e0rea de enfermagem)<\/label><br \/>\n<span class=\"wpcf7-form-control-wrap\" data-name=\"coren\"><input size=\"40\" maxlength=\"400\" class=\"wpcf7-form-control wpcf7-text form-control\" id=\"coren\" aria-invalid=\"false\" value=\"\" type=\"text\" name=\"coren\" \/><\/span>\n\t<\/p>\n<\/div>\n<div class=\"form-group col col-sm-10 col-md-8\">\n<hr \/>\n<\/div>\n<p>HIST\u00d3RICO PROFISSIONAL\n<\/p>\n<div class=\"form-group col col-sm-10 col-md-8\">\n\t<p><label for=\"ultimo-emprego\">\u00daltimo emprego ou atual: <\/label><br \/>\n<span class=\"wpcf7-form-control-wrap\" data-name=\"ultimo-emprego\"><input size=\"40\" maxlength=\"400\" class=\"wpcf7-form-control wpcf7-text form-control\" id=\"ultimo-emprego\" aria-invalid=\"false\" value=\"\" type=\"text\" name=\"ultimo-emprego\" \/><\/span>\n\t<\/p>\n<\/div>\n<div class=\"form-group col col-sm-10 col-md-8\">\n\t<p><label for=\"endereco-2\">Endere\u00e7o: <\/label><br \/>\n<span class=\"wpcf7-form-control-wrap\" data-name=\"endereco-2\"><input size=\"40\" maxlength=\"400\" class=\"wpcf7-form-control wpcf7-text form-control\" id=\"endereco-2\" aria-invalid=\"false\" value=\"\" type=\"text\" name=\"endereco-2\" \/><\/span>\n\t<\/p>\n<\/div>\n<div class=\"form-group col col-sm-10 col-md-8\">\n\t<p><label for=\"telefone-2\">Telefone: <\/label><br \/>\n<span class=\"wpcf7-form-control-wrap\" data-name=\"telefone-2\"><input size=\"40\" maxlength=\"400\" class=\"wpcf7-form-control wpcf7-tel wpcf7-text wpcf7-validates-as-tel form-control\" id=\"telefone-2\" aria-invalid=\"false\" value=\"\" type=\"tel\" name=\"telefone-2\" \/><\/span>\n\t<\/p>\n<\/div>\n<div class=\"form-group col col-sm-10 col-md-8\">\n\t<p><label for=\"desligamento\">Iniciativa desligamento: <\/label><br \/>\n<span class=\"wpcf7-form-control-wrap\" data-name=\"desligamento\"><select class=\"wpcf7-form-control wpcf7-select form-control\" id=\"desligamento\" aria-invalid=\"false\" name=\"desligamento\"><option value=\"Pr\u00f3pria\">Pr\u00f3pria<\/option><option value=\"Empregador\">Empregador<\/option><\/select><\/span>\n\t<\/p>\n<\/div>\n<div class=\"form-group col col-sm-10 col-md-8\">\n\t<p><label for=\"admissao\">Admiss\u00e3o: <\/label><br \/>\n<span class=\"wpcf7-form-control-wrap\" data-name=\"admissao\"><input class=\"wpcf7-form-control wpcf7-date wpcf7-validates-as-date form-control\" id=\"admissao\" min=\"1930-01-01\" aria-invalid=\"false\" value=\"\" type=\"date\" name=\"admissao\" \/><\/span>\n\t<\/p>\n<\/div>\n<div class=\"form-group col col-sm-10 col-md-8\">\n\t<p><label for=\"desligamento\">Desligamento: <\/label><br \/>\n<span class=\"wpcf7-form-control-wrap\" data-name=\"desligamento\"><input class=\"wpcf7-form-control wpcf7-date wpcf7-validates-as-date form-control\" min=\"1930-01-01\" aria-invalid=\"false\" value=\"\" type=\"date\" name=\"desligamento\" \/><\/span>\n\t<\/p>\n<\/div>\n<div class=\"form-group col col-sm-10 col-md-8\">\n\t<p><label for=\"funcao\">Fun\u00e7\u00e3o desempenhada: <\/label><br \/>\n<span class=\"wpcf7-form-control-wrap\" data-name=\"funcao\"><input size=\"40\" maxlength=\"400\" class=\"wpcf7-form-control wpcf7-text form-control\" id=\"funcao\" aria-invalid=\"false\" value=\"\" type=\"text\" name=\"funcao\" \/><\/span>\n\t<\/p>\n<\/div>\n<div class=\"form-group col col-sm-10 col-md-8\">\n\t<p><label for=\"motivo-desligamento\">Motivo do desligamento: <\/label><br \/>\n<span class=\"wpcf7-form-control-wrap\" data-name=\"motivo-desligamento\"><input size=\"40\" maxlength=\"400\" class=\"wpcf7-form-control wpcf7-text form-control\" id=\"motivo-desligamento\" aria-invalid=\"false\" value=\"\" type=\"text\" name=\"motivo-desligamento\" \/><\/span>\n\t<\/p>\n<\/div>\n<div class=\"form-group col col-sm-10 col-md-8\">\n\t<p><label for=\"ja-trabalhou\">J\u00e1 trabalhou na Santa Casa? <\/label><br \/>\n<span class=\"wpcf7-form-control-wrap\" data-name=\"ja-trabalhou\"><select class=\"wpcf7-form-control wpcf7-select form-control\" id=\"ja-trabalhou\" aria-invalid=\"false\" name=\"ja-trabalhou\"><option value=\"SIM\">SIM<\/option><option value=\"N\u00c3O\">N\u00c3O<\/option><\/select><\/span>\n\t<\/p>\n<\/div>\n<div class=\"form-group col col-sm-10 col-md-8\">\n<hr \/>\n<\/div>\n<div class=\"form-group col col-sm-10 col-md-8\">\n\t<p><label for=\"escala\">OS FUNCION\u00c1RIOS DA SANTA CASA OBEDECEM A UMA ESCALA DE PLANT\u00d5ES AOS DOMINGOS E FERIADOS, HOR\u00c1RIOS ALTERNADOS, REMANEJO DE SETOR QUANDO NECESS\u00c1RIO E HORAS EXTRAS. EST\u00c1 DISPOSTO (a) A CUMPRIR ESTAS ESCALAS? *<\/label><br \/>\n<span class=\"wpcf7-form-control-wrap\" data-name=\"escala\"><select class=\"wpcf7-form-control wpcf7-select wpcf7-validates-as-required form-control\" id=\"escala\" aria-required=\"true\" aria-invalid=\"false\" name=\"escala\"><option value=\"SIM\">SIM<\/option><option value=\"N\u00c3O\">N\u00c3O<\/option><\/select><\/span>\n\t<\/p>\n<\/div>\n<div class=\"form-group col col-sm-10 col-md-8\">\n<hr \/>\n<\/div>\n<div class=\"form-group col col-sm-10 col-md-8\">\n\t<p><label for=\"aceite\">DECLARO QUE AS INFORMA\u00c7\u00d5ES QUE PRESTEI NESTE FORMUL\u00c1RIO S\u00c3O VERDADEIRAS: <\/label><br \/>\n<span class=\"wpcf7-form-control-wrap\" data-name=\"aceite\"><span class=\"wpcf7-form-control wpcf7-checkbox wpcf7-validates-as-required wpcf7-exclusive-checkbox form-control\" id=\"aceite\"><span class=\"wpcf7-list-item first\"><input type=\"checkbox\" name=\"aceite\" value=\"SIM\" \/><span class=\"wpcf7-list-item-label\">SIM<\/span><\/span><span class=\"wpcf7-list-item last\"><input type=\"checkbox\" name=\"aceite\" value=\"N\u00c3O\" \/><span class=\"wpcf7-list-item-label\">N\u00c3O<\/span><\/span><\/span><\/span>\n\t<\/p>\n<\/div>\n<div class=\"form-group col col-sm-10 col-md-8\">\n\t<p>* Todos os campos s\u00e3o obrigat\u00f3rios\n\t<\/p>\n<\/div>\n<div class=\"form-group col col-sm-10 col-md-8\">\n\t<p><input class=\"wpcf7-form-control wpcf7-submit has-spinner btn-block btn btn-primary btn-lg\" type=\"submit\" value=\"Enviar\" \/>\n\t<\/p>\n<\/div><div class=\"wpcf7-response-output\" aria-hidden=\"true\"><\/div>\n<\/form>\n<\/div>\n<\/div>\n","protected":false},"excerpt":{"rendered":"","protected":false},"author":1,"featured_media":0,"parent":0,"menu_order":0,"comment_status":"closed","ping_status":"closed","template":"","meta":{"_acf_changed":false,"footnotes":""},"class_list":["post-160","page","type-page","status-publish","hentry"],"acf":[],"_links":{"self":[{"href":"https:\/\/santacasasls.com.br\/site\/wp-json\/wp\/v2\/pages\/160","targetHints":{"allow":["GET"]}}],"collection":[{"href":"https:\/\/santacasasls.com.br\/site\/wp-json\/wp\/v2\/pages"}],"about":[{"href":"https:\/\/santacasasls.com.br\/site\/wp-json\/wp\/v2\/types\/page"}],"author":[{"embeddable":true,"href":"https:\/\/santacasasls.com.br\/site\/wp-json\/wp\/v2\/users\/1"}],"replies":[{"embeddable":true,"href":"https:\/\/santacasasls.com.br\/site\/wp-json\/wp\/v2\/comments?post=160"}],"version-history":[{"count":2,"href":"https:\/\/santacasasls.com.br\/site\/wp-json\/wp\/v2\/pages\/160\/revisions"}],"predecessor-version":[{"id":226,"href":"https:\/\/santacasasls.com.br\/site\/wp-json\/wp\/v2\/pages\/160\/revisions\/226"}],"wp:attachment":[{"href":"https:\/\/santacasasls.com.br\/site\/wp-json\/wp\/v2\/media?parent=160"}],"curies":[{"name":"wp","href":"https:\/\/api.w.org\/{rel}","templated":true}]}}