{"id":158,"date":"2022-07-27T09:19:57","date_gmt":"2022-07-27T12:19:57","guid":{"rendered":"https:\/\/santacasasls.com.br\/site\/\/?page_id=158"},"modified":"2022-07-27T13:12:32","modified_gmt":"2022-07-27T16:12:32","slug":"pesquisa-de-satisfacao","status":"publish","type":"page","link":"https:\/\/santacasasls.com.br\/site\/pesquisa-de-satisfacao\/","title":{"rendered":"Pesquisa de Satisfa\u00e7\u00e3o"},"content":{"rendered":"\n<p>Ol\u00e1! Tudo bem? Temos a informa\u00e7\u00e3o de que voc\u00ea passou alguns momentos conosco e gostar\u00edamos de saber como foi essa experi\u00eancia.<\/p>\n\n\n\n<div class=\"wpcf7 no-js\" id=\"wpcf7-f206-o1\" lang=\"pt-BR\" dir=\"ltr\" data-wpcf7-id=\"206\">\n<div class=\"screen-reader-response\"><p role=\"status\" aria-live=\"polite\" aria-atomic=\"true\"><\/p> <ul><\/ul><\/div>\n<form action=\"\/site\/wp-json\/wp\/v2\/pages\/158#wpcf7-f206-o1\" method=\"post\" class=\"wpcf7-form init\" aria-label=\"Formul\u00e1rios de contato\" novalidate=\"novalidate\" data-status=\"init\">\n<div style=\"display: none;\">\n<input type=\"hidden\" name=\"_wpcf7\" value=\"206\" \/>\n<input type=\"hidden\" name=\"_wpcf7_version\" value=\"6.0.3\" \/>\n<input type=\"hidden\" name=\"_wpcf7_locale\" value=\"pt_BR\" \/>\n<input type=\"hidden\" name=\"_wpcf7_unit_tag\" value=\"wpcf7-f206-o1\" \/>\n<input type=\"hidden\" name=\"_wpcf7_container_post\" value=\"0\" \/>\n<input type=\"hidden\" name=\"_wpcf7_posted_data_hash\" value=\"\" \/>\n<\/div>\n\n<div class=\"form-group col col-sm-10 col-md-8\">\n\t<p><label for=\"aceite\">Voc\u00ea poderia compartilhar sua avalia\u00e7\u00e3o a respeito de como foi seu atendimento na Santa Casa de Miseric\u00f3rdia de S\u00e3o Louren\u00e7o do Sul? <\/label><br \/>\n<span class=\"wpcf7-form-control-wrap\" data-name=\"aceite\"><span class=\"wpcf7-form-control wpcf7-checkbox wpcf7-validates-as-required wpcf7-exclusive-checkbox form-control\" id=\"aceite\"><span class=\"wpcf7-list-item first\"><span class=\"wpcf7-list-item-label\">SIM<\/span><input type=\"checkbox\" name=\"aceite\" value=\"SIM\" \/><\/span><span class=\"wpcf7-list-item last\"><span class=\"wpcf7-list-item-label\">N\u00c3O<\/span><input type=\"checkbox\" name=\"aceite\" value=\"N\u00c3O\" \/><\/span><\/span><\/span>\n\t<\/p>\n<\/div>\n<div class=\"form-group col col-sm-10 col-md-8\">\n\t<p>Em caso de SIM, responda:\n\t<\/p>\n<\/div>\n<div class=\"form-group col col-sm-10 col-md-8\">\n\t<p><label for=\"nome\">1. Nome completo (caso queira o retorno e contato da nossa equipe):<\/label><br \/>\n<span class=\"wpcf7-form-control-wrap\" data-name=\"nome\"><input size=\"40\" maxlength=\"400\" class=\"wpcf7-form-control wpcf7-text form-control\" id=\"nome\" aria-invalid=\"false\" value=\"\" type=\"text\" name=\"nome\" \/><\/span>\n\t<\/p>\n<\/div>\n<div class=\"form-group col col-sm-10 col-md-8\">\n\t<p><label for=\"telefone\">2. Informe o seu telefone e celular (caso queira o retorno e contato da nossa equipe):<\/label><br \/>\n<span class=\"wpcf7-form-control-wrap\" data-name=\"telefone\"><input size=\"40\" maxlength=\"400\" class=\"wpcf7-form-control wpcf7-tel wpcf7-text wpcf7-validates-as-tel form-control\" id=\"telefone\" aria-invalid=\"false\" value=\"\" type=\"tel\" name=\"telefone\" \/><\/span>\n\t<\/p>\n<\/div>\n<div class=\"form-group col col-sm-10 col-md-8\">\n\t<p><label for=\"email\">3. Informe o seu e-mail (caso queira o retorno e contato da nossa equipe):<\/label><br \/>\n<span class=\"wpcf7-form-control-wrap\" data-name=\"email\"><input size=\"40\" maxlength=\"400\" class=\"wpcf7-form-control wpcf7-email wpcf7-text wpcf7-validates-as-email form-control\" id=\"email\" aria-invalid=\"false\" value=\"\" type=\"email\" name=\"email\" \/><\/span>\n\t<\/p>\n<\/div>\n<div class=\"form-group col col-sm-10 col-md-8\">\n\t<p><label for=\"atendimento\">4. Nos informe em qual setor voc\u00ea foi atendido?<\/label><br \/>\n<span class=\"wpcf7-form-control-wrap\" data-name=\"atendimento\"><select class=\"wpcf7-form-control wpcf7-select form-control\" id=\"atendimento\" aria-invalid=\"false\" name=\"atendimento\"><option value=\"\"><\/option><option value=\"Pronto Socorro\">Pronto Socorro<\/option><option value=\"Centro de Imagem\">Centro de Imagem<\/option><option value=\"Posto 1 (Cl\u00ednica)\">Posto 1 (Cl\u00ednica)<\/option><option value=\"Posto 4 (Psiquiatria)\">Posto 4 (Psiquiatria)<\/option><option value=\"Posto 2 (Maternidade\/Cir\u00fargico)\">Posto 2 (Maternidade\/Cir\u00fargico)<\/option><option value=\"Posto 5 (Psiquiatria \u00c1lcool e Drogas)\">Posto 5 (Psiquiatria \u00c1lcool e Drogas)<\/option><option value=\"Hemodi\u00e1lise\">Hemodi\u00e1lise<\/option><option value=\"Posto 3 (Sa\u00fade Mental)\">Posto 3 (Sa\u00fade Mental)<\/option><\/select><\/span>\n\t<\/p>\n<\/div>\n<div class=\"form-group col col-sm-10 col-md-8\">\n\t<p><label for=\"atendimento\">5. Qual seu conv\u00eanio:<\/label><br \/>\n<span class=\"wpcf7-form-control-wrap\" data-name=\"convenio\"><select class=\"wpcf7-form-control wpcf7-select form-control\" id=\"convenio\" aria-invalid=\"false\" name=\"convenio\"><option value=\"\"><\/option><option value=\"SUS\">SUS<\/option><option value=\"Particular\">Particular<\/option><option value=\"UNIMED\">UNIMED<\/option><option value=\"IP\u00ca\">IP\u00ca<\/option><option value=\"Outro\">Outro<\/option><\/select><\/span>\n\t<\/p>\n<\/div>\n<div class=\"form-group col col-sm-10 col-md-8\">\n\t<p>A seguir, em uma escala de 0 a 10, sendo 0 \"Extremamente Insatisfeito\" e 10 \"Extremamente Satisfeito\", assinale o valor correspondente ao seu n\u00edvel de satisfa\u00e7\u00e3o:\n\t<\/p>\n<\/div>\n<div class=\"form-group col col-sm-10 col-md-8\">\n\t<p><label for=\"seis\">6. Voc\u00ea se sentiu seguro em rela\u00e7\u00e3o ao atendimento recebido?<\/label><br \/>\n<span class=\"wpcf7-form-control-wrap\" data-name=\"seis\"><select class=\"wpcf7-form-control wpcf7-select form-control\" id=\"seis\" aria-invalid=\"false\" name=\"seis\"><option value=\"\"><\/option><option value=\"0\">0<\/option><option value=\"1\">1<\/option><option value=\"2\">2<\/option><option value=\"3\">3<\/option><option value=\"4\">4<\/option><option value=\"5\">5<\/option><option value=\"6\">6<\/option><option value=\"7\">7<\/option><option value=\"8\">8<\/option><option value=\"9\">9<\/option><option value=\"10\">10<\/option><\/select><\/span>\n\t<\/p>\n<\/div>\n<div class=\"form-group col col-sm-10 col-md-8\">\n\t<p><label for=\"sete\">7. E quanto \u00e0 seguran\u00e7a das nossas instala\u00e7\u00f5es?<\/label><br \/>\n<span class=\"wpcf7-form-control-wrap\" data-name=\"sete\"><select class=\"wpcf7-form-control wpcf7-select form-control\" id=\"sete\" aria-invalid=\"false\" name=\"sete\"><option value=\"\"><\/option><option value=\"0\">0<\/option><option value=\"1\">1<\/option><option value=\"2\">2<\/option><option value=\"3\">3<\/option><option value=\"4\">4<\/option><option value=\"5\">5<\/option><option value=\"6\">6<\/option><option value=\"7\">7<\/option><option value=\"8\">8<\/option><option value=\"9\">9<\/option><option value=\"10\">10<\/option><\/select><\/span>\n\t<\/p>\n<\/div>\n<div class=\"form-group col col-sm-10 col-md-8\">\n\t<p><label for=\"oito\">8. Como voc\u00ea avalia o respeito e a privacidade?<\/label><br \/>\n<span class=\"wpcf7-form-control-wrap\" data-name=\"oito\"><select class=\"wpcf7-form-control wpcf7-select form-control\" id=\"oito\" aria-invalid=\"false\" name=\"oito\"><option value=\"\"><\/option><option value=\"0\">0<\/option><option value=\"1\">1<\/option><option value=\"2\">2<\/option><option value=\"3\">3<\/option><option value=\"4\">4<\/option><option value=\"5\">5<\/option><option value=\"6\">6<\/option><option value=\"7\">7<\/option><option value=\"8\">8<\/option><option value=\"9\">9<\/option><option value=\"10\">10<\/option><\/select><\/span>\n\t<\/p>\n<\/div>\n<div class=\"form-group col col-sm-10 col-md-8\">\n\t<p><label for=\"nove\">9. Os cuidados que voc\u00ea recebeu da nossa equipe atenderam as suas expectativas?<\/label><br \/>\n<span class=\"wpcf7-form-control-wrap\" data-name=\"nove\"><select class=\"wpcf7-form-control wpcf7-select form-control\" id=\"nove\" aria-invalid=\"false\" name=\"nove\"><option value=\"\"><\/option><option value=\"0\">0<\/option><option value=\"1\">1<\/option><option value=\"2\">2<\/option><option value=\"3\">3<\/option><option value=\"4\">4<\/option><option value=\"5\">5<\/option><option value=\"6\">6<\/option><option value=\"7\">7<\/option><option value=\"8\">8<\/option><option value=\"9\">9<\/option><option value=\"10\">10<\/option><\/select><\/span>\n\t<\/p>\n<\/div>\n<div class=\"form-group col col-sm-10 col-md-8\">\n\t<p><label for=\"dez\">10. Como voc\u00ea avalia as orienta\u00e7\u00f5es dadas durante o per\u00edodo de consulta, exame ou interna\u00e7\u00e3o?<\/label><br \/>\n<span class=\"wpcf7-form-control-wrap\" data-name=\"dez\"><select class=\"wpcf7-form-control wpcf7-select form-control\" id=\"dez\" aria-invalid=\"false\" name=\"dez\"><option value=\"\"><\/option><option value=\"0\">0<\/option><option value=\"1\">1<\/option><option value=\"2\">2<\/option><option value=\"3\">3<\/option><option value=\"4\">4<\/option><option value=\"5\">5<\/option><option value=\"6\">6<\/option><option value=\"7\">7<\/option><option value=\"8\">8<\/option><option value=\"9\">9<\/option><option value=\"10\">10<\/option><\/select><\/span>\n\t<\/p>\n<\/div>\n<div class=\"form-group col col-sm-10 col-md-8\">\n\t<p><label for=\"onze\">11. Nossos profissionais estavam a postos sempre que voc\u00ea precisou de ajuda?<\/label><br \/>\n<span class=\"wpcf7-form-control-wrap\" data-name=\"onze\"><select class=\"wpcf7-form-control wpcf7-select form-control\" id=\"onze\" aria-invalid=\"false\" name=\"onze\"><option value=\"\"><\/option><option value=\"0\">0<\/option><option value=\"1\">1<\/option><option value=\"2\">2<\/option><option value=\"3\">3<\/option><option value=\"4\">4<\/option><option value=\"5\">5<\/option><option value=\"6\">6<\/option><option value=\"7\">7<\/option><option value=\"8\">8<\/option><option value=\"9\">9<\/option><option value=\"10\">10<\/option><\/select><\/span>\n\t<\/p>\n<\/div>\n<div class=\"form-group col col-sm-10 col-md-8\">\n\t<p><label for=\"doze\">12. Considerando sua experi\u00eancia em nossa Institui\u00e7\u00e3o, o quanto voc\u00ea recomendaria a Santa Casa de S\u00e3o Louren\u00e7o do Sul para um amigo ou familiar?<\/label><br \/>\n<span class=\"wpcf7-form-control-wrap\" data-name=\"doze\"><select class=\"wpcf7-form-control wpcf7-select form-control\" id=\"doze\" aria-invalid=\"false\" name=\"doze\"><option value=\"\"><\/option><option value=\"0\">0<\/option><option value=\"1\">1<\/option><option value=\"2\">2<\/option><option value=\"3\">3<\/option><option value=\"4\">4<\/option><option value=\"5\">5<\/option><option value=\"6\">6<\/option><option value=\"7\">7<\/option><option value=\"8\">8<\/option><option value=\"9\">9<\/option><option value=\"10\">10<\/option><\/select><\/span>\n\t<\/p>\n<\/div>\n<div class=\"form-group col col-sm-10 col-md-8\">\n\t<p><label for=\"comentario\">13. Coment\u00e1rios e sugest\u00f5es: <\/label><br \/>\n<span class=\"wpcf7-form-control-wrap\" data-name=\"comentario\"><textarea cols=\"40\" rows=\"10\" maxlength=\"2000\" class=\"wpcf7-form-control wpcf7-textarea form-control\" id=\"comentario\" aria-invalid=\"false\" name=\"comentario\"><\/textarea><\/span>\n\t<\/p>\n<\/div>\n<div class=\"form-group col col-sm-10 col-md-8\">\n\t<p><input class=\"wpcf7-form-control wpcf7-submit has-spinner btn-block btn btn-primary btn-lg\" type=\"submit\" value=\"Enviar\" \/>\n\t<\/p>\n<\/div><div class=\"wpcf7-response-output\" aria-hidden=\"true\"><\/div>\n<\/form>\n<\/div>\n\n","protected":false},"excerpt":{"rendered":"<p>Ol\u00e1! Tudo bem? Temos a informa\u00e7\u00e3o de que voc\u00ea passou alguns momentos conosco e gostar\u00edamos de saber como foi essa experi\u00eancia.<\/p>\n","protected":false},"author":1,"featured_media":0,"parent":0,"menu_order":0,"comment_status":"closed","ping_status":"closed","template":"","meta":{"_acf_changed":false,"footnotes":""},"class_list":["post-158","page","type-page","status-publish","hentry"],"acf":[],"_links":{"self":[{"href":"https:\/\/santacasasls.com.br\/site\/wp-json\/wp\/v2\/pages\/158","targetHints":{"allow":["GET"]}}],"collection":[{"href":"https:\/\/santacasasls.com.br\/site\/wp-json\/wp\/v2\/pages"}],"about":[{"href":"https:\/\/santacasasls.com.br\/site\/wp-json\/wp\/v2\/types\/page"}],"author":[{"embeddable":true,"href":"https:\/\/santacasasls.com.br\/site\/wp-json\/wp\/v2\/users\/1"}],"replies":[{"embeddable":true,"href":"https:\/\/santacasasls.com.br\/site\/wp-json\/wp\/v2\/comments?post=158"}],"version-history":[{"count":2,"href":"https:\/\/santacasasls.com.br\/site\/wp-json\/wp\/v2\/pages\/158\/revisions"}],"predecessor-version":[{"id":207,"href":"https:\/\/santacasasls.com.br\/site\/wp-json\/wp\/v2\/pages\/158\/revisions\/207"}],"wp:attachment":[{"href":"https:\/\/santacasasls.com.br\/site\/wp-json\/wp\/v2\/media?parent=158"}],"curies":[{"name":"wp","href":"https:\/\/api.w.org\/{rel}","templated":true}]}}