{"id":156,"date":"2022-07-27T09:19:42","date_gmt":"2022-07-27T12:19:42","guid":{"rendered":"https:\/\/santacasasls.com.br\/site\/\/?page_id=156"},"modified":"2022-09-28T09:17:50","modified_gmt":"2022-09-28T12:17:50","slug":"ouvidoria","status":"publish","type":"page","link":"https:\/\/santacasasls.com.br\/site\/ouvidoria\/","title":{"rendered":"Ouvidoria"},"content":{"rendered":"\n<p>A Santa Casa de Miseric\u00f3rdia de S\u00e3o Louren\u00e7o do Sul quer ouvir voc\u00ea.<\/p>\n\n\n\n<p>Para o melhor atendimento sobre as suas d\u00favidas, sugest\u00f5es, elogios e reclama\u00e7\u00f5es, preencha o formul\u00e1rio ou nos envie um e-mail (ouvidoria@santacasasls.com.br) para que possamos lhe auxiliar.<\/p>\n\n\n\n<p>Ap\u00f3s o envio, a equipe de Ouvidoria analisar\u00e1 e realizar\u00e1 as tratativas de sua solicita\u00e7\u00e3o.<\/p>\n\n\n\n<div class=\"wpcf7 no-js\" id=\"wpcf7-f204-o1\" lang=\"pt-BR\" dir=\"ltr\" data-wpcf7-id=\"204\">\n<div class=\"screen-reader-response\"><p role=\"status\" aria-live=\"polite\" aria-atomic=\"true\"><\/p> <ul><\/ul><\/div>\n<form action=\"\/site\/wp-json\/wp\/v2\/pages\/156#wpcf7-f204-o1\" method=\"post\" class=\"wpcf7-form init\" aria-label=\"Formul\u00e1rios de contato\" novalidate=\"novalidate\" data-status=\"init\">\n<div style=\"display: none;\">\n<input type=\"hidden\" name=\"_wpcf7\" value=\"204\" \/>\n<input type=\"hidden\" name=\"_wpcf7_version\" value=\"6.0.3\" \/>\n<input type=\"hidden\" name=\"_wpcf7_locale\" value=\"pt_BR\" \/>\n<input type=\"hidden\" name=\"_wpcf7_unit_tag\" value=\"wpcf7-f204-o1\" \/>\n<input type=\"hidden\" name=\"_wpcf7_container_post\" value=\"0\" \/>\n<input type=\"hidden\" name=\"_wpcf7_posted_data_hash\" value=\"\" \/>\n<\/div>\n<div class=\"form-group col col-sm-10 col-md-8\">\n\t<p><label for=\"proveniencia\">Proveni\u00eancia: <\/label><br \/>\n<span class=\"wpcf7-form-control-wrap\" data-name=\"proveniencia\"><select class=\"wpcf7-form-control wpcf7-select form-control\" id=\"proveniencia\" aria-invalid=\"false\" name=\"proveniencia\"><option value=\"Paciente\">Paciente<\/option><option value=\"Acompanhante ou Familiar\">Acompanhante ou Familiar<\/option><option value=\"Comunidade\">Comunidade<\/option><option value=\"Funcion\u00e1rio\">Funcion\u00e1rio<\/option><\/select><\/span>\n\t<\/p>\n<\/div>\n<div class=\"form-group col col-sm-10 col-md-8\">\n\t<p><label for=\"nome\">Nome Completo *: <\/label><br \/>\n<span class=\"wpcf7-form-control-wrap\" data-name=\"nome\"><input size=\"40\" maxlength=\"400\" class=\"wpcf7-form-control wpcf7-text wpcf7-validates-as-required form-control\" id=\"nome\" aria-required=\"true\" aria-invalid=\"false\" value=\"\" type=\"text\" name=\"nome\" \/><\/span>\n\t<\/p>\n<\/div>\n<div class=\"form-group col col-sm-10 col-md-8\">\n\t<p><label for=\"telefone\">Telefone *: <\/label><br \/>\n<span class=\"wpcf7-form-control-wrap\" data-name=\"telefone\"><input size=\"40\" maxlength=\"400\" class=\"wpcf7-form-control wpcf7-tel wpcf7-validates-as-required wpcf7-text wpcf7-validates-as-tel form-control\" id=\"telefone\" aria-required=\"true\" aria-invalid=\"false\" value=\"\" type=\"tel\" name=\"telefone\" \/><\/span>\n\t<\/p>\n<\/div>\n<div class=\"form-group col col-sm-10 col-md-8\">\n\t<p><label for=\"email\">Email : <\/label><br \/>\n<span class=\"wpcf7-form-control-wrap\" data-name=\"email\"><input size=\"40\" maxlength=\"400\" class=\"wpcf7-form-control wpcf7-email wpcf7-text wpcf7-validates-as-email form-control\" id=\"email\" aria-invalid=\"false\" value=\"\" type=\"email\" name=\"email\" \/><\/span>\n\t<\/p>\n<\/div>\n<div class=\"form-group col col-sm-10 col-md-8\">\n\t<p><label for=\"motivo\">Assunto: <\/label><br \/>\n<span class=\"wpcf7-form-control-wrap\" data-name=\"assunto\"><select class=\"wpcf7-form-control wpcf7-select form-control\" id=\"assunto\" aria-invalid=\"false\" name=\"assunto\"><option value=\"Atendimento\">Atendimento<\/option><option value=\"Instala\u00e7\u00f5es\">Instala\u00e7\u00f5es<\/option><option value=\"Servi\u00e7os\">Servi\u00e7os<\/option><\/select><\/span>\n\t<\/p>\n<\/div>\n<div class=\"form-group col col-sm-10 col-md-8\">\n\t<p><label for=\"motivo\">Motivo da Solicita\u00e7\u00e3o: <\/label><br \/>\n<span class=\"wpcf7-form-control-wrap\" data-name=\"motivo\"><select class=\"wpcf7-form-control wpcf7-select form-control\" id=\"motivo\" aria-invalid=\"false\" name=\"motivo\"><option value=\"Reclama\u00e7\u00e3o\">Reclama\u00e7\u00e3o<\/option><option value=\"Informa\u00e7\u00e3o\/Orienta\u00e7\u00e3o\">Informa\u00e7\u00e3o\/Orienta\u00e7\u00e3o<\/option><option value=\"Elogio\">Elogio<\/option><option value=\"Sugest\u00e3o\">Sugest\u00e3o<\/option><\/select><\/span>\n\t<\/p>\n<\/div>\n<div class=\"form-group col col-sm-10 col-md-8\">\n\t<p><label for=\"relato\">Relato *: <\/label><br \/>\n<span class=\"wpcf7-form-control-wrap\" data-name=\"relato\"><textarea cols=\"40\" rows=\"10\" maxlength=\"2000\" class=\"wpcf7-form-control wpcf7-textarea wpcf7-validates-as-required form-control\" id=\"relato\" aria-required=\"true\" aria-invalid=\"false\" name=\"relato\"><\/textarea><\/span>\n\t<\/p>\n<\/div>\n<div class=\"form-group col col-sm-10 col-md-8\">\n\t<p><span class=\"wpcf7-form-control-wrap\" data-name=\"aceito\"><span class=\"wpcf7-form-control wpcf7-acceptance\"><span class=\"wpcf7-list-item\"><input type=\"checkbox\" name=\"aceito\" value=\"1\" class=\"form-control\" id=\"aceito\" aria-invalid=\"false\" \/><\/span><\/span><\/span> Eu li e concordo com a <a href=\"https:\/\/santacasasls.com.br\/site\/politica-de-privacidade\/\">Pol\u00edtica de Privacidade<\/a>\n\t<\/p>\n<\/div>\n<div class=\"form-group col col-sm-10 col-md-8\">\n\t<p><input class=\"wpcf7-form-control wpcf7-submit has-spinner btn-block btn btn-primary btn-lg\" type=\"submit\" value=\"Enviar\" \/>\n\t<\/p>\n<\/div><div class=\"wpcf7-response-output\" aria-hidden=\"true\"><\/div>\n<\/form>\n<\/div>\n\n","protected":false},"excerpt":{"rendered":"<p>A Santa Casa de Miseric\u00f3rdia de S\u00e3o Louren\u00e7o do Sul quer ouvir voc\u00ea. Para o melhor atendimento sobre as suas d\u00favidas, sugest\u00f5es, elogios e reclama\u00e7\u00f5es, preencha o formul\u00e1rio ou nos envie um e-mail (ouvidoria@santacasasls.com.br) para que possamos lhe auxiliar. Ap\u00f3s o envio, a equipe de Ouvidoria analisar\u00e1 e realizar\u00e1 as tratativas de sua solicita\u00e7\u00e3o.<\/p>\n","protected":false},"author":1,"featured_media":0,"parent":0,"menu_order":0,"comment_status":"closed","ping_status":"closed","template":"","meta":{"_acf_changed":false,"footnotes":""},"class_list":["post-156","page","type-page","status-publish","hentry"],"acf":[],"_links":{"self":[{"href":"https:\/\/santacasasls.com.br\/site\/wp-json\/wp\/v2\/pages\/156","targetHints":{"allow":["GET"]}}],"collection":[{"href":"https:\/\/santacasasls.com.br\/site\/wp-json\/wp\/v2\/pages"}],"about":[{"href":"https:\/\/santacasasls.com.br\/site\/wp-json\/wp\/v2\/types\/page"}],"author":[{"embeddable":true,"href":"https:\/\/santacasasls.com.br\/site\/wp-json\/wp\/v2\/users\/1"}],"replies":[{"embeddable":true,"href":"https:\/\/santacasasls.com.br\/site\/wp-json\/wp\/v2\/comments?post=156"}],"version-history":[{"count":3,"href":"https:\/\/santacasasls.com.br\/site\/wp-json\/wp\/v2\/pages\/156\/revisions"}],"predecessor-version":[{"id":457,"href":"https:\/\/santacasasls.com.br\/site\/wp-json\/wp\/v2\/pages\/156\/revisions\/457"}],"wp:attachment":[{"href":"https:\/\/santacasasls.com.br\/site\/wp-json\/wp\/v2\/media?parent=156"}],"curies":[{"name":"wp","href":"https:\/\/api.w.org\/{rel}","templated":true}]}}