{"id":150,"date":"2022-07-27T09:18:33","date_gmt":"2022-07-27T12:18:33","guid":{"rendered":"https:\/\/santacasasls.com.br\/site\/\/?page_id=150"},"modified":"2022-08-17T08:41:35","modified_gmt":"2022-08-17T11:41:35","slug":"fale-conosco","status":"publish","type":"page","link":"https:\/\/santacasasls.com.br\/site\/fale-conosco\/","title":{"rendered":"Fale Conosco"},"content":{"rendered":"\n<p><a href=\"https:\/\/santacasasls.com.br\/site\/carta-ao-paciente\/\" data-type=\"page\" data-id=\"152\" target=\"_blank\" rel=\"noreferrer noopener\">Carta ao Paciente<\/a><\/p>\n\n\n\n<p><a href=\"https:\/\/santacasasls.com.br\/site\/contatos-telefonicos\/\" data-type=\"page\" data-id=\"154\" target=\"_blank\" rel=\"noreferrer noopener\">Contatos Telef\u00f4nicos<\/a><\/p>\n\n\n\n<p><a href=\"https:\/\/santacasasls.com.br\/site\/ouvidoria\/\" data-type=\"page\" data-id=\"156\" target=\"_blank\" rel=\"noreferrer noopener\">Ouvidoria<\/a><\/p>\n\n\n\n<p><a href=\"https:\/\/santacasasls.com.br\/site\/pesquisa-de-satisfacao\/\" data-type=\"page\" data-id=\"158\" target=\"_blank\" rel=\"noreferrer noopener\">Pesquisa de Satisfa\u00e7\u00e3o<\/a><\/p>\n\n\n\n<p><a href=\"https:\/\/santacasasls.com.br\/site\/trabalhe-conosco\/\" data-type=\"page\" data-id=\"160\" target=\"_blank\" rel=\"noreferrer noopener\">Trabalhe Conosco<\/a><\/p>\n\n\n\n<p><a href=\"https:\/\/santacasasls.com.br\/site\/visita-institucional\/\" data-type=\"page\" data-id=\"162\" target=\"_blank\" rel=\"noreferrer noopener\">Visita Institucional<\/a><\/p>\n\n\n\n<p><\/p>\n","protected":false},"excerpt":{"rendered":"<p>Carta ao Paciente Contatos Telef\u00f4nicos Ouvidoria Pesquisa de Satisfa\u00e7\u00e3o Trabalhe Conosco Visita Institucional<\/p>\n","protected":false},"author":1,"featured_media":0,"parent":0,"menu_order":0,"comment_status":"closed","ping_status":"closed","template":"","meta":{"_acf_changed":false,"footnotes":""},"class_list":["post-150","page","type-page","status-publish","hentry"],"acf":[],"_links":{"self":[{"href":"https:\/\/santacasasls.com.br\/site\/wp-json\/wp\/v2\/pages\/150","targetHints":{"allow":["GET"]}}],"collection":[{"href":"https:\/\/santacasasls.com.br\/site\/wp-json\/wp\/v2\/pages"}],"about":[{"href":"https:\/\/santacasasls.com.br\/site\/wp-json\/wp\/v2\/types\/page"}],"author":[{"embeddable":true,"href":"https:\/\/santacasasls.com.br\/site\/wp-json\/wp\/v2\/users\/1"}],"replies":[{"embeddable":true,"href":"https:\/\/santacasasls.com.br\/site\/wp-json\/wp\/v2\/comments?post=150"}],"version-history":[{"count":2,"href":"https:\/\/santacasasls.com.br\/site\/wp-json\/wp\/v2\/pages\/150\/revisions"}],"predecessor-version":[{"id":235,"href":"https:\/\/santacasasls.com.br\/site\/wp-json\/wp\/v2\/pages\/150\/revisions\/235"}],"wp:attachment":[{"href":"https:\/\/santacasasls.com.br\/site\/wp-json\/wp\/v2\/media?parent=150"}],"curies":[{"name":"wp","href":"https:\/\/api.w.org\/{rel}","templated":true}]}}