{"id":143,"date":"2022-07-27T09:09:39","date_gmt":"2022-07-27T12:09:39","guid":{"rendered":"https:\/\/santacasasls.com.br\/site\/\/?page_id=143"},"modified":"2022-09-09T12:07:10","modified_gmt":"2022-09-09T15:07:10","slug":"missao-visao-e-valores","status":"publish","type":"page","link":"https:\/\/santacasasls.com.br\/site\/missao-visao-e-valores\/","title":{"rendered":"Miss\u00e3o, Vis\u00e3o e Valores"},"content":{"rendered":"\n<p>MISS\u00c3O<\/p>\n\n\n\n<p><strong>Cuidar e promover a sa\u00fade<\/strong><\/p>\n\n\n\n<p>&nbsp;VIS\u00c3O<\/p>\n\n\n\n<p><strong>Ser reconhecido, na microrregi\u00e3o sul, como um hospital de refer\u00eancia na qualidade do atendimento, possuindo ambiente f\u00edsico funcional e adequado tecnologicamente.<\/strong><\/p>\n\n\n\n<p>VALORES<\/p>\n\n\n\n<p><strong>Compromisso com a sociedade e com o paciente:<\/strong> por meio da busca constante da melhoria cont\u00ednua dos processos.<\/p>\n\n\n\n<p><strong>Sustentabilidade<\/strong>: por meio da responsabilidade social e da atua\u00e7\u00e3o a favor do meio ambiente.<\/p>\n\n\n\n<p><strong>Integridade<\/strong>: por meio do comportamento \u00e9tico e da transpar\u00eancia nas a\u00e7\u00f5es.<\/p>\n\n\n\n<p><strong>Desenvolvimento humano<\/strong>: por meio da promo\u00e7\u00e3o do clima organizacional positivo e da constante qualifica\u00e7\u00e3o das pessoas.<\/p>\n\n\n\n<p><strong>Austeridade<\/strong>: por meio da gest\u00e3o eficaz dos servi\u00e7os e recursos.<\/p>\n\n\n\n<p><strong>Comprometimento organizacional<\/strong>: por meio do inter-relacionamento pessoal e dos processos internos.<\/p>\n","protected":false},"excerpt":{"rendered":"<p>MISS\u00c3O Cuidar e promover a sa\u00fade &nbsp;VIS\u00c3O Ser reconhecido, na microrregi\u00e3o sul, como um hospital de refer\u00eancia na qualidade do atendimento, possuindo ambiente f\u00edsico funcional e adequado tecnologicamente. VALORES Compromisso com a sociedade e com o paciente: por meio da busca constante da melhoria cont\u00ednua dos processos. Sustentabilidade: por meio da responsabilidade social e da [&hellip;]<\/p>\n","protected":false},"author":1,"featured_media":0,"parent":0,"menu_order":0,"comment_status":"closed","ping_status":"closed","template":"","meta":{"_acf_changed":false,"footnotes":""},"class_list":["post-143","page","type-page","status-publish","hentry"],"acf":[],"_links":{"self":[{"href":"https:\/\/santacasasls.com.br\/site\/wp-json\/wp\/v2\/pages\/143","targetHints":{"allow":["GET"]}}],"collection":[{"href":"https:\/\/santacasasls.com.br\/site\/wp-json\/wp\/v2\/pages"}],"about":[{"href":"https:\/\/santacasasls.com.br\/site\/wp-json\/wp\/v2\/types\/page"}],"author":[{"embeddable":true,"href":"https:\/\/santacasasls.com.br\/site\/wp-json\/wp\/v2\/users\/1"}],"replies":[{"embeddable":true,"href":"https:\/\/santacasasls.com.br\/site\/wp-json\/wp\/v2\/comments?post=143"}],"version-history":[{"count":4,"href":"https:\/\/santacasasls.com.br\/site\/wp-json\/wp\/v2\/pages\/143\/revisions"}],"predecessor-version":[{"id":402,"href":"https:\/\/santacasasls.com.br\/site\/wp-json\/wp\/v2\/pages\/143\/revisions\/402"}],"wp:attachment":[{"href":"https:\/\/santacasasls.com.br\/site\/wp-json\/wp\/v2\/media?parent=143"}],"curies":[{"name":"wp","href":"https:\/\/api.w.org\/{rel}","templated":true}]}}