{"id":141,"date":"2022-07-27T09:08:14","date_gmt":"2022-07-27T12:08:14","guid":{"rendered":"https:\/\/santacasasls.com.br\/site\/\/?page_id=141"},"modified":"2022-07-27T09:08:14","modified_gmt":"2022-07-27T12:08:14","slug":"historia","status":"publish","type":"page","link":"https:\/\/santacasasls.com.br\/site\/historia\/","title":{"rendered":"Hist\u00f3ria"},"content":{"rendered":"\n<p>A Santa Casa de Miseric\u00f3rdia de S\u00e3o Louren\u00e7o do Sul foi fundada em 15 de agosto de 1947, numa iniciativa do ent\u00e3o Prefeito interino Sr. Altair Dantas que, juntamente com um grupo de dezesseis Lourencianos (que subscreveram a ata de cria\u00e7\u00e3o: Eurico R.de Souza; Altair Dantas; J\u00falio de Oliveira; Virg\u00edlio dos Santos Abreu Neto; Pe. Jos\u00e9 Herbst; Idalino Campos da Luz Netto; Francisco Vieira; Nestor F. Graeff; Amaral Ribeiro; Egydio Jos\u00e9 de Vargas; Otavio Russo; Jo\u00e3o Carlos Colvara; Pedro Tomaschewski; Alfredo Born; Jos\u00e9 Duarte e Ney Pinto da Silva) \u201creuniram-se na sacristia da Igreja Matriz, com a finalidade de fundar uma Santa Casa de Miseric\u00f3rdia, para atender os desafortunados que necessitassem de tratamento m\u00e9dico, possibilitando-lhe o pleno restabelecimento de sua sa\u00fade\u201d.<\/p>\n\n\n\n<p>A Institui\u00e7\u00e3o est\u00e1 localizada no centro da cidade de S\u00e3o Louren\u00e7o do Sul, na Rua Almirante Abreu, n\u00ba 437, \u00e9 dotada de patrim\u00f4nio pr\u00f3prio e autonomia administrativa e financeira. Caracteriza-se por ser uma entidade de personalidade jur\u00eddica de direito privado, sem fins lucrativos, que visa estender as a\u00e7\u00f5es m\u00e9dico-sociais e filantr\u00f3picas n\u00e3o s\u00f3 a comunidade local, como para toda a regi\u00e3o, sendo prestado um atendimento universal, j\u00e1 que mant\u00e9m conv\u00eanio de Presta\u00e7\u00e3o de Servi\u00e7os com o SUS \u2013 Sistema \u00danico de Sa\u00fade.<\/p>\n\n\n\n<p>O hospital da Santa Casa de Miseric\u00f3rdia de S\u00e3o Louren\u00e7o do Sul \u00e9 um Hospital de M\u00e9dio Porte, possui uma \u00e1rea f\u00edsica de 5.498,38 metros quadrados, com capacidade instalada de 103 leitos, dos quais 81 leitos s\u00e3o colocados \u00e0 disposi\u00e7\u00e3o dos pacientes do SUS.<\/p>\n","protected":false},"excerpt":{"rendered":"<p>A Santa Casa de Miseric\u00f3rdia de S\u00e3o Louren\u00e7o do Sul foi fundada em 15 de agosto de 1947, numa iniciativa do ent\u00e3o Prefeito interino Sr. Altair Dantas que, juntamente com um grupo de dezesseis Lourencianos (que subscreveram a ata de cria\u00e7\u00e3o: Eurico R.de Souza; Altair Dantas; J\u00falio de Oliveira; Virg\u00edlio dos Santos Abreu Neto; Pe. [&hellip;]<\/p>\n","protected":false},"author":1,"featured_media":0,"parent":0,"menu_order":0,"comment_status":"closed","ping_status":"closed","template":"","meta":{"_acf_changed":false,"footnotes":""},"class_list":["post-141","page","type-page","status-publish","hentry"],"acf":[],"_links":{"self":[{"href":"https:\/\/santacasasls.com.br\/site\/wp-json\/wp\/v2\/pages\/141","targetHints":{"allow":["GET"]}}],"collection":[{"href":"https:\/\/santacasasls.com.br\/site\/wp-json\/wp\/v2\/pages"}],"about":[{"href":"https:\/\/santacasasls.com.br\/site\/wp-json\/wp\/v2\/types\/page"}],"author":[{"embeddable":true,"href":"https:\/\/santacasasls.com.br\/site\/wp-json\/wp\/v2\/users\/1"}],"replies":[{"embeddable":true,"href":"https:\/\/santacasasls.com.br\/site\/wp-json\/wp\/v2\/comments?post=141"}],"version-history":[{"count":1,"href":"https:\/\/santacasasls.com.br\/site\/wp-json\/wp\/v2\/pages\/141\/revisions"}],"predecessor-version":[{"id":142,"href":"https:\/\/santacasasls.com.br\/site\/wp-json\/wp\/v2\/pages\/141\/revisions\/142"}],"wp:attachment":[{"href":"https:\/\/santacasasls.com.br\/site\/wp-json\/wp\/v2\/media?parent=141"}],"curies":[{"name":"wp","href":"https:\/\/api.w.org\/{rel}","templated":true}]}}