{"id":130,"date":"2022-07-25T13:44:17","date_gmt":"2022-07-25T16:44:17","guid":{"rendered":"https:\/\/santacasasls.com.br\/site\/\/?page_id=130"},"modified":"2022-07-25T13:44:17","modified_gmt":"2022-07-25T16:44:17","slug":"comissoes","status":"publish","type":"page","link":"https:\/\/santacasasls.com.br\/site\/comissoes\/","title":{"rendered":"Comiss\u00f5es"},"content":{"rendered":"\n<p><strong>CCIH<\/strong><\/p>\n\n\n\n<p>A Comiss\u00e3o de Controle de Infec\u00e7\u00e3o Hospitalar (CCIH), da Santa Casa de Miseric\u00f3rdia de S\u00e3o Louren\u00e7o do Sul \u00e9 de natureza t\u00e9cnico-cient\u00edfica permanente, nos termos da Port. n\u00ba. 2.616\/MS, de 12 de maio de 1998.<\/p>\n\n\n\n<p>\u00a0A CCIH \u00e9 um \u00f3rg\u00e3o de assessoria \u00e0 autoridade m\u00e1xima da institui\u00e7\u00e3o e tem por finalidade o desenvolvimento e execu\u00e7\u00e3o do Programa de Controle de Infec\u00e7\u00e3o Hospitalar (PCIH), realizando a\u00e7\u00f5es de controle de Infec\u00e7\u00f5es Relacionadas \u00e0 Assist\u00eancia \u00e0 Sa\u00fade (IRAS). Considera-se Programa de Controle Infec\u00e7\u00f5es Hospitalares (PCIH) o conjunto de a\u00e7\u00f5es desenvolvidas, deliberada e sistematicamente, com vistas \u00e0 redu\u00e7\u00e3o m\u00e1xima poss\u00edvel de incid\u00eancia e da gravidade das infec\u00e7\u00f5es relacionada com a assist\u00eancia \u00e0 sa\u00fade. Entende &#8211; se por infec\u00e7\u00e3o hospitalar, qualquer infec\u00e7\u00e3o adquirida ap\u00f3s a interna\u00e7\u00e3o de um paciente em hospital, e que se manifeste durante a interna\u00e7\u00e3o ou mesmo ap\u00f3s a alta, quando puder ser relacionada com a hospitaliza\u00e7\u00e3o.<\/p>\n\n\n\n<p><strong>N\u00facleo de Seguran\u00e7a do Paciente (NSP)<\/strong><\/p>\n\n\n\n<p>O N\u00facleo de Seguran\u00e7a do paciente foi constitu\u00eddo com base na Portaria Ministerial 529\/2013 que institui o Programa Nacional de Seguran\u00e7a do Paciente (PNSP) com objetivo de contribuir para a qualifica\u00e7\u00e3o do cuidado em sa\u00fade em todos os estabelecimentos de sa\u00fade do territ\u00f3rio nacional. Regulamentada pela RDC 36\/2013, a qual institui a\u00e7\u00f5es que incluem promo\u00e7\u00e3o de execu\u00e7\u00e3o e monitoriza\u00e7\u00e3o de medidas com foco na seguran\u00e7a do paciente em servi\u00e7os de sa\u00fade.<\/p>\n\n\n\n<p>O Plano de Seguran\u00e7a do Paciente (PSP), conforme a RDC 36\/2013, constitui-se em \u201cdocumento que aponta situa\u00e7\u00e3o de risco e descreve as estrat\u00e9gias e a\u00e7\u00f5es definidas pelo servi\u00e7o de sa\u00fade para gest\u00e3o de risco visando \u00e0 preven\u00e7\u00e3o e a mitiga\u00e7\u00e3o dos incidentes, desde a admiss\u00e3o at\u00e9 a transfer\u00eancia, alta ou \u00f3bito do paciente no servi\u00e7o de sa\u00fade\u201d<em>.<\/em><\/p>\n\n\n\n<p>O PSP prev\u00ea a\u00e7\u00f5es que garantam a comunica\u00e7\u00e3o efetiva entre profissionais do servi\u00e7o de sa\u00fade e entre servi\u00e7os de sa\u00fade, estimule a participa\u00e7\u00e3o do paciente e dos familiares na assist\u00eancia prestada e promova um ambiente de assist\u00eancia seguro.\u00a0\u00a0\u00a0<\/p>\n\n\n\n<p>No Hospital Santa Casa de Miseric\u00f3rdia de S\u00e3o Louren\u00e7o do Sul, o plano \u00e9 constitu\u00eddo de a\u00e7\u00f5es de orienta\u00e7\u00e3o t\u00e9cnico administrativos com foco primordial em prevenir a ocorr\u00eancia de incidentes e eventos adversos (EA) relacionados \u00e0 assist\u00eancia a pacientes, e aos profissionais da institui\u00e7\u00e3o.<\/p>\n\n\n\n<p><strong>Comiss\u00e3o de Revis\u00e3o de Prontu\u00e1rios<\/strong><\/p>\n\n\n\n<p>A Comiss\u00e3o de Revis\u00e3o de Prontu\u00e1rios foi constitu\u00edda a fim de atender a resolu\u00e7\u00e3o do Conselho Federal de Medicina (CFM) n\u00b0 1.638\/2002, que define prontu\u00e1rio m\u00e9dico como o documento \u00fanico constitu\u00eddo de um conjunto de informa\u00e7\u00f5es, sinais e imagens registradas, geradas a partir de fatos, acontecimentos e situa\u00e7\u00f5es sobre a sa\u00fade do paciente e a assist\u00eancia a ele prestada, de car\u00e1ter legal, sigiloso e cient\u00edfico, que possibilita a comunica\u00e7\u00e3o entre membros da equipe multiprofissional e a continuidade da assist\u00eancia prestada ao indiv\u00edduo.<\/p>\n\n\n\n<p>A Comiss\u00e3o de Revis\u00e3o de Prontu\u00e1rios (CRP) \u00e9 um \u00f3rg\u00e3o t\u00e9cnico de assessoria diretamente vinculado \u00e0 Dire\u00e7\u00e3o Administrativa da Santa Casa. A CRP dever\u00e1 manter estreita rela\u00e7\u00e3o com a Comiss\u00e3o de \u00c9tica M\u00e9dica.<\/p>\n\n\n\n<p><strong>Comiss\u00e3o de Revis\u00e3o de \u00d3bito<\/strong><\/p>\n\n\n\n<p>&nbsp;A Comiss\u00e3o de Avalia\u00e7\u00e3o de \u00d3bitos foi criada em atendimento a determina\u00e7\u00e3o da Portaria MS n\u00ba3123, de 07 de dezembro de 2006, estabelece a obrigatoriedade da Comiss\u00e3o de Revis\u00e3o de \u00d3bito para o processo de contratualiza\u00e7\u00e3o dos Hospitais Filantr\u00f3picos no Sistema \u00danico de Sa\u00fade; eaResolu\u00e7\u00e3o Interministerial MEC\/MS n.\u00ba 2.400 de 02 de outubro de 2007, que torna obrigat\u00f3rio a cria\u00e7\u00e3o da Comiss\u00e3o de Avalia\u00e7\u00e3o de \u00d3bitos nas institui\u00e7\u00f5es de sa\u00fade, e da Portaria MS\/GM n\u00ba 1405, de 29 de junho de 2006, que instituiu a rede Nacional de Servi\u00e7os de Verifica\u00e7\u00e3o de \u00d3bito e Esclarecimentos da Causa Mortis; e Resolu\u00e7\u00e3o n\u00ba 2.171, de 30 de outubro de 2017 do Conselho Federal de Medicina queregulamenta e normatiza as Comiss\u00f5es de Revis\u00e3o de \u00d3bito, tornando-as obrigat\u00f3rias nas institui\u00e7\u00f5es hospitalares e Unidades de Pronto Atendimento (UPA).<\/p>\n\n\n\n<p>A atua\u00e7\u00e3o da Comiss\u00e3o \u00e9 t\u00e9cnico-cient\u00edfica, sigilosa, n\u00e3o podendo ser coercitiva ou punitiva.<\/p>\n\n\n\n<p><strong>Comiss\u00e3o de \u00c9tica M\u00e9dica<\/strong><\/p>\n\n\n\n<p>As Comiss\u00f5es de \u00c9tica M\u00e9dica s\u00e3o \u00f3rg\u00e3os de apoio aos trabalhos dos Conselhos Regionais de Medicina dentro das institui\u00e7\u00f5es de assist\u00eancia \u00e0 sa\u00fade. Suas fun\u00e7\u00f5es s\u00e3o educativas, fiscalizadoras e investigat\u00f3rias do desempenho \u00e9tico da Medicina; possuem autonomia em rela\u00e7\u00e3o \u00e0 atividade administrativa e diretiva da institui\u00e7\u00e3o onde atua e s\u00e3o supervisionadas pela Codecer.<\/p>\n\n\n\n<p>As normas de organiza\u00e7\u00e3o, funcionamento, elei\u00e7\u00e3o e compet\u00eancias das Comiss\u00f5es de \u00c9tica M\u00e9dica s\u00e3o estabelecidas pela Resolu\u00e7\u00e3o CFM 2152\/2016.<a><\/a><\/p>\n","protected":false},"excerpt":{"rendered":"<p>CCIH A Comiss\u00e3o de Controle de Infec\u00e7\u00e3o Hospitalar (CCIH), da Santa Casa de Miseric\u00f3rdia de S\u00e3o Louren\u00e7o do Sul \u00e9 de natureza t\u00e9cnico-cient\u00edfica permanente, nos termos da Port. n\u00ba. 2.616\/MS, de 12 de maio de 1998. \u00a0A CCIH \u00e9 um \u00f3rg\u00e3o de assessoria \u00e0 autoridade m\u00e1xima da institui\u00e7\u00e3o e tem por finalidade o desenvolvimento e [&hellip;]<\/p>\n","protected":false},"author":1,"featured_media":0,"parent":0,"menu_order":0,"comment_status":"closed","ping_status":"closed","template":"","meta":{"_acf_changed":false,"footnotes":""},"class_list":["post-130","page","type-page","status-publish","hentry"],"acf":[],"_links":{"self":[{"href":"https:\/\/santacasasls.com.br\/site\/wp-json\/wp\/v2\/pages\/130","targetHints":{"allow":["GET"]}}],"collection":[{"href":"https:\/\/santacasasls.com.br\/site\/wp-json\/wp\/v2\/pages"}],"about":[{"href":"https:\/\/santacasasls.com.br\/site\/wp-json\/wp\/v2\/types\/page"}],"author":[{"embeddable":true,"href":"https:\/\/santacasasls.com.br\/site\/wp-json\/wp\/v2\/users\/1"}],"replies":[{"embeddable":true,"href":"https:\/\/santacasasls.com.br\/site\/wp-json\/wp\/v2\/comments?post=130"}],"version-history":[{"count":1,"href":"https:\/\/santacasasls.com.br\/site\/wp-json\/wp\/v2\/pages\/130\/revisions"}],"predecessor-version":[{"id":131,"href":"https:\/\/santacasasls.com.br\/site\/wp-json\/wp\/v2\/pages\/130\/revisions\/131"}],"wp:attachment":[{"href":"https:\/\/santacasasls.com.br\/site\/wp-json\/wp\/v2\/media?parent=130"}],"curies":[{"name":"wp","href":"https:\/\/api.w.org\/{rel}","templated":true}]}}