{"id":128,"date":"2022-07-25T13:43:07","date_gmt":"2022-07-25T16:43:07","guid":{"rendered":"https:\/\/santacasasls.com.br\/site\/\/?page_id=128"},"modified":"2022-09-27T12:43:05","modified_gmt":"2022-09-27T15:43:05","slug":"cremers","status":"publish","type":"page","link":"https:\/\/santacasasls.com.br\/site\/cremers\/","title":{"rendered":"CREMERS"},"content":{"rendered":"<div class=\"wp-block-image\">\n<figure class=\"aligncenter size-full\"><img decoding=\"async\" width=\"318\" height=\"72\" src=\"https:\/\/santacasasls.com.br\/site\/wp-content\/uploads\/2022\/09\/cremers.png\" alt=\"\" class=\"wp-image-449\" srcset=\"https:\/\/santacasasls.com.br\/site\/wp-content\/uploads\/2022\/09\/cremers.png 318w, https:\/\/santacasasls.com.br\/site\/wp-content\/uploads\/2022\/09\/cremers-300x68.png 300w\" sizes=\"(max-width: 318px) 100vw, 318px\" \/><\/figure><\/div>\n\n\n<p>O Certificado de Regularidade de Inscri\u00e7\u00e3o de Pessoa Jur\u00eddica do CRM\/RS \u00e9 um documento que estabelece a regularidade de funcionamento das empresas, institui\u00e7\u00f5es ou entidades de sa\u00fade, com validade anual e vencimento de acordo com a data de inscri\u00e7\u00e3o do estabelecimento.<\/p>\n\n\n\n<p>A Santa Casa de Miseric\u00f3rdia mant\u00e9m seu Certificado junto ao Conselho Regional de Medicina do Rio Grande do Sul, como prestadora de servi\u00e7os de sa\u00fade de acordo com a legisla\u00e7\u00e3o e normatiza\u00e7\u00e3o vigente desde 1985. <a><\/a><\/p>\n","protected":false},"excerpt":{"rendered":"<p>O Certificado de Regularidade de Inscri\u00e7\u00e3o de Pessoa Jur\u00eddica do CRM\/RS \u00e9 um documento que estabelece a regularidade de funcionamento das empresas, institui\u00e7\u00f5es ou entidades de sa\u00fade, com validade anual e vencimento de acordo com a data de inscri\u00e7\u00e3o do estabelecimento. A Santa Casa de Miseric\u00f3rdia mant\u00e9m seu Certificado junto ao Conselho Regional de Medicina [&hellip;]<\/p>\n","protected":false},"author":1,"featured_media":0,"parent":0,"menu_order":0,"comment_status":"closed","ping_status":"closed","template":"","meta":{"_acf_changed":false,"footnotes":""},"class_list":["post-128","page","type-page","status-publish","hentry"],"acf":[],"_links":{"self":[{"href":"https:\/\/santacasasls.com.br\/site\/wp-json\/wp\/v2\/pages\/128","targetHints":{"allow":["GET"]}}],"collection":[{"href":"https:\/\/santacasasls.com.br\/site\/wp-json\/wp\/v2\/pages"}],"about":[{"href":"https:\/\/santacasasls.com.br\/site\/wp-json\/wp\/v2\/types\/page"}],"author":[{"embeddable":true,"href":"https:\/\/santacasasls.com.br\/site\/wp-json\/wp\/v2\/users\/1"}],"replies":[{"embeddable":true,"href":"https:\/\/santacasasls.com.br\/site\/wp-json\/wp\/v2\/comments?post=128"}],"version-history":[{"count":2,"href":"https:\/\/santacasasls.com.br\/site\/wp-json\/wp\/v2\/pages\/128\/revisions"}],"predecessor-version":[{"id":450,"href":"https:\/\/santacasasls.com.br\/site\/wp-json\/wp\/v2\/pages\/128\/revisions\/450"}],"wp:attachment":[{"href":"https:\/\/santacasasls.com.br\/site\/wp-json\/wp\/v2\/media?parent=128"}],"curies":[{"name":"wp","href":"https:\/\/api.w.org\/{rel}","templated":true}]}}