{"id":126,"date":"2022-07-25T13:42:26","date_gmt":"2022-07-25T16:42:26","guid":{"rendered":"https:\/\/santacasasls.com.br\/site\/\/?page_id=126"},"modified":"2022-09-27T12:41:02","modified_gmt":"2022-09-27T15:41:02","slug":"cebas","status":"publish","type":"page","link":"https:\/\/santacasasls.com.br\/site\/cebas\/","title":{"rendered":"CEBAS"},"content":{"rendered":"<div class=\"wp-block-image\">\n<figure class=\"aligncenter size-full\"><img decoding=\"async\" width=\"115\" height=\"114\" src=\"https:\/\/santacasasls.com.br\/site\/wp-content\/uploads\/2022\/09\/cebas.png\" alt=\"\" class=\"wp-image-447\"\/><\/figure><\/div>\n\n\n<p>A Santa Casa de Miseric\u00f3rdia de S\u00e3o Louren\u00e7o do Sul\/RS possui o Certificado de Entidade Beneficente de Assist\u00eancia Social (CEBAS) desde o ano de 1971, nos moldes em que ele \u00e9 at\u00e9 hoje, por\u00e9m desde 1954 j\u00e1 est\u00e1vamos registrados junto ao Conselho Nacional de Assist\u00eancia Sociale prest\u00e1vamos servi\u00e7os voltados aos cuidados e promo\u00e7\u00e3o da sa\u00fade da popula\u00e7\u00e3o mais carente.<\/p>\n\n\n\n<p>O CEBAS\u2013Sa\u00fade \u00e9 um certificado concedido pelo Governo Federal, atrav\u00e9s do Minist\u00e9rio da Sa\u00fade, para pessoas jur\u00eddicas de direito privado, sem fins lucrativos, reconhecidas como entidades beneficentes de assist\u00eancia social, que prestam servi\u00e7os nas \u00e1reas de educa\u00e7\u00e3o, assist\u00eancia social ou sa\u00fade.<\/p>\n\n\n\n<p>Esta certifica\u00e7\u00e3o apresenta-se como uma importante ferramenta para fortalecer a gest\u00e3o do SUS, promover a adequa\u00e7\u00e3o, a expans\u00e3o e a potencializa\u00e7\u00e3o dos servi\u00e7os de sa\u00fade. Possibilita, ainda, a isen\u00e7\u00e3o das contribui\u00e7\u00f5es sociais, em conformidade com a Lei n\u00ba 8.212, de 24 de julho de 1991, e a celebra\u00e7\u00e3o de conv\u00eanios das entidades beneficentes com o poder p\u00fablico, entre outros benef\u00edcios.<a><\/a><\/p>\n","protected":false},"excerpt":{"rendered":"<p>A Santa Casa de Miseric\u00f3rdia de S\u00e3o Louren\u00e7o do Sul\/RS possui o Certificado de Entidade Beneficente de Assist\u00eancia Social (CEBAS) desde o ano de 1971, nos moldes em que ele \u00e9 at\u00e9 hoje, por\u00e9m desde 1954 j\u00e1 est\u00e1vamos registrados junto ao Conselho Nacional de Assist\u00eancia Sociale prest\u00e1vamos servi\u00e7os voltados aos cuidados e promo\u00e7\u00e3o da sa\u00fade [&hellip;]<\/p>\n","protected":false},"author":1,"featured_media":0,"parent":0,"menu_order":0,"comment_status":"closed","ping_status":"closed","template":"","meta":{"_acf_changed":false,"footnotes":""},"class_list":["post-126","page","type-page","status-publish","hentry"],"acf":[],"_links":{"self":[{"href":"https:\/\/santacasasls.com.br\/site\/wp-json\/wp\/v2\/pages\/126","targetHints":{"allow":["GET"]}}],"collection":[{"href":"https:\/\/santacasasls.com.br\/site\/wp-json\/wp\/v2\/pages"}],"about":[{"href":"https:\/\/santacasasls.com.br\/site\/wp-json\/wp\/v2\/types\/page"}],"author":[{"embeddable":true,"href":"https:\/\/santacasasls.com.br\/site\/wp-json\/wp\/v2\/users\/1"}],"replies":[{"embeddable":true,"href":"https:\/\/santacasasls.com.br\/site\/wp-json\/wp\/v2\/comments?post=126"}],"version-history":[{"count":3,"href":"https:\/\/santacasasls.com.br\/site\/wp-json\/wp\/v2\/pages\/126\/revisions"}],"predecessor-version":[{"id":448,"href":"https:\/\/santacasasls.com.br\/site\/wp-json\/wp\/v2\/pages\/126\/revisions\/448"}],"wp:attachment":[{"href":"https:\/\/santacasasls.com.br\/site\/wp-json\/wp\/v2\/media?parent=126"}],"curies":[{"name":"wp","href":"https:\/\/api.w.org\/{rel}","templated":true}]}}