{"id":119,"date":"2022-07-25T13:37:09","date_gmt":"2022-07-25T16:37:09","guid":{"rendered":"https:\/\/santacasasls.com.br\/site\/\/?page_id=119"},"modified":"2022-08-24T10:56:12","modified_gmt":"2022-08-24T13:56:12","slug":"a-maternidade","status":"publish","type":"page","link":"https:\/\/santacasasls.com.br\/site\/a-maternidade\/","title":{"rendered":"A Maternidade"},"content":{"rendered":"<div class=\"wp-block-image\">\n<figure class=\"aligncenter size-large\"><a href=\"https:\/\/santacasasls.com.br\/site\/wp-content\/uploads\/2022\/08\/Maternidade-scaled.jpg\"><img fetchpriority=\"high\" decoding=\"async\" width=\"1024\" height=\"685\" src=\"https:\/\/santacasasls.com.br\/site\/wp-content\/uploads\/2022\/08\/Maternidade-1024x685.jpg\" alt=\"\" class=\"wp-image-274\" srcset=\"https:\/\/santacasasls.com.br\/site\/wp-content\/uploads\/2022\/08\/Maternidade-1024x685.jpg 1024w, https:\/\/santacasasls.com.br\/site\/wp-content\/uploads\/2022\/08\/Maternidade-300x201.jpg 300w, https:\/\/santacasasls.com.br\/site\/wp-content\/uploads\/2022\/08\/Maternidade-768x513.jpg 768w, https:\/\/santacasasls.com.br\/site\/wp-content\/uploads\/2022\/08\/Maternidade-1536x1027.jpg 1536w, https:\/\/santacasasls.com.br\/site\/wp-content\/uploads\/2022\/08\/Maternidade-2048x1369.jpg 2048w\" sizes=\"(max-width: 1024px) 100vw, 1024px\" \/><\/a><\/figure><\/div>\n\n\n<p>Unidade assistencial composta por equipe multidisciplinar com especializa\u00e7\u00e3o e experi\u00eancia no cuidado materno-infantil. A unidade est\u00e1 preparada para receber gestantes em interna\u00e7\u00f5es para tratamento de intercorr\u00eancias cl\u00ednicas da gesta\u00e7\u00e3o e tamb\u00e9m para o momento do nascimento do beb\u00ea, assim como toda a assist\u00eancia ao rec\u00e9m-nascido.<\/p>\n\n\n\n<p>Servi\u00e7o que sustenta o t\u00edtulo de Hospital Amigo da Crian\u00e7a devido ao incentivo ao aleitamento materno. A\u00e7\u00f5es de promo\u00e7\u00e3o \u00e0 amamenta\u00e7\u00e3o se iniciam ainda na gesta\u00e7\u00e3o atrav\u00e9s do grupo ACONCHEGO quando grupos de gestantes recebem orienta\u00e7\u00f5es sobre aleitamento materno, cuidado amigo da mulher e seus direitos durante a interna\u00e7\u00e3o hospitalar e os cuidados dos primeiros dias de vida do rec\u00e9m-nascido. Durante a interna\u00e7\u00e3o a equipe multidisciplinar do SIAMA realiza orienta\u00e7\u00f5es, avalia\u00e7\u00f5es e apoio a amamenta\u00e7\u00e3o com objetivo do bin\u00f4mio m\u00e3e\/beb\u00ea estarem preparados para seguir com o aleitamento materno em livre demanda em domic\u00edlio. Esse servi\u00e7o tamb\u00e9m est\u00e1 previsto caso as dificuldades com a amamenta\u00e7\u00e3o persistir dias ap\u00f3s o nascimento, a equipe do SIAMA estar\u00e1 dispon\u00edvel no hospital 24hr\/dia 7dias\/semana para orientar, apoiar e avaliar a amamenta\u00e7\u00e3o.<\/p>\n\n\n\n<p>&nbsp;Servi\u00e7o de relevante impacto da sa\u00fade da popula\u00e7\u00e3o visto a import\u00e2ncia e os benef\u00edcios do aleitamento materno para a sa\u00fade da popula\u00e7\u00e3o.<\/p>\n","protected":false},"excerpt":{"rendered":"<p>Unidade assistencial composta por equipe multidisciplinar com especializa\u00e7\u00e3o e experi\u00eancia no cuidado materno-infantil. A unidade est\u00e1 preparada para receber gestantes em interna\u00e7\u00f5es para tratamento de intercorr\u00eancias cl\u00ednicas da gesta\u00e7\u00e3o e tamb\u00e9m para o momento do nascimento do beb\u00ea, assim como toda a assist\u00eancia ao rec\u00e9m-nascido. Servi\u00e7o que sustenta o t\u00edtulo de Hospital Amigo da Crian\u00e7a [&hellip;]<\/p>\n","protected":false},"author":1,"featured_media":0,"parent":0,"menu_order":0,"comment_status":"closed","ping_status":"closed","template":"","meta":{"_acf_changed":false,"footnotes":""},"class_list":["post-119","page","type-page","status-publish","hentry"],"acf":[],"_links":{"self":[{"href":"https:\/\/santacasasls.com.br\/site\/wp-json\/wp\/v2\/pages\/119","targetHints":{"allow":["GET"]}}],"collection":[{"href":"https:\/\/santacasasls.com.br\/site\/wp-json\/wp\/v2\/pages"}],"about":[{"href":"https:\/\/santacasasls.com.br\/site\/wp-json\/wp\/v2\/types\/page"}],"author":[{"embeddable":true,"href":"https:\/\/santacasasls.com.br\/site\/wp-json\/wp\/v2\/users\/1"}],"replies":[{"embeddable":true,"href":"https:\/\/santacasasls.com.br\/site\/wp-json\/wp\/v2\/comments?post=119"}],"version-history":[{"count":4,"href":"https:\/\/santacasasls.com.br\/site\/wp-json\/wp\/v2\/pages\/119\/revisions"}],"predecessor-version":[{"id":337,"href":"https:\/\/santacasasls.com.br\/site\/wp-json\/wp\/v2\/pages\/119\/revisions\/337"}],"wp:attachment":[{"href":"https:\/\/santacasasls.com.br\/site\/wp-json\/wp\/v2\/media?parent=119"}],"curies":[{"name":"wp","href":"https:\/\/api.w.org\/{rel}","templated":true}]}}