{"id":117,"date":"2022-07-25T13:36:38","date_gmt":"2022-07-25T16:36:38","guid":{"rendered":"https:\/\/santacasasls.com.br\/site\/\/?page_id=117"},"modified":"2022-09-09T10:46:45","modified_gmt":"2022-09-09T13:46:45","slug":"siama","status":"publish","type":"page","link":"https:\/\/santacasasls.com.br\/site\/siama\/","title":{"rendered":"SIAMA"},"content":{"rendered":"<div class=\"wp-block-image\">\n<figure class=\"aligncenter size-full\"><img fetchpriority=\"high\" decoding=\"async\" width=\"216\" height=\"238\" src=\"https:\/\/santacasasls.com.br\/site\/wp-content\/uploads\/2022\/09\/image.png\" alt=\"\" class=\"wp-image-395\"\/><\/figure><\/div>\n\n\n<p>A IHAC (Iniciativa Hospital Amigo da Crian\u00e7a) \u00e9 um selo de qualidade conferido pelo Minist\u00e9rio da Sa\u00fade (MS) desde 1992 aos hospitais. Atualmente eles devem cumpriros\u00a0Dez Passos para o Sucesso do Aleitamento Materno, o Cuidado Amigo da Mulher e tamb\u00e9m a Norma Brasileira de Comercializa\u00e7\u00e3o de Alimentos para Lactentes e Crian\u00e7as na Primeira Inf\u00e2ncia\u00a0(NBCAL), crit\u00e9rios estes institu\u00eddos pelo Fundo das Na\u00e7\u00f5es Unidas para a Inf\u00e2ncia (Unicef) e pela\u00a0Organiza\u00e7\u00e3o Mundial de Sa\u00fade\u00a0(OMS), visando a adequada aten\u00e7\u00e3o \u00e0 sa\u00fade da crian\u00e7a e da mulher.<\/p>\n\n\n\n<p>Segundo o MS, beb\u00eas que nascem em Hospital Amigo da Crian\u00e7a t\u00eam menos chance de sofrer interven\u00e7\u00f5es desnecess\u00e1rias logo ap\u00f3s o parto, como aspira\u00e7\u00e3o das vias a\u00e9reas, uso de oxig\u00eanio inalat\u00f3rio e uso de incubadora. O contato pele a pele com a m\u00e3e logo ap\u00f3s o nascimento, a amamenta\u00e7\u00e3o na primeira hora de vida, ainda na sala de parto, e o alojamento conjunto tamb\u00e9m ocorre com mais frequ\u00eancia em Hospitais Amigos da Crian\u00e7a do que em maternidades que n\u00e3o t\u00eam o t\u00edtulo.<\/p>\n\n\n\n<p>Nascer em Hospital Amigo da Crian\u00e7a tamb\u00e9m faz diferen\u00e7a nos indicadores de aleitamento materno. A dura\u00e7\u00e3o m\u00e9dia do aleitamento materno exclusivo (oferta apenas de leite materno para a crian\u00e7a at\u00e9 o 6\u00ba m\u00eas de vida) em crian\u00e7as que nasceram nesses hospitais foi de 60,2 dias, contra 48,1 dias em crian\u00e7as que n\u00e3o nasceram em Hospital Amigo da Crian\u00e7a. Essa mesma pesquisa revelou ainda que nascer em hospitais com o t\u00edtulo aumenta em 9% a chance de o rec\u00e9m-nascido ser amamentado na primeira hora de vida (MINIST\u00c9RIO DA SA\u00daDE).<\/p>\n\n\n\n<p>Atualmente, um em cada quatro nascimentos no pa\u00eds ocorre em Hospitais Amigos da Crian\u00e7a, uma m\u00e9dia de 725 mil por ano (MINIST\u00c9RIO DA SA\u00daDE).<\/p>\n\n\n\n<p>Ent\u00e3o, no ano de 2003, o Hospital Santa Casa de Miseric\u00f3rdia de S\u00e3o Louren\u00e7o do Sul recebeu o t\u00edtulo de Hospital Amigo da Crian\u00e7a, ao fazer cumprir os Dez Passos para o Sucesso do Aleitamento Materno, \u00fanicocrit\u00e9rio naquele ano. Para manuten\u00e7\u00e3o do t\u00edtulo, todos os HAC passam por uma auto avalia\u00e7\u00e3o anual e reavalia\u00e7\u00e3o a cada tr\u00eas anos pelo MS.<\/p>\n\n\n\n<p>O hospital sempre se preocupou com o aleitamento materno, e ainda em 1997 criou o SIAMA &#8211; Servi\u00e7o de Informa\u00e7\u00e3o e Incentivo \u00e0 Amamenta\u00e7\u00e3o, com o objetivode aumentar os \u00edndices de aleitamento materno no munic\u00edpio. Esse servi\u00e7o \u00e9 prestado at\u00e9 hoje e conta com uma equipe multidisciplinar que realiza encontros com as gestantes, presta assist\u00eancia as pu\u00e9rperas e rec\u00e9m nascidos e est\u00e1 constantemente promovendo e incentivando o aleitamento materno.<\/p>\n","protected":false},"excerpt":{"rendered":"<p>A IHAC (Iniciativa Hospital Amigo da Crian\u00e7a) \u00e9 um selo de qualidade conferido pelo Minist\u00e9rio da Sa\u00fade (MS) desde 1992 aos hospitais. Atualmente eles devem cumpriros\u00a0Dez Passos para o Sucesso do Aleitamento Materno, o Cuidado Amigo da Mulher e tamb\u00e9m a Norma Brasileira de Comercializa\u00e7\u00e3o de Alimentos para Lactentes e Crian\u00e7as na Primeira Inf\u00e2ncia\u00a0(NBCAL), crit\u00e9rios [&hellip;]<\/p>\n","protected":false},"author":1,"featured_media":0,"parent":0,"menu_order":0,"comment_status":"closed","ping_status":"closed","template":"","meta":{"_acf_changed":false,"footnotes":""},"class_list":["post-117","page","type-page","status-publish","hentry"],"acf":[],"_links":{"self":[{"href":"https:\/\/santacasasls.com.br\/site\/wp-json\/wp\/v2\/pages\/117","targetHints":{"allow":["GET"]}}],"collection":[{"href":"https:\/\/santacasasls.com.br\/site\/wp-json\/wp\/v2\/pages"}],"about":[{"href":"https:\/\/santacasasls.com.br\/site\/wp-json\/wp\/v2\/types\/page"}],"author":[{"embeddable":true,"href":"https:\/\/santacasasls.com.br\/site\/wp-json\/wp\/v2\/users\/1"}],"replies":[{"embeddable":true,"href":"https:\/\/santacasasls.com.br\/site\/wp-json\/wp\/v2\/comments?post=117"}],"version-history":[{"count":2,"href":"https:\/\/santacasasls.com.br\/site\/wp-json\/wp\/v2\/pages\/117\/revisions"}],"predecessor-version":[{"id":396,"href":"https:\/\/santacasasls.com.br\/site\/wp-json\/wp\/v2\/pages\/117\/revisions\/396"}],"wp:attachment":[{"href":"https:\/\/santacasasls.com.br\/site\/wp-json\/wp\/v2\/media?parent=117"}],"curies":[{"name":"wp","href":"https:\/\/api.w.org\/{rel}","templated":true}]}}