{"id":105,"date":"2022-07-25T13:26:07","date_gmt":"2022-07-25T16:26:07","guid":{"rendered":"https:\/\/santacasasls.com.br\/site\/\/?page_id=105"},"modified":"2022-07-25T13:26:07","modified_gmt":"2022-07-25T16:26:07","slug":"fisioterapia-do-trabalho","status":"publish","type":"page","link":"https:\/\/santacasasls.com.br\/site\/fisioterapia-do-trabalho\/","title":{"rendered":"Fisioterapia do Trabalho"},"content":{"rendered":"\n<p>A Fisioterapia do Trabalho tem foco na aten\u00e7\u00e3o, tratamento e preven\u00e7\u00e3o de doen\u00e7as que se relacionam com as atividades laborais realizadas no hospital. Essa \u00e1rea desenvolve a recupera\u00e7\u00e3o e a manuten\u00e7\u00e3o da sa\u00fade do colaborador, tal como, a promo\u00e7\u00e3o da seguran\u00e7a no ambiente de trabalho.<\/p>\n","protected":false},"excerpt":{"rendered":"<p>A Fisioterapia do Trabalho tem foco na aten\u00e7\u00e3o, tratamento e preven\u00e7\u00e3o de doen\u00e7as que se relacionam com as atividades laborais realizadas no hospital. Essa \u00e1rea desenvolve a recupera\u00e7\u00e3o e a manuten\u00e7\u00e3o da sa\u00fade do colaborador, tal como, a promo\u00e7\u00e3o da seguran\u00e7a no ambiente de trabalho.<\/p>\n","protected":false},"author":1,"featured_media":0,"parent":0,"menu_order":0,"comment_status":"closed","ping_status":"closed","template":"","meta":{"_acf_changed":false,"footnotes":""},"class_list":["post-105","page","type-page","status-publish","hentry"],"acf":[],"_links":{"self":[{"href":"https:\/\/santacasasls.com.br\/site\/wp-json\/wp\/v2\/pages\/105","targetHints":{"allow":["GET"]}}],"collection":[{"href":"https:\/\/santacasasls.com.br\/site\/wp-json\/wp\/v2\/pages"}],"about":[{"href":"https:\/\/santacasasls.com.br\/site\/wp-json\/wp\/v2\/types\/page"}],"author":[{"embeddable":true,"href":"https:\/\/santacasasls.com.br\/site\/wp-json\/wp\/v2\/users\/1"}],"replies":[{"embeddable":true,"href":"https:\/\/santacasasls.com.br\/site\/wp-json\/wp\/v2\/comments?post=105"}],"version-history":[{"count":1,"href":"https:\/\/santacasasls.com.br\/site\/wp-json\/wp\/v2\/pages\/105\/revisions"}],"predecessor-version":[{"id":106,"href":"https:\/\/santacasasls.com.br\/site\/wp-json\/wp\/v2\/pages\/105\/revisions\/106"}],"wp:attachment":[{"href":"https:\/\/santacasasls.com.br\/site\/wp-json\/wp\/v2\/media?parent=105"}],"curies":[{"name":"wp","href":"https:\/\/api.w.org\/{rel}","templated":true}]}}