{"id":103,"date":"2022-07-25T13:24:47","date_gmt":"2022-07-25T16:24:47","guid":{"rendered":"https:\/\/santacasasls.com.br\/site\/\/?page_id=103"},"modified":"2022-08-24T10:42:40","modified_gmt":"2022-08-24T13:42:40","slug":"farmacia-interna-hospitalar","status":"publish","type":"page","link":"https:\/\/santacasasls.com.br\/site\/farmacia-interna-hospitalar\/","title":{"rendered":"Farm\u00e1cia Interna Hospitalar"},"content":{"rendered":"<div class=\"wp-block-image\">\n<figure class=\"aligncenter size-large\"><a href=\"https:\/\/santacasasls.com.br\/site\/wp-content\/uploads\/2022\/08\/Farmacia-Hospitalar-1-scaled.jpg\"><img fetchpriority=\"high\" decoding=\"async\" width=\"1024\" height=\"685\" src=\"https:\/\/santacasasls.com.br\/site\/wp-content\/uploads\/2022\/08\/Farmacia-Hospitalar-1-1024x685.jpg\" alt=\"\" class=\"wp-image-312\" srcset=\"https:\/\/santacasasls.com.br\/site\/wp-content\/uploads\/2022\/08\/Farmacia-Hospitalar-1-1024x685.jpg 1024w, https:\/\/santacasasls.com.br\/site\/wp-content\/uploads\/2022\/08\/Farmacia-Hospitalar-1-300x201.jpg 300w, https:\/\/santacasasls.com.br\/site\/wp-content\/uploads\/2022\/08\/Farmacia-Hospitalar-1-768x513.jpg 768w, https:\/\/santacasasls.com.br\/site\/wp-content\/uploads\/2022\/08\/Farmacia-Hospitalar-1-1536x1027.jpg 1536w, https:\/\/santacasasls.com.br\/site\/wp-content\/uploads\/2022\/08\/Farmacia-Hospitalar-1-2048x1369.jpg 2048w\" sizes=\"(max-width: 1024px) 100vw, 1024px\" \/><\/a><\/figure><\/div>\n\n\n<p>\u00c9 a unidade respons\u00e1vel pelo gerenciamento de medicamentos e insumos hospitalares, com o objetivo de garantir que o tratamento farmacol\u00f3gico dado ao paciente seja correto, seguro e eficaz.<\/p>\n\n\n\n<p>O servi\u00e7o de Farm\u00e1cia Hospitalar da Santa Casa Miseric\u00f3rdia de S\u00e3o Louren\u00e7o do Sul possui uma Farm\u00e1cia Central, respons\u00e1vel pelo armazenamento, controle e distribui\u00e7\u00e3o de medicamentos para as de<a><\/a>mais alas, orientando o seu uso.<\/p>\n\n\n\n<p>Contamos com uma equipe de atendentes e comprofissionais Farmac\u00eauticos que prestam suporte t\u00e9cnico \u00e0s equipes de sa\u00fade, como m\u00e9dicos, enfermeiros, t\u00e9cnicos em enfermagem, entre outros, fornecendo aten\u00e7\u00e3o farmac\u00eautica e orienta\u00e7\u00f5es sobremedicamentos, a fim de garantir que o paciente receber\u00e1 a medica\u00e7\u00e3o adequada, na posologia certa e no tempo correto de uso, proporcionando uma melhor qualidade de vida e maior efic\u00e1cia no tratamento.<\/p>\n\n\n\n<p>A dispensa\u00e7\u00e3o de medicamentos \u00e9 feita de forma individualizada e unit\u00e1ria, prezando sempre a seguran\u00e7a do paciente.<\/p>\n\n\n\n<p>A nossa Farm\u00e1cia Hospitalar contribui para a melhoria da qualidade dos servi\u00e7os prestados aos pacientes, da capacita\u00e7\u00e3o de seus profissionais, da integra\u00e7\u00e3o com a equipe multiprofissional e da promo\u00e7\u00e3o do uso racional e seguro de medicamentos.<\/p>\n","protected":false},"excerpt":{"rendered":"<p>\u00c9 a unidade respons\u00e1vel pelo gerenciamento de medicamentos e insumos hospitalares, com o objetivo de garantir que o tratamento farmacol\u00f3gico dado ao paciente seja correto, seguro e eficaz. O servi\u00e7o de Farm\u00e1cia Hospitalar da Santa Casa Miseric\u00f3rdia de S\u00e3o Louren\u00e7o do Sul possui uma Farm\u00e1cia Central, respons\u00e1vel pelo armazenamento, controle e distribui\u00e7\u00e3o de medicamentos para [&hellip;]<\/p>\n","protected":false},"author":1,"featured_media":0,"parent":0,"menu_order":0,"comment_status":"closed","ping_status":"closed","template":"","meta":{"_acf_changed":false,"footnotes":""},"class_list":["post-103","page","type-page","status-publish","hentry"],"acf":[],"_links":{"self":[{"href":"https:\/\/santacasasls.com.br\/site\/wp-json\/wp\/v2\/pages\/103","targetHints":{"allow":["GET"]}}],"collection":[{"href":"https:\/\/santacasasls.com.br\/site\/wp-json\/wp\/v2\/pages"}],"about":[{"href":"https:\/\/santacasasls.com.br\/site\/wp-json\/wp\/v2\/types\/page"}],"author":[{"embeddable":true,"href":"https:\/\/santacasasls.com.br\/site\/wp-json\/wp\/v2\/users\/1"}],"replies":[{"embeddable":true,"href":"https:\/\/santacasasls.com.br\/site\/wp-json\/wp\/v2\/comments?post=103"}],"version-history":[{"count":3,"href":"https:\/\/santacasasls.com.br\/site\/wp-json\/wp\/v2\/pages\/103\/revisions"}],"predecessor-version":[{"id":329,"href":"https:\/\/santacasasls.com.br\/site\/wp-json\/wp\/v2\/pages\/103\/revisions\/329"}],"wp:attachment":[{"href":"https:\/\/santacasasls.com.br\/site\/wp-json\/wp\/v2\/media?parent=103"}],"curies":[{"name":"wp","href":"https:\/\/api.w.org\/{rel}","templated":true}]}}